{"id":522,"date":"2013-08-11T19:06:15","date_gmt":"2013-08-11T17:06:15","guid":{"rendered":"http:\/\/localhost:8888\/test\/?page_id=520"},"modified":"2018-11-30T16:54:32","modified_gmt":"2018-11-30T15:54:32","slug":"polideas","status":"publish","type":"page","link":"http:\/\/www.polideas.it\/de\/polideas\/","title":{"rendered":"Polideas"},"content":{"rendered":"<div class=\"container section-title-container\" style=\"margin-top:40px;\"><h3 class=\"section-title section-title-center\"><b aria-hidden=\"true\"><\/b><span class=\"section-title-main\" style=\"font-size:120%;color:rgb(246, 96, 20);\">POLIDEAS ZU HAUSE DIE ERG\u00c4NZUNG IST IHRE WAHL<\/span><b aria-hidden=\"true\"><\/b><\/h3><\/div>\n<p class=\"lead text-center\"><span style=\"font-weight: 400;\">Mit dem <strong>Polideas Sortiment an Kn\u00f6pfen, Griffen und Erg\u00e4nzungen<\/strong> k\u00f6nnen Sie den R\u00e4umen Ihres Hauses neues Leben einhauchen und die Details erneuern, die den Unterschied ausmachen k\u00f6nnen.<\/span><span style=\"font-weight: 400;\"><br \/>\n<\/span><span style=\"font-weight: 400;\">I <strong>Polideas Erg\u00e4nzungen<\/strong> sind alle hergestellt in <strong>hochwertige Polymere<\/strong> und sind in vielen Modellen erh\u00e4ltlich, die Sie in <strong>eine breite Palette an Oberfl\u00e4chen und Farben<\/strong>. Unsere Produkte sind in der Lage, jede Anforderung zu erf\u00fcllen, denn <strong>passen sich an alle Einrichtungsstile an<\/strong> von ultra-modern bis klassisch.<\/span><span style=\"font-weight: 400;\"><br \/>\n<\/span><span style=\"font-weight: 400;\">Mit Polideas k\u00f6nnen Sie endlich Ihr Einrichtungszubeh\u00f6r ganz frei w\u00e4hlen!<\/span><\/p>\n<div class=\"container section-title-container\" style=\"margin-top:40px;\"><h3 class=\"section-title section-title-center\"><b aria-hidden=\"true\"><\/b><span class=\"section-title-main\" style=\"font-size:120%;color:rgb(246, 96, 20);\">Polideas Italienische Qualit\u00e4t zu Hause<\/span><b aria-hidden=\"true\"><\/b><\/h3><\/div>\n<div class=\"row\"  id=\"row-2018997573\">\n\n\t<div id=\"col-2136509624\" class=\"col medium-4 small-12 large-4\"  >\n\t\t\t\t<div class=\"col-inner text-left\"  >\n\t\t\t\n\t\t\t\n\t<div class=\"box has-hover   has-hover box-text-bottom\" >\n\n\t\t<div class=\"box-image\" >\n\t\t\t\t\t\t<div class=\"\" >\n\t\t\t\t<img loading=\"lazy\" decoding=\"async\" width=\"800\" height=\"800\" src=\"https:\/\/www.polideas.it\/wp-content\/uploads\/2018\/01\/Depositphotos_47594405_800x800.jpg\" class=\"attachment- size-\" alt=\"\" srcset=\"https:\/\/www.polideas.it\/wp-content\/uploads\/2018\/01\/Depositphotos_47594405_800x800.jpg 800w, https:\/\/www.polideas.it\/wp-content\/uploads\/2018\/01\/Depositphotos_47594405_800x800-400x400.jpg 400w, https:\/\/www.polideas.it\/wp-content\/uploads\/2018\/01\/Depositphotos_47594405_800x800-280x280.jpg 280w, https:\/\/www.polideas.it\/wp-content\/uploads\/2018\/01\/Depositphotos_47594405_800x800-768x768.jpg 768w, https:\/\/www.polideas.it\/wp-content\/uploads\/2018\/01\/Depositphotos_47594405_800x800-247x247.jpg 247w, https:\/\/www.polideas.it\/wp-content\/uploads\/2018\/01\/Depositphotos_47594405_800x800-510x510.jpg 510w, https:\/\/www.polideas.it\/wp-content\/uploads\/2018\/01\/Depositphotos_47594405_800x800-100x100.jpg 100w\" sizes=\"auto, (max-width: 800px) 100vw, 800px\" \/>\t\t\t\t\t\t\t\t\t\t\t<\/div>\n\t\t\t\t\t<\/div>\n\n\t\t<div class=\"box-text text-center\" >\n\t\t\t<div class=\"box-text-inner\">\n\t\t\t\t\n<h2 style=\"text-align: left;\">Italienisches Design<\/h2>\n<p style=\"text-align: left;\"><span style=\"font-weight: 400;\">Die angebotenen Modelle wurden in voller Harmonie mit den Trends der Innenarchitektur von <strong>Italienische Designer<\/strong> die sich auf das Design und die Produktion von Einrichtungsaccessoires spezialisiert hat. Jedes Polideas-Produkt wird vollst\u00e4ndig in Italien entworfen und hergestellt, in der Fabrik in Ormelle, Treviso.<\/span><\/p>\n\t\t\t<\/div>\n\t\t<\/div>\n\t<\/div>\n\t\n\t\t<\/div>\n\t\t\t\t\t<\/div>\n\n\t\n\n\t<div id=\"col-476761948\" class=\"col medium-4 small-12 large-4\"  >\n\t\t\t\t<div class=\"col-inner\"  >\n\t\t\t\n\t\t\t\n\t<div class=\"box has-hover   has-hover box-text-bottom\" >\n\n\t\t<div class=\"box-image\" >\n\t\t\t\t\t\t<div class=\"\" >\n\t\t\t\t<img loading=\"lazy\" decoding=\"async\" width=\"800\" height=\"800\" src=\"https:\/\/www.polideas.it\/wp-content\/uploads\/2018\/11\/resistenza-polideas.jpg\" class=\"attachment- size-\" alt=\"\" srcset=\"https:\/\/www.polideas.it\/wp-content\/uploads\/2018\/11\/resistenza-polideas.jpg 800w, https:\/\/www.polideas.it\/wp-content\/uploads\/2018\/11\/resistenza-polideas-400x400.jpg 400w, https:\/\/www.polideas.it\/wp-content\/uploads\/2018\/11\/resistenza-polideas-280x280.jpg 280w, https:\/\/www.polideas.it\/wp-content\/uploads\/2018\/11\/resistenza-polideas-768x768.jpg 768w, https:\/\/www.polideas.it\/wp-content\/uploads\/2018\/11\/resistenza-polideas-247x247.jpg 247w, https:\/\/www.polideas.it\/wp-content\/uploads\/2018\/11\/resistenza-polideas-510x510.jpg 510w, https:\/\/www.polideas.it\/wp-content\/uploads\/2018\/11\/resistenza-polideas-100x100.jpg 100w\" sizes=\"auto, (max-width: 800px) 100vw, 800px\" \/>\t\t\t\t\t\t\t\t\t\t\t<\/div>\n\t\t\t\t\t<\/div>\n\n\t\t<div class=\"box-text text-center\" >\n\t\t\t<div class=\"box-text-inner\">\n\t\t\t\t\n<h2 style=\"text-align: left;\">Robustheit und Langlebigkeit<\/h2>\n<p style=\"text-align: left;\"><span style=\"font-weight: 400;\">Sch\u00f6nheit, aber auch Substanz. <\/span><\/p>\n<p style=\"text-align: left;\"><span style=\"font-weight: 400;\">Polideas Artikel werden produziert mit <strong>Hochwertige Rohstoffe<\/strong>, vollst\u00e4ndig <strong>Zertifikat<\/strong>die ihm St\u00e4rke und Robustheit verleihen, um eine <strong>hohe Lebensdauer<\/strong>.<\/span><\/p>\n\t\t\t<\/div>\n\t\t<\/div>\n\t<\/div>\n\t\n\t\t<\/div>\n\t\t\t\t\t<\/div>\n\n\t\n\n\t<div id=\"col-64920099\" class=\"col medium-4 small-12 large-4\"  >\n\t\t\t\t<div class=\"col-inner\"  >\n\t\t\t\n\t\t\t\n\t<div class=\"box has-hover   has-hover box-text-bottom\" >\n\n\t\t<div class=\"box-image\" >\n\t\t\t\t\t\t<div class=\"\" >\n\t\t\t\t<img loading=\"lazy\" decoding=\"async\" width=\"800\" height=\"800\" src=\"https:\/\/www.polideas.it\/wp-content\/uploads\/2018\/01\/sicurezza-1.jpg\" class=\"attachment- size-\" alt=\"\" srcset=\"https:\/\/www.polideas.it\/wp-content\/uploads\/2018\/01\/sicurezza-1.jpg 800w, https:\/\/www.polideas.it\/wp-content\/uploads\/2018\/01\/sicurezza-1-400x400.jpg 400w, https:\/\/www.polideas.it\/wp-content\/uploads\/2018\/01\/sicurezza-1-280x280.jpg 280w, https:\/\/www.polideas.it\/wp-content\/uploads\/2018\/01\/sicurezza-1-768x768.jpg 768w, https:\/\/www.polideas.it\/wp-content\/uploads\/2018\/01\/sicurezza-1-247x247.jpg 247w, https:\/\/www.polideas.it\/wp-content\/uploads\/2018\/01\/sicurezza-1-510x510.jpg 510w, https:\/\/www.polideas.it\/wp-content\/uploads\/2018\/01\/sicurezza-1-100x100.jpg 100w\" sizes=\"auto, (max-width: 800px) 100vw, 800px\" \/>\t\t\t\t\t\t\t\t\t\t\t<\/div>\n\t\t\t\t\t<\/div>\n\n\t\t<div class=\"box-text text-center\" >\n\t\t\t<div class=\"box-text-inner\">\n\t\t\t\t\n<h2 style=\"text-align: left;\">Sicherheit im Haus<\/h2>\n<p style=\"text-align: left;\"><span style=\"font-weight: 400;\">Polideas Griffe, Kn\u00f6pfe und Knaufe sind aus <strong>v\u00f6llig ungiftige Materialien und Beschichtungen<\/strong> f\u00fcr die <strong>maximale Sicherheit<\/strong> im Haus von Ihnen und Ihren Lieben. <\/span><\/p>\n<p style=\"text-align: left;\"><span style=\"font-weight: 400;\">Jedes Produkt respektiert die <strong>Europ\u00e4ische Vorschriften <a href=\"https:\/\/echa.europa.eu\/it\/regulations\/reach\/understanding-reach\" target=\"_blank\" rel=\"noopener\">REACH<\/a><\/strong>entwickelt, um Ihr Schutzniveau zu maximieren.<\/span><\/p>\n\t\t\t<\/div>\n\t\t<\/div>\n\t<\/div>\n\t\n\t\t<\/div>\n\t\t\t\t\t<\/div>\n\n\t\n<\/div>\n\n\t<section class=\"section\" id=\"section_47650938\">\n\t\t<div class=\"section-bg fill\" >\n\t\t\t\t\t\t\t\t\t\n\t\t\t\n\n\t\t<\/div>\n\n\t\t\n\n\t\t<div class=\"section-content relative\">\n\t\t\t\n<div class=\"text-center\"><div class=\"is-divider divider clearfix\" style=\"max-width:100%;height:2px;background-color:rgb(245, 245, 245);\"><\/div><\/div>\n\t<div id=\"gap-770176678\" class=\"gap-element clearfix\" style=\"display:block; height:auto;\">\n\t\t\n<style>\n#gap-770176678 {\n  padding-top: 30px;\n}\n<\/style>\n\t<\/div>\n\t\n\n  <div class=\"banner has-hover\" id=\"banner-2134870351\">\n          <div class=\"banner-inner fill\">\n        <div class=\"banner-bg fill\" >\n                                                \n                    <\/div>\n\t\t\n        <div class=\"banner-layers container\">\n            <div class=\"fill banner-link\"><\/div>            \n   <div id=\"text-box-311132913\" class=\"text-box banner-layer x50 md-x5 lg-x5 y50 md-y50 lg-y50 res-text\">\n                                <div class=\"text-box-content text\">\n              \n              <div class=\"text-inner text-left\">\n                  \n<h2 class=\"uppercase\"><strong>INSPIRIERT SEIN<\/strong><\/h2>\n<p class=\"lead\">Entdecken Sie unsere Kreationen: die trendigen Linien des italienischen Designs.<\/p>\n<a href=\"https:\/\/www.polideas.it\/de\/entwurf\/\" class=\"button secondary is-large box-shadow-2\" style=\"border-radius:15px;\">\n\t\t<span>ENTDECKEN<\/span>\n\t<\/a>\n\n              <\/div>\n           <\/div>\n                            \n<style>\n#text-box-311132913 {\n  width: 76%;\n}\n#text-box-311132913 .text-box-content {\n  font-size: 100%;\n}\n@media (min-width:550px) {\n  #text-box-311132913 {\n    width: 40%;\n  }\n}\n<\/style>\n    <\/div>\n \n\t<div class=\"img has-hover x95 md-x95 lg-x95 y50 md-y50 lg-y50\" id=\"image_1402667549\">\n\t\t<a class=\"\" href=\"https:\/\/www.polideas.it\/de\/entwurf\/\" >\t\t\t\t\t\t<div class=\"img-inner box-shadow-2 dark\" >\n\t\t\t<img loading=\"lazy\" decoding=\"async\" width=\"800\" height=\"800\" src=\"https:\/\/www.polideas.it\/wp-content\/uploads\/2018\/08\/POLIDEAS-1024x1024_1-800x800.jpg\" class=\"attachment-large size-large\" alt=\"\" srcset=\"https:\/\/www.polideas.it\/wp-content\/uploads\/2018\/08\/POLIDEAS-1024x1024_1-800x800.jpg 800w, https:\/\/www.polideas.it\/wp-content\/uploads\/2018\/08\/POLIDEAS-1024x1024_1-400x400.jpg 400w, https:\/\/www.polideas.it\/wp-content\/uploads\/2018\/08\/POLIDEAS-1024x1024_1-280x280.jpg 280w, https:\/\/www.polideas.it\/wp-content\/uploads\/2018\/08\/POLIDEAS-1024x1024_1-768x768.jpg 768w, https:\/\/www.polideas.it\/wp-content\/uploads\/2018\/08\/POLIDEAS-1024x1024_1-247x247.jpg 247w, https:\/\/www.polideas.it\/wp-content\/uploads\/2018\/08\/POLIDEAS-1024x1024_1-510x510.jpg 510w, https:\/\/www.polideas.it\/wp-content\/uploads\/2018\/08\/POLIDEAS-1024x1024_1-100x100.jpg 100w, https:\/\/www.polideas.it\/wp-content\/uploads\/2018\/08\/POLIDEAS-1024x1024_1.jpg 1024w\" sizes=\"auto, (max-width: 800px) 100vw, 800px\" \/>\t\t\t\t\t\t\n\t\t\t\t\t<\/div>\n\t\t\t\t\t\t<\/a>\t\t\n<style>\n#image_1402667549 {\n  width: 39%;\n}\n<\/style>\n\t<\/div>\n\t\n        <\/div>\n      <\/div>\n\n            \n<style>\n#banner-2134870351 {\n  padding-top: 387px;\n  background-color: rgb(255, 255, 255);\n}\n<\/style>\n  <\/div>\n\n\n\t\t<\/div>\n\n\t\t\n<style>\n#section_47650938 {\n  padding-top: 0px;\n  padding-bottom: 0px;\n}\n<\/style>\n\t<\/section>","protected":false},"excerpt":{"rendered":"<div class=\"banner has-hover has-parallax\" id=\"banner-1913959886\">\n          <div class=\"banner-inner fill\">\n        <div class=\"banner-bg fill\" data-parallax=\"-3\" data-parallax-container=\".banner\" data-parallax-background>\n            <img width=\"1020\" height=\"337\" src=\"https:\/\/www.polideas.it\/wp-content\/uploads\/2018\/01\/header-polideas-1400x462.jpg\" class=\"bg attachment-large size-large\" alt=\"\" decoding=\"async\" loading=\"lazy\" \/>                                    \n                    <\/div>\n\t\t\n        <div class=\"banner-layers container\">\n            <div class=\"fill banner-link\"><\/div>            \n<h1 style=\"color: #fff; line-height: 150px; font-size:38px;\">POLIDEAS<\/h1>\n        <\/div>\n      <\/div>\n\n            \n<style>\n#banner-1913959886 {\n  padding-top: 150px;\n}\n<\/style>\n  <\/div>","protected":false},"author":1,"featured_media":0,"parent":0,"menu_order":0,"comment_status":"closed","ping_status":"closed","template":"","meta":{"_acf_changed":false,"footnotes":""},"class_list":["post-522","page","type-page","status-publish","hentry"],"acf":[],"_links":{"self":[{"href":"http:\/\/www.polideas.it\/de\/wp-json\/wp\/v2\/pages\/522","targetHints":{"allow":["GET"]}}],"collection":[{"href":"http:\/\/www.polideas.it\/de\/wp-json\/wp\/v2\/pages"}],"about":[{"href":"http:\/\/www.polideas.it\/de\/wp-json\/wp\/v2\/types\/page"}],"author":[{"embeddable":true,"href":"http:\/\/www.polideas.it\/de\/wp-json\/wp\/v2\/users\/1"}],"replies":[{"embeddable":true,"href":"http:\/\/www.polideas.it\/de\/wp-json\/wp\/v2\/comments?post=522"}],"version-history":[{"count":0,"href":"http:\/\/www.polideas.it\/de\/wp-json\/wp\/v2\/pages\/522\/revisions"}],"wp:attachment":[{"href":"http:\/\/www.polideas.it\/de\/wp-json\/wp\/v2\/media?parent=522"}],"curies":[{"name":"wp","href":"https:\/\/api.w.org\/{rel}","templated":true}]}}