{"id":7,"date":"2018-01-24T11:02:14","date_gmt":"2018-01-24T10:02:14","guid":{"rendered":"http:\/\/polideas.larindev.com\/cookie-policy"},"modified":"2018-01-26T16:38:46","modified_gmt":"2018-01-26T15:38:46","slug":"cookie-richtlinie","status":"publish","type":"page","link":"http:\/\/www.polideas.it\/de\/cookie-richtlinie\/","title":{"rendered":"Cookie-Richtlinie"},"content":{"rendered":"<h2>Erweiterte Cookie-Richtlinie<\/h2>\n<p>Cookies sind Codeteile, die im Browser installiert werden und dem Data Controller dabei helfen, den Dienst zu den beschriebenen Zwecken bereitzustellen. Einige der Zwecke, f\u00fcr die Cookies installiert werden, k\u00f6nnen auch die Zustimmung des Nutzers erfordern.<\/p>\n<h3>Technische Cookies und Cookies f\u00fcr aggregierte Statistiken<\/h3>\n<div>\n<h4>F\u00fcr den Betrieb unbedingt erforderliche Aktivit\u00e4ten<\/h4>\n<div>Diese Anwendung verwendet Cookies, um die Sitzung des Benutzers zu speichern und um andere Aktivit\u00e4ten durchzuf\u00fchren, die f\u00fcr den Betrieb unbedingt erforderlich sind, z.B. in Bezug auf die Verteilung des Datenverkehrs.<\/div>\n<\/div>\n<div>\n<h4>Speichern von Einstellungen, Optimierung und Statistiken<\/h4>\n<div>Diese Anwendung verwendet Cookies, um Navigationspr\u00e4ferenzen zu speichern und das Surferlebnis des Benutzers zu optimieren. Zu diesen Cookies geh\u00f6ren beispielsweise Cookies f\u00fcr die Einstellung der Sprache und der W\u00e4hrung oder f\u00fcr statistische Zwecke des Website-Betreibers.<\/div>\n<\/div>\n<h3>Andere Arten von Cookies oder Tools von Drittanbietern, die diese verwenden k\u00f6nnen<\/h3>\n<p>Einige der unten aufgef\u00fchrten Dienste erfordern m\u00f6glicherweise nicht die Zustimmung des Nutzers oder werden direkt vom Eigent\u00fcmer - je nach Beschreibung - ohne die Hilfe von Dritten verwaltet. Wenn die unten aufgef\u00fchrten Tools Dienste enthalten, die von Dritten verwaltet werden, k\u00f6nnen diese - zus\u00e4tzlich zu dem, was angegeben ist, und auch ohne das Wissen des Eigent\u00fcmers - Tracking-Aktivit\u00e4ten \u00fcber den Nutzer durchf\u00fchren. F\u00fcr detaillierte Informationen hierzu empfehlen wir Ihnen, die Datenschutzrichtlinien der aufgef\u00fchrten Dienste zu konsultieren.<\/p>\n<div>\n<div>\n<h3>Interaktion mit sozialen Netzwerken und externen Plattformen<\/h3>\n<div>\n<p>Diese Dienste erm\u00f6glichen Interaktionen mit sozialen Netzwerken oder anderen externen Plattformen direkt von den Seiten dieser Anwendung aus.<br \/>\nDie Interaktionen und Informationen, die von dieser Anwendung erfasst werden, unterliegen in jedem Fall den Datenschutzeinstellungen des Nutzers in Bezug auf das jeweilige soziale Netzwerk.<br \/>\nWenn ein Dienst f\u00fcr die Interaktion mit sozialen Netzwerken installiert ist, ist es m\u00f6glich, dass er Verkehrsdaten \u00fcber die Seiten, auf denen er installiert ist, sammelt, auch wenn die Benutzer den Dienst nicht nutzen.<\/p>\n<h4>Facebook Like-Schaltfl\u00e4che und soziale Widgets (Facebook, Inc.)<\/h4>\n<p>Die Facebook-Schaltfl\u00e4che \"Gef\u00e4llt mir\" und die sozialen Widgets sind Interaktionsdienste mit dem sozialen Netzwerk Facebook, die von der Facebook, Inc.<\/p>\n<p>Erfasste pers\u00f6nliche Daten: Cookies und Nutzungsdaten.<\/p>\n<p>Ort der Verarbeitung: USA <a href=\"http:\/\/www.facebook.com\/privacy\/explanation.php\" target=\"_blank\" rel=\"noopener\">Datenschutzbestimmungen<\/a><\/p>\n<h4>Twitter Tweet-Schaltfl\u00e4che und soziale Widgets (Twitter, Inc.)<\/h4>\n<p>Der Tweet-Button und die Twitter Social Widgets sind Dienste zur Interaktion mit dem sozialen Netzwerk Twitter, die von Twitter, Inc. bereitgestellt werden.<\/p>\n<p>Erfasste pers\u00f6nliche Daten: Cookies und Nutzungsdaten.<\/p>\n<p>Ort der Verarbeitung: USA <a href=\"http:\/\/twitter.com\/privacy\" target=\"_blank\" rel=\"noopener\">Datenschutzbestimmungen<\/a><\/p>\n<h4>+1-Schaltfl\u00e4che und soziale Widgets von Google+ (Google Inc.)<\/h4>\n<p>Die +1-Schaltfl\u00e4che und die Google+ Social Widgets sind Dienste f\u00fcr die Interaktion mit dem sozialen Netzwerk Google+, die von Google Inc. bereitgestellt werden.<\/p>\n<p>Erfasste pers\u00f6nliche Daten: Cookies und Nutzungsdaten.<\/p>\n<p>Ort der Verarbeitung: USA <a href=\"http:\/\/www.google.com\/intl\/it\/policies\/privacy\/\" target=\"_blank\" rel=\"noopener\">Datenschutzbestimmungen<\/a><\/p>\n<h4>Pinterest 'Pin it'-Schaltfl\u00e4che und soziale Widgets (Pinterest)<\/h4>\n<p>Die Pinterest-Schaltfl\u00e4che \"Pin it\" und die sozialen Widgets sind Dienste zur Interaktion mit der Pinterest-Plattform, die von der Pinterest Inc.<\/p>\n<p>Erfasste pers\u00f6nliche Daten: Cookies und Nutzungsdaten.<\/p>\n<p>Ort der Verarbeitung: USA <a href=\"http:\/\/about.pinterest.com\/privacy\/\" target=\"_blank\" rel=\"noopener\">Datenschutzbestimmungen<\/a><\/p>\n<\/div>\n<\/div>\n<h3>Statistik<\/h3>\n<\/div>\n<div>\n<div>\n<p>Die in diesem Abschnitt enthaltenen Dienste erm\u00f6glichen dem Datenverantwortlichen die \u00dcberwachung und Analyse von Verkehrsdaten und dienen dazu, das Verhalten des Nutzers zu verfolgen.<\/p>\n<h4>Google Analytics (Google Inc.)<\/h4>\n<p>Google Analytics ist ein Webanalysedienst, der von Google Inc. (\"Google\") bereitgestellt wird. Google verwendet die erfassten pers\u00f6nlichen Daten, um die Nutzung dieser Anwendung zu verfolgen und zu untersuchen, Berichte zu erstellen und diese mit anderen von Google entwickelten Diensten zu teilen. Google kann die pers\u00f6nlichen Daten verwenden, um die Anzeigen seines Werbenetzwerks zu kontextualisieren und zu personalisieren. Erfasste personenbezogene Daten: Cookies und Nutzungsdaten. Ort der Verarbeitung: USA-<a href=\"http:\/\/www.google.com\/intl\/it\/policies\/privacy\/\" target=\"_blank\" rel=\"noopener\">Datenschutzbestimmungen<\/a>-<a href=\"http:\/\/tools.google.com\/dlpage\/gaoptout?hl=it\" target=\"_blank\" rel=\"noopener\">Abmelden<\/a><\/p>\n<\/div>\n<\/div>\n<div>\n<h3>Anzeige von Inhalten von externen Plattformen<\/h3>\n<div>\n<p>Diese Dienste erm\u00f6glichen es, Inhalte, die auf externen Plattformen gehostet werden, direkt auf den Seiten dieser Anwendung anzuzeigen und mit ihnen zu interagieren. Wenn ein solcher Dienst installiert ist, ist es m\u00f6glich, dass er Verkehrsdaten \u00fcber die Seiten, auf denen er installiert ist, sammelt, auch wenn der Nutzer den Dienst nicht nutzt.<\/p>\n<h4>Google-Schriftarten (Google Inc.)<\/h4>\n<p>Google Fonts ist ein von Google Inc. betriebener Dienst zur Anzeige von Schriftarten, der es dieser Anwendung erm\u00f6glicht, solche Inhalte in ihre Seiten zu integrieren. Erfasste pers\u00f6nliche Daten: Cookies und Nutzungsdaten. Ort der Verarbeitung: USA-<a href=\"http:\/\/www.google.it\/intl\/en\/policies\/privacy\/\" target=\"_blank\" rel=\"noopener\">Datenschutzbestimmungen<\/a><\/p>\n<h4>Google Maps-Widget (Google Inc.)<\/h4>\n<p>Google Maps ist ein von Google Inc. betriebener Kartendarstellungsdienst, der es dieser Anwendung erm\u00f6glicht, solche Inhalte in ihre Seiten zu integrieren. Erfasste pers\u00f6nliche Daten: Cookies und Nutzungsdaten. Ort der Verarbeitung: USA-<a href=\"http:\/\/www.google.it\/intl\/it\/policies\/privacy\/\" target=\"_blank\" rel=\"noopener\">Datenschutzbestimmungen<\/a><\/p>\n<h4>Youtube Video Widget (Google Inc.)<\/h4>\n<p>Youtube ist ein von Google Inc. betriebener Dienst zur Anzeige von Videoinhalten, der es dieser Anwendung erm\u00f6glicht, solche Inhalte in ihre Seiten zu integrieren. Erfasste pers\u00f6nliche Daten: Cookies und Nutzungsdaten. Ort der Verarbeitung: USA-<a href=\"http:\/\/www.google.it\/intl\/it\/policies\/privacy\/\" target=\"_blank\" rel=\"noopener\">Datenschutzbestimmungen<\/a><\/p>\n<\/div>\n<\/div>\n<h3>Wie kann ich die Installation von Cookies kontrollieren?<\/h3>\n<p>Zus\u00e4tzlich zu dem, was in diesem Dokument steht, k\u00f6nnen Sie Ihre Cookie-Einstellungen direkt in Ihrem Browser verwalten und beispielsweise die Installation von Cookies durch Dritte verhindern. Sie k\u00f6nnen Ihre Browsereinstellungen auch verwenden, um Cookies zu l\u00f6schen, die Sie in der Vergangenheit installiert haben, einschlie\u00dflich aller Cookies, in denen Sie Ihre Zustimmung zur Installation von Cookies durch diese Website gespeichert haben. Es ist wichtig zu beachten, dass durch die Deaktivierung aller Cookies die Funktion dieser Website beeintr\u00e4chtigt werden kann. Informationen dar\u00fcber, wie Sie Cookies in Ihrem Browser verwalten k\u00f6nnen, finden Sie unter den folgenden Adressen: <a href=\"https:\/\/support.google.com\/chrome\/answer\/95647?hl=it&amp;p=cpn_cookies\">Google Chrome<\/a>, <a href=\"https:\/\/support.mozilla.org\/it\/kb\/Attivare%20e%20disattivare%20i%20cookie?redirectlocale=en-US&amp;redirectslug=Enabling+and+disabling+cookies\">Mozilla Firefox<\/a>, <a href=\"https:\/\/support.apple.com\/kb\/PH19214?viewlocale=it_IT&amp;locale=en_US\">Apple Safari<\/a> und <a href=\"http:\/\/windows.microsoft.com\/it-it\/windows-vista\/block-or-allow-cookies\">Microsoft Windows Explorer<\/a>. Im Falle von Diensten, die von Dritten erbracht werden, kann der Nutzer auch von seinem Recht Gebrauch machen, sich dem Tracking zu widersetzen, indem er sich \u00fcber die Datenschutzbestimmungen des Dritten, \u00fcber den Opt-Out-Link, falls ausdr\u00fccklich vorgesehen, oder durch direkte Kontaktaufnahme mit diesem Dritten informiert. Unbeschadet des Vorstehenden informiert der f\u00fcr die Datenverarbeitung Verantwortliche den Nutzer dar\u00fcber, dass er von folgenden M\u00f6glichkeiten Gebrauch machen kann <a href=\"http:\/\/www.youronlinechoices.com\/\">Ihre Online-Wahlm\u00f6glichkeiten<\/a>. \u00dcber diesen Dienst k\u00f6nnen Sie die Tracking-Einstellungen der meisten Werbetools verwalten. Der Controller r\u00e4t den Nutzern daher, diese Ressource zus\u00e4tzlich zu den hier bereitgestellten Informationen zu nutzen.<\/p>\n<h3>Data Controller<\/h3>\n<p>Poliplast snc - via Roma, 118 - 31024 Ormelle (TV) - Italien - Tel. +39.0422.815408 -\u00a0<a class=\"link_footer\" href=\"mailto:info@poiliplast.net\" target=\"_blank\" rel=\"nofollow noopener\">\u00a0info@poliplast.net<\/a>\u00a0| MwSt.-Nummer 01221360264<\/p>\n<p>Da die Installation von Cookies und anderen Tracking-Systemen, die von Dritten \u00fcber die in dieser Anwendung genutzten Dienste betrieben werden, vom Eigent\u00fcmer technisch nicht kontrolliert werden kann, ist jeder spezifische Hinweis auf Cookies und Tracking-Systeme, die von Dritten installiert werden, als Hinweis zu verstehen. F\u00fcr vollst\u00e4ndige Informationen konsultieren Sie bitte die Datenschutzrichtlinien der in diesem Dokument aufgef\u00fchrten Dienste von Dritten. In Anbetracht der objektiven Komplexit\u00e4t, die mit der Identifizierung von auf Cookies basierenden Technologien verbunden ist, und ihrer sehr engen Integration in die Funktionsweise des Webs, werden die Nutzer gebeten, sich an den f\u00fcr die Verarbeitung Verantwortlichen zu wenden, wenn sie weitere Informationen \u00fcber die Verwendung von Cookies und deren Nutzung - beispielsweise durch Dritte - \u00fcber diese Website erhalten m\u00f6chten.<\/p>\n<div>\n<div>\n<h3>Definitionen und rechtliche Hinweise<\/h3>\n<div>\n<h4>Pers\u00f6nliche Daten (oder Daten)<\/h4>\n<p>Personenbezogene Daten sind alle Informationen, die sich auf eine nat\u00fcrliche Person beziehen und die identifiziert oder identifizierbar sind, auch indirekt durch Bezugnahme auf eine andere Information, einschlie\u00dflich einer pers\u00f6nlichen Identifikationsnummer.<\/p>\n<h4>Verwendungsdaten<\/h4>\n<p>Dabei handelt es sich um personenbezogene Daten, die automatisch von der Anwendung (oder den von ihr genutzten Drittanwendungen) erfasst werden, darunter: IP-Adressen oder Dom\u00e4nennamen der Computer, die vom Benutzer, der sich mit der Anwendung verbindet, verwendet werden, URI-Notationsadressen (Uniform Resource Identifier), die Uhrzeit der Anfrage, die zur \u00dcbermittlung der Anfrage an den Server verwendete Methode, die Gr\u00f6\u00dfe der als Antwort erhaltenen Datei, der Zahlencode, der den Status der Serverantwort angibt (erfolgreich, Fehler usw.), das Herkunftsland, die Merkmale des vom Besucher verwendeten Browsers und Betriebssystems, die verschiedenen zeitlichen Konnotationen des Besuchs (z.B. die auf jeder Seite verbrachte Zeit) und Einzelheiten der vom Benutzer verfolgten Reiseroute.) das Herkunftsland, die Merkmale des vom Besucher verwendeten Browsers und Betriebssystems, die verschiedenen zeitlichen Aspekte des Besuchs (z.B. die auf jeder Seite verbrachte Zeit) und die Einzelheiten der Reiseroute innerhalb der Anwendung, insbesondere die Reihenfolge der aufgerufenen Seiten, die Parameter des Betriebssystems und die IT-Umgebung des Benutzers.<\/p>\n<h4>Benutzer<\/h4>\n<p>Die Person, die diese Anwendung nutzt, muss mit der betroffenen Person identisch sein oder von ihr bevollm\u00e4chtigt werden und deren pers\u00f6nliche Daten verarbeitet werden.<\/p>\n<h4>Interessiert<\/h4>\n<p>Die nat\u00fcrliche oder juristische Person, auf die sich die pers\u00f6nlichen Daten beziehen.<\/p>\n<h4>Bearbeiter (oder Manager)<\/h4>\n<p>Die nat\u00fcrliche Person, die juristische Person, die \u00f6ffentliche Verwaltung und jede andere Einrichtung, Vereinigung oder Organisation, die von dem f\u00fcr die Verarbeitung Verantwortlichen mit der Verarbeitung personenbezogener Daten gem\u00e4\u00df den Bestimmungen dieser Datenschutzrichtlinie betraut wurde.<\/p>\n<h4>Data Controller (oder Eigent\u00fcmer)<\/h4>\n<p>Die nat\u00fcrliche Person, die juristische Person, die \u00f6ffentliche Verwaltung und jede andere K\u00f6rperschaft, Vereinigung oder Einrichtung, die, auch gemeinsam mit einem anderen Eigent\u00fcmer, f\u00fcr die Entscheidung \u00fcber die Zwecke, die Methoden der Verarbeitung personenbezogener Daten und die verwendeten Instrumente, einschlie\u00dflich des Sicherheitsprofils, im Zusammenhang mit dem Betrieb und der Nutzung dieser Anwendung verantwortlich ist. Der Datenverantwortliche ist, sofern nicht anders angegeben, der Eigent\u00fcmer dieser Anwendung.<\/p>\n<h4>Diese Anwendung<\/h4>\n<p>Das Hardware- oder Software-Tool, mit dem die pers\u00f6nlichen Daten der Benutzer gesammelt werden.<\/p>\n<h4>Cookies<\/h4>\n<p>Ein kleiner Teil der Daten, die auf dem Ger\u00e4t des Benutzers gespeichert sind.<\/p>\n<hr \/>\n<h4>Rechtliche Hinweise<\/h4>\n<p>Hinweis f\u00fcr europ\u00e4ische Nutzer: Diese Datenschutzrichtlinie wurde in \u00dcbereinstimmung mit den Verpflichtungen gem\u00e4\u00df Art. 10 der Richtlinie 95\/46\/EG sowie den Bestimmungen der Richtlinie 2002\/58\/EG, aktualisiert durch die Richtlinie 2009\/136\/EG, \u00fcber Cookies erstellt. Diese Datenschutzrichtlinie bezieht sich ausschlie\u00dflich auf diese Anwendung.<\/p>\n<\/div>\n<\/div>\n<\/div>\n<div>Letzte \u00c4nderung: 1. Februar 2018<\/div>","protected":false},"excerpt":{"rendered":"<div class=\"banner has-hover has-parallax\" id=\"banner-948796456\">\n          <div class=\"banner-inner fill\">\n        <div class=\"banner-bg fill\" data-parallax=\"-3\" data-parallax-container=\".banner\" data-parallax-background>\n            <img width=\"1020\" height=\"337\" src=\"https:\/\/www.polideas.it\/wp-content\/uploads\/2018\/01\/header-polideas-1400x462.jpg\" class=\"bg attachment-large size-large\" alt=\"\" decoding=\"async\" loading=\"lazy\" \/>                                    \n                    <\/div>\n\t\t\n        <div class=\"banner-layers container\">\n            <div class=\"fill banner-link\"><\/div>            \n<h1 style=\"color: #fff; line-height: 150px; font-size:38px;\">COOKIE-POLITIK<\/h1>\n        <\/div>\n      <\/div>\n\n            \n<style>\n#banner-948796456 {\n  padding-top: 150px;\n}\n<\/style>\n  <\/div>","protected":false},"author":1,"featured_media":0,"parent":0,"menu_order":0,"comment_status":"closed","ping_status":"closed","template":"","meta":{"_acf_changed":false,"footnotes":""},"class_list":["post-7","page","type-page","status-publish","hentry"],"acf":[],"_links":{"self":[{"href":"http:\/\/www.polideas.it\/de\/wp-json\/wp\/v2\/pages\/7","targetHints":{"allow":["GET"]}}],"collection":[{"href":"http:\/\/www.polideas.it\/de\/wp-json\/wp\/v2\/pages"}],"about":[{"href":"http:\/\/www.polideas.it\/de\/wp-json\/wp\/v2\/types\/page"}],"author":[{"embeddable":true,"href":"http:\/\/www.polideas.it\/de\/wp-json\/wp\/v2\/users\/1"}],"replies":[{"embeddable":true,"href":"http:\/\/www.polideas.it\/de\/wp-json\/wp\/v2\/comments?post=7"}],"version-history":[{"count":0,"href":"http:\/\/www.polideas.it\/de\/wp-json\/wp\/v2\/pages\/7\/revisions"}],"wp:attachment":[{"href":"http:\/\/www.polideas.it\/de\/wp-json\/wp\/v2\/media?parent=7"}],"curies":[{"name":"wp","href":"https:\/\/api.w.org\/{rel}","templated":true}]}}