{"id":10453,"date":"2022-02-28T21:57:05","date_gmt":"2022-02-28T20:57:05","guid":{"rendered":"https:\/\/www.polideas.it\/?post_type=product&#038;p=10453"},"modified":"2025-01-28T15:16:13","modified_gmt":"2025-01-28T14:16:13","slug":"kleiner-badezimmerschrankknopf-aluminium-effekt","status":"publish","type":"product","link":"http:\/\/www.polideas.it\/de\/en-2\/badknopfe-griffe\/kleiner-badezimmerschrankknopf-aluminium-effekt\/","title":{"rendered":"Kleiner Badezimmerknopf - Badezimmerm\u00f6belknopf - Aluminium Effekt"},"content":{"rendered":"<p>Rund, raffiniert und mit einem zeitlosen Stil: das ist die <strong>Polideas Kleiner Badezimmerknopf<\/strong>.<\/p>\n<p>Die <strong>Knauf Klein<\/strong> ist die perfekte Wahl f\u00fcr alle, die auf der Suche nach einem Bad-Accessoire sind, mit dem sie ihre M\u00f6bel mit Stil und Schlichtheit sicher anpassen k\u00f6nnen.<\/p>\n<p>Verf\u00fcgbar in <strong>Chrom poliert, Aluminiumeffekt und wei\u00df lackiert<\/strong>Er hat einen Durchmesser von 32 mm und eignet sich aufgrund seiner Eigenschaften nicht nur f\u00fcr die individuelle Gestaltung der modernsten Badezimmerm\u00f6bel, sondern auch f\u00fcr die Befestigung an der Wand, um Handt\u00fccher, Accessoires und Badem\u00e4ntel aufzuh\u00e4ngen.<\/p>\n<p>Die <strong>Knauf Klein<\/strong> ist das Ergebnis kontinuierlicher Forschung in Kombination mit der f\u00fcr Made in Italy typischen Sorgfalt. Es wird aus Materialien h\u00f6chster Qualit\u00e4t hergestellt, um jederzeit maximale Sicherheit zu gew\u00e4hrleisten, auch mit nassen H\u00e4nden, ohne Lichth\u00f6fe zu hinterlassen.<\/p>","protected":false},"excerpt":{"rendered":"<p>Rotondo, raffinato e con uno stile senza tempo: ecco il pomello bagno Small di Polideas. Il pomello Small \u00e8 la scelta perfetta di chi cerca un complemento da bagno per personalizzare in tutta sicurezza i mobili con stile e semplicit\u00e0. Disponibile nelle finiture cromato lucido, effetto alluminio e laccato bianco, ha un diametro di 32 [&#8230;]\n","protected":false},"featured_media":3262,"comment_status":"closed","ping_status":"closed","template":"","meta":{"_acf_changed":false},"product_brand":[],"product_cat":[62],"product_tag":[3129,3130,3131,3132,3105,3107,3133,3112,3113,3114,3115,3116,3117,3118],"class_list":{"0":"post-10453","1":"product","2":"type-product","3":"status-publish","4":"has-post-thumbnail","6":"product_cat-maniglie-pomelli-bagno","7":"product_tag-pomello-anta-bagno","8":"product_tag-pomello-bagno","9":"product_tag-pomello-cassetto","10":"product_tag-pomello-cassetto-bagno","11":"product_tag-pomello-design","12":"product_tag-pomello-mobile","13":"product_tag-pomello-per-mobile-bagno","14":"product_tag-pomolo","15":"product_tag-pomolo-al-miglior-prezzo","16":"product_tag-pomolo-anta-mobile","17":"product_tag-pomolo-cassettiera","18":"product_tag-pomolo-cassetto","19":"product_tag-pomolo-mobile","20":"product_tag-pomolo-mobile-arredamento","22":"first","23":"instock","24":"taxable","25":"shipping-taxable","26":"purchasable","27":"product-type-simple"},"acf":[],"_links":{"self":[{"href":"http:\/\/www.polideas.it\/de\/wp-json\/wp\/v2\/product\/10453","targetHints":{"allow":["GET"]}}],"collection":[{"href":"http:\/\/www.polideas.it\/de\/wp-json\/wp\/v2\/product"}],"about":[{"href":"http:\/\/www.polideas.it\/de\/wp-json\/wp\/v2\/types\/product"}],"replies":[{"embeddable":true,"href":"http:\/\/www.polideas.it\/de\/wp-json\/wp\/v2\/comments?post=10453"}],"wp:featuredmedia":[{"embeddable":true,"href":"http:\/\/www.polideas.it\/de\/wp-json\/wp\/v2\/media\/3262"}],"wp:attachment":[{"href":"http:\/\/www.polideas.it\/de\/wp-json\/wp\/v2\/media?parent=10453"}],"wp:term":[{"taxonomy":"product_brand","embeddable":true,"href":"http:\/\/www.polideas.it\/de\/wp-json\/wp\/v2\/product_brand?post=10453"},{"taxonomy":"product_cat","embeddable":true,"href":"http:\/\/www.polideas.it\/de\/wp-json\/wp\/v2\/product_cat?post=10453"},{"taxonomy":"product_tag","embeddable":true,"href":"http:\/\/www.polideas.it\/de\/wp-json\/wp\/v2\/product_tag?post=10453"}],"curies":[{"name":"wp","href":"https:\/\/api.w.org\/{rel}","templated":true}]}}