{"id":10455,"date":"2022-02-28T21:57:05","date_gmt":"2022-02-28T20:57:05","guid":{"rendered":"https:\/\/www.polideas.it\/?post_type=product&#038;p=10455"},"modified":"2025-02-19T21:50:15","modified_gmt":"2025-02-19T20:50:15","slug":"quadratischer-knauf-antikisiert-bronzeeffekt-schrank","status":"publish","type":"product","link":"http:\/\/www.polideas.it\/de\/en-2\/antike-griffe-und-knopfe\/quadratischer-knauf-antikisiert-bronzeeffekt-schrank\/","title":{"rendered":"Antiker quadratischer Knopf - Antiker M\u00f6belknopf - Bronze-Effekt"},"content":{"rendered":"<p>Die <strong>antiker Quadratischer Knauf<\/strong> by Polideas zeichnet sich durch einen minimalen, aber \u00e4u\u00dferst raffinierten Stil aus.<\/p>\n<p>Das Design wurde entwickelt, um K\u00fcchen-, Schlaf- und Wohnzimmerm\u00f6bel im Retro-Stil zu gestalten. <strong>antiker Quadratischer Knauf <\/strong>ist ideal, um klassisch, industriell oder im Landhausstil eingerichtete R\u00e4ume zu vereinen.<\/p>\n<p>Erh\u00e4ltlich in eleganter <strong>Bronze-Effekt, Kupfer-Effekt und Eisen-Effekt<\/strong>Der quadratische Knopf sorgt f\u00fcr einen soliden und sicheren Griff. Dank einer komplexen, innovativen Verarbeitung, die die \u00e4sthetischen Vorz\u00fcge von Metall mit der Funktionalit\u00e4t und Ergonomie von hochwertigem Kunststoff verbindet, erzielt er einen einzigartigen Antik-Effekt.<\/p>\n<p>Mit einer Breite von 35 mm und einer H\u00f6he von 30 mm ist es ideal f\u00fcr kleine und mittelgro\u00dfe M\u00f6bel, die einen Hauch von Klasse brauchen.<\/p>\n<p><strong>\u00a0<\/strong><\/p>","protected":false},"excerpt":{"rendered":"<p>Il pomello anticato Square di Polideas si caratterizza per uno stile minimal, ma estremamente raffinato. Pensato per personalizzare i mobili di cucina, camere da letto e living dal sapore retr\u00f2, il pomello anticato Square \u00e8 l\u2019ideale per uniformare gli ambienti arredati in stile classico, industrial o country. Disponibile nelle eleganti versioni ad effetto bronzo, effetto [&#8230;]\n","protected":false},"featured_media":15795,"comment_status":"closed","ping_status":"closed","template":"","meta":{"_acf_changed":false},"product_brand":[],"product_cat":[72],"product_tag":[3136,3137,3131,3105,3138,3139,3107,3140,3141,3142,3143,3112,3113,3114,3121,3115,3116,3117,3118],"class_list":{"0":"post-10455","1":"product","2":"type-product","3":"status-publish","4":"has-post-thumbnail","6":"product_cat-maniglie-pomoli-anticati","7":"product_tag-pomello-anticato","8":"product_tag-pomello-antico","9":"product_tag-pomello-cassetto","10":"product_tag-pomello-design","11":"product_tag-pomello-effetto-anticato","12":"product_tag-pomello-effetto-antico","13":"product_tag-pomello-mobile","14":"product_tag-pomello-per-mobile-antico","15":"product_tag-pomello-per-restaurazione-mobili","16":"product_tag-pomello-restauro-mobili","17":"product_tag-pomello-rustico","18":"product_tag-pomolo","19":"product_tag-pomolo-al-miglior-prezzo","20":"product_tag-pomolo-anta-mobile","21":"product_tag-pomolo-armadio","22":"product_tag-pomolo-cassettiera","23":"product_tag-pomolo-cassetto","24":"product_tag-pomolo-mobile","25":"product_tag-pomolo-mobile-arredamento","27":"first","28":"instock","29":"taxable","30":"shipping-taxable","31":"purchasable","32":"product-type-simple"},"acf":[],"_links":{"self":[{"href":"http:\/\/www.polideas.it\/de\/wp-json\/wp\/v2\/product\/10455","targetHints":{"allow":["GET"]}}],"collection":[{"href":"http:\/\/www.polideas.it\/de\/wp-json\/wp\/v2\/product"}],"about":[{"href":"http:\/\/www.polideas.it\/de\/wp-json\/wp\/v2\/types\/product"}],"replies":[{"embeddable":true,"href":"http:\/\/www.polideas.it\/de\/wp-json\/wp\/v2\/comments?post=10455"}],"wp:featuredmedia":[{"embeddable":true,"href":"http:\/\/www.polideas.it\/de\/wp-json\/wp\/v2\/media\/15795"}],"wp:attachment":[{"href":"http:\/\/www.polideas.it\/de\/wp-json\/wp\/v2\/media?parent=10455"}],"wp:term":[{"taxonomy":"product_brand","embeddable":true,"href":"http:\/\/www.polideas.it\/de\/wp-json\/wp\/v2\/product_brand?post=10455"},{"taxonomy":"product_cat","embeddable":true,"href":"http:\/\/www.polideas.it\/de\/wp-json\/wp\/v2\/product_cat?post=10455"},{"taxonomy":"product_tag","embeddable":true,"href":"http:\/\/www.polideas.it\/de\/wp-json\/wp\/v2\/product_tag?post=10455"}],"curies":[{"name":"wp","href":"https:\/\/api.w.org\/{rel}","templated":true}]}}