{"id":10457,"date":"2022-02-28T21:57:05","date_gmt":"2022-02-28T20:57:05","guid":{"rendered":"https:\/\/www.polideas.it\/?post_type=product&#038;p=10457"},"modified":"2025-02-03T09:10:57","modified_gmt":"2025-02-03T08:10:57","slug":"kuchenschrankknopf-konus","status":"publish","type":"product","link":"http:\/\/www.polideas.it\/de\/en-2\/kuchenknopfe-griffe\/kuchenschrankknopf-konus\/","title":{"rendered":"Konus - K\u00fcchenm\u00f6belknopf"},"content":{"rendered":"<p>Mit seiner originellen und unerwarteten Form ist das <strong>Kegelf\u00f6rmiger K\u00fcchenknopf von Polideas<\/strong> ist die ideale L\u00f6sung, um die \u00fcblichen M\u00f6bel zu erneuern und sie praktischer zu \u00f6ffnen.<\/p>\n<p>Ergonomisch, robust und sicher, der <strong>Knauf Kegel<\/strong> eignet sich besonders gut f\u00fcr modernere Umgebungen und verleiht T\u00fcren und Schubladen das gewisse Extra.<\/p>\n<p>Er zeichnet sich durch seinen raffinierten Aluminiumeffekt aus und passt perfekt zu lackierten Oberfl\u00e4chen in hellen oder neutralen Farben, bringt aber auch Licht in M\u00f6bel in dunkleren Farbt\u00f6nen.<\/p>\n<p>Mit einem Durchmesser von 24 mm und einer Tiefe von 22 mm ist der <strong>Kegelf\u00f6rmiger K\u00fcchenknopf<\/strong> ist handlich und bequem in der Anwendung sowie extrem einfach zu montieren.<\/p>","protected":false},"excerpt":{"rendered":"<p>Dalla forma originale e inaspettata, il pomolo cucina Cono di Polideas \u00e8 la soluzione ideale per rinnovare i soliti mobili e renderli pi\u00f9 pratici da aprire. Ergonomico, robusto e sicuro, il pomolo Cono si adatta in modo particolare agli ambienti pi\u00f9 moderni, conferendo quel tocco in pi\u00f9 ad ante e cassetti. Caratterizzato dal raffinato effetto [&#8230;]","protected":false},"featured_media":2915,"comment_status":"closed","ping_status":"closed","template":"","meta":{"_acf_changed":false},"product_brand":[],"product_cat":[37],"product_tag":[3144,3145,3146,3105,3107,3147,3112,3113,3114,3115,3116,3117,3118],"class_list":{"0":"post-10457","1":"product","2":"type-product","3":"status-publish","4":"has-post-thumbnail","6":"product_cat-maniglie-pomelli-cucina","7":"product_tag-pomello-anta-cucina","8":"product_tag-pomello-cassetto-cucina","9":"product_tag-pomello-cucina","10":"product_tag-pomello-design","11":"product_tag-pomello-mobile","12":"product_tag-pomello-per-mobile-cucina","13":"product_tag-pomolo","14":"product_tag-pomolo-al-miglior-prezzo","15":"product_tag-pomolo-anta-mobile","16":"product_tag-pomolo-cassettiera","17":"product_tag-pomolo-cassetto","18":"product_tag-pomolo-mobile","19":"product_tag-pomolo-mobile-arredamento","21":"first","22":"instock","23":"taxable","24":"shipping-taxable","25":"purchasable","26":"product-type-simple"},"acf":[],"_links":{"self":[{"href":"http:\/\/www.polideas.it\/de\/wp-json\/wp\/v2\/product\/10457","targetHints":{"allow":["GET"]}}],"collection":[{"href":"http:\/\/www.polideas.it\/de\/wp-json\/wp\/v2\/product"}],"about":[{"href":"http:\/\/www.polideas.it\/de\/wp-json\/wp\/v2\/types\/product"}],"replies":[{"embeddable":true,"href":"http:\/\/www.polideas.it\/de\/wp-json\/wp\/v2\/comments?post=10457"}],"wp:featuredmedia":[{"embeddable":true,"href":"http:\/\/www.polideas.it\/de\/wp-json\/wp\/v2\/media\/2915"}],"wp:attachment":[{"href":"http:\/\/www.polideas.it\/de\/wp-json\/wp\/v2\/media?parent=10457"}],"wp:term":[{"taxonomy":"product_brand","embeddable":true,"href":"http:\/\/www.polideas.it\/de\/wp-json\/wp\/v2\/product_brand?post=10457"},{"taxonomy":"product_cat","embeddable":true,"href":"http:\/\/www.polideas.it\/de\/wp-json\/wp\/v2\/product_cat?post=10457"},{"taxonomy":"product_tag","embeddable":true,"href":"http:\/\/www.polideas.it\/de\/wp-json\/wp\/v2\/product_tag?post=10457"}],"curies":[{"name":"wp","href":"https:\/\/api.w.org\/{rel}","templated":true}]}}