{"id":10464,"date":"2022-02-28T21:57:06","date_gmt":"2022-02-28T20:57:06","guid":{"rendered":"https:\/\/www.polideas.it\/?post_type=product&#038;p=10464"},"modified":"2025-01-30T14:30:04","modified_gmt":"2025-01-30T13:30:04","slug":"badmobel-knaufring","status":"publish","type":"product","link":"http:\/\/www.polideas.it\/de\/en-2\/badknopfe-griffe\/badmobel-knaufring\/","title":{"rendered":"Ring Badezimmerknopf - Badezimmerm\u00f6belknopf"},"content":{"rendered":"<p>Rund, raffiniert und essentiell: das ist der <strong>Ring bathroom knob by Polideas<\/strong>.<\/p>\n<p>Die <strong>Knauf Ring<\/strong> ist die perfekte Wahl f\u00fcr alle, die auf der Suche nach einem Bad-Accessoire sind, mit dem sie ihre M\u00f6bel mit Stil und Schlichtheit sicher anpassen k\u00f6nnen.<\/p>\n<p>Verf\u00fcgbar in <strong>wei\u00df lackierte Oberfl\u00e4che und polierter Chromring<\/strong>Er hat einen Durchmesser von 35 mm und eignet sich aufgrund seiner Eigenschaften nicht nur f\u00fcr die individuelle Gestaltung der modernsten Badezimmerm\u00f6bel, sondern auch zum Aufh\u00e4ngen von Handt\u00fcchern, Accessoires und Badem\u00e4nteln.<\/p>\n<p>Die <strong>Knauf Ring<\/strong> ist das Ergebnis kontinuierlicher Forschung in Kombination mit der f\u00fcr Made in Italy typischen Sorgfalt. Es wird aus Materialien h\u00f6chster Qualit\u00e4t hergestellt, um jederzeit maximale Sicherheit zu gew\u00e4hrleisten, auch mit nassen H\u00e4nden, ohne Lichth\u00f6fe zu hinterlassen.<\/p>","protected":false},"excerpt":{"rendered":"<p>Rotondo, raffinato ed essenziale: ecco il pomello bagno Ring di Polideas. Il pomello Ring \u00e8 la scelta perfetta di chi cerca un complemento da bagno per personalizzare in tutta sicurezza i mobili con stile e semplicit\u00e0. Disponibile nelle finiture laccato bianco e con l\u2019anello cromato lucido, ha un diametro di 35 mm e, per le [&#8230;]\n","protected":false},"featured_media":3265,"comment_status":"closed","ping_status":"closed","template":"","meta":{"_acf_changed":false},"product_brand":[],"product_cat":[62],"product_tag":[3129,3130,3131,3132,3105,3107,3133,3112,3113,3114,3121,3115,3116,3117,3118],"class_list":{"0":"post-10464","1":"product","2":"type-product","3":"status-publish","4":"has-post-thumbnail","6":"product_cat-maniglie-pomelli-bagno","7":"product_tag-pomello-anta-bagno","8":"product_tag-pomello-bagno","9":"product_tag-pomello-cassetto","10":"product_tag-pomello-cassetto-bagno","11":"product_tag-pomello-design","12":"product_tag-pomello-mobile","13":"product_tag-pomello-per-mobile-bagno","14":"product_tag-pomolo","15":"product_tag-pomolo-al-miglior-prezzo","16":"product_tag-pomolo-anta-mobile","17":"product_tag-pomolo-armadio","18":"product_tag-pomolo-cassettiera","19":"product_tag-pomolo-cassetto","20":"product_tag-pomolo-mobile","21":"product_tag-pomolo-mobile-arredamento","23":"first","24":"instock","25":"taxable","26":"shipping-taxable","27":"purchasable","28":"product-type-simple"},"acf":[],"_links":{"self":[{"href":"http:\/\/www.polideas.it\/de\/wp-json\/wp\/v2\/product\/10464","targetHints":{"allow":["GET"]}}],"collection":[{"href":"http:\/\/www.polideas.it\/de\/wp-json\/wp\/v2\/product"}],"about":[{"href":"http:\/\/www.polideas.it\/de\/wp-json\/wp\/v2\/types\/product"}],"replies":[{"embeddable":true,"href":"http:\/\/www.polideas.it\/de\/wp-json\/wp\/v2\/comments?post=10464"}],"wp:featuredmedia":[{"embeddable":true,"href":"http:\/\/www.polideas.it\/de\/wp-json\/wp\/v2\/media\/3265"}],"wp:attachment":[{"href":"http:\/\/www.polideas.it\/de\/wp-json\/wp\/v2\/media?parent=10464"}],"wp:term":[{"taxonomy":"product_brand","embeddable":true,"href":"http:\/\/www.polideas.it\/de\/wp-json\/wp\/v2\/product_brand?post=10464"},{"taxonomy":"product_cat","embeddable":true,"href":"http:\/\/www.polideas.it\/de\/wp-json\/wp\/v2\/product_cat?post=10464"},{"taxonomy":"product_tag","embeddable":true,"href":"http:\/\/www.polideas.it\/de\/wp-json\/wp\/v2\/product_tag?post=10464"}],"curies":[{"name":"wp","href":"https:\/\/api.w.org\/{rel}","templated":true}]}}