{"id":10471,"date":"2022-02-28T21:57:29","date_gmt":"2022-02-28T20:57:29","guid":{"rendered":"https:\/\/www.polideas.it\/?post_type=product&#038;p=10471"},"modified":"2025-01-30T09:57:10","modified_gmt":"2025-01-30T08:57:10","slug":"geometrischer-griff-mobel-design-weis-lackiert","status":"publish","type":"product","link":"http:\/\/www.polideas.it\/de\/en-2\/wohnzimmer-knopfe-griffe\/geometrischer-griff-mobel-design-weis-lackiert\/","title":{"rendered":"Geometrischer Griff - Mobiler Design-Griff - Wei\u00df lackiert"},"content":{"rendered":"<p>Geometrische und wesentliche Linie f\u00fcr die <strong>Griff<\/strong> <strong>Geometrisch von Polideas<\/strong>.<\/p>\n<p>Es ist f\u00fcr diejenigen gedacht, die ihre Schlafzimmerm\u00f6bel mit Schlichtheit und Stil personalisieren m\u00f6chten und eignet sich auch perfekt f\u00fcr <strong>M\u00f6bel modernisieren <\/strong>des Eingangs- und Wohnbereichs.<\/p>\n<p>Verf\u00fcgbar in <strong>Ausf\u00fchrungen in Aluminiumeffekt und wei\u00df lackiert<\/strong>hat eine Breite von 124 mm und eine H\u00f6he von 14 mm und ist damit die ideale Erg\u00e4nzung, um kleinen M\u00f6belst\u00fccken in der Wohnung, insbesondere Schubladen und Kommoden, neues Leben einzuhauchen.<\/p>\n<p>La <strong>Geometrischer Griff<\/strong> ist das Ergebnis kontinuierlicher Forschung in Kombination mit der f\u00fcr Made in Italy typischen Sorgfalt. Es wird aus hochwertigen Materialien hergestellt, um jederzeit maximale Sicherheit zu gew\u00e4hrleisten.<\/p>","protected":false},"excerpt":{"rendered":"<p>Linea geometrica ed essenziale per la maniglia Geometric di Polideas. Dedicata a chi desidera personalizzare con semplicit\u00e0 e stile i mobili della camera da letto, si presta perfettamente anche a modernizzare i mobili dell\u2019ingresso e della zona living. Disponibile nelle finiture effetto alluminio e laccato bianco, ha una larghezza di 124 mm e un\u2019altezza di [&#8230;]","protected":false},"featured_media":14608,"comment_status":"closed","ping_status":"closed","template":"","meta":{"_acf_changed":false},"product_brand":[],"product_cat":[47],"product_tag":[3149,3151,3173,3174,3152,3153,3175,3156,3176,3100,3159,3160,3177,3178,3179],"class_list":{"0":"post-10471","1":"product","2":"type-product","3":"status-publish","4":"has-post-thumbnail","6":"product_cat-maniglie-pomelli-camera-soggiorno","7":"product_tag-maniglia","8":"product_tag-maniglia-anta-mobile","9":"product_tag-maniglia-anta-mobile-soggiorno","10":"product_tag-maniglia-anta-soggiorno","11":"product_tag-maniglia-cassettiera","12":"product_tag-maniglia-cassetto","13":"product_tag-maniglia-cassetto-soggiorno","14":"product_tag-maniglia-design","15":"product_tag-maniglia-interasse-128mm","16":"product_tag-maniglia-mobile","17":"product_tag-maniglia-mobile-al-miglior-prezzo","18":"product_tag-maniglia-mobile-arredamento","19":"product_tag-maniglia-mobile-soggiorno","20":"product_tag-maniglia-per-mobile-soggiorno","21":"product_tag-maniglia-soggiorno","23":"first","24":"instock","25":"taxable","26":"shipping-taxable","27":"purchasable","28":"product-type-simple"},"acf":[],"_links":{"self":[{"href":"http:\/\/www.polideas.it\/de\/wp-json\/wp\/v2\/product\/10471","targetHints":{"allow":["GET"]}}],"collection":[{"href":"http:\/\/www.polideas.it\/de\/wp-json\/wp\/v2\/product"}],"about":[{"href":"http:\/\/www.polideas.it\/de\/wp-json\/wp\/v2\/types\/product"}],"replies":[{"embeddable":true,"href":"http:\/\/www.polideas.it\/de\/wp-json\/wp\/v2\/comments?post=10471"}],"wp:featuredmedia":[{"embeddable":true,"href":"http:\/\/www.polideas.it\/de\/wp-json\/wp\/v2\/media\/14608"}],"wp:attachment":[{"href":"http:\/\/www.polideas.it\/de\/wp-json\/wp\/v2\/media?parent=10471"}],"wp:term":[{"taxonomy":"product_brand","embeddable":true,"href":"http:\/\/www.polideas.it\/de\/wp-json\/wp\/v2\/product_brand?post=10471"},{"taxonomy":"product_cat","embeddable":true,"href":"http:\/\/www.polideas.it\/de\/wp-json\/wp\/v2\/product_cat?post=10471"},{"taxonomy":"product_tag","embeddable":true,"href":"http:\/\/www.polideas.it\/de\/wp-json\/wp\/v2\/product_tag?post=10471"}],"curies":[{"name":"wp","href":"https:\/\/api.w.org\/{rel}","templated":true}]}}