{"id":10476,"date":"2022-02-28T21:57:29","date_gmt":"2022-02-28T20:57:29","guid":{"rendered":"https:\/\/www.polideas.it\/?post_type=product&#038;p=10476"},"modified":"2025-01-29T08:57:12","modified_gmt":"2025-01-29T07:57:12","slug":"sagittario-kuchenschrankgriff","status":"publish","type":"product","link":"http:\/\/www.polideas.it\/de\/en-2\/kuchenknopfe-griffe\/sagittario-kuchenschrankgriff\/","title":{"rendered":"Sagittario K\u00fcchengriff - Griff f\u00fcr K\u00fcchenm\u00f6bel"},"content":{"rendered":"<p>Ergonomisch geformt, einzigartig und anspruchsvoll, <strong>der Sagittario K\u00fcchengriff von Polideas<\/strong> ist die ideale L\u00f6sung, um Einbaum\u00f6bel zu erg\u00e4nzen und sie leichter zu \u00f6ffnen.<\/p>\n<p>Robust und sicher, der <strong>Sch\u00fctze Griff<\/strong> ist die perfekte Erg\u00e4nzung f\u00fcr modernere und innovative K\u00fcchenm\u00f6bel, die nicht auf einen raffinierten Touch verzichten wollen.<\/p>\n<p><strong>Transparent und mit polierten Chromeins\u00e4tzen<\/strong>Der Sagittario-Griff passt perfekt in K\u00fcchen in hellen und dunklen Farben und harmoniert perfekt mit jeder Oberfl\u00e4che und jedem Stil.<\/p>\n<p>Mit einer Breite von 230 mm und einer H\u00f6he von 24 mm, <strong>der Sch\u00fctze-Griff<\/strong> ist elegant, \u00e4u\u00dferst komfortabel und handlich.<\/p>","protected":false},"excerpt":{"rendered":"<p>Dalla forma ergonomica, unica e ricercata, la maniglia cucina Sagittario di Polideas \u00e8 la soluzione ideale per completare i mobili ad incasso e renderne pi\u00f9 facile l\u2019apertura. Robusta e sicura, la maniglia Sagittario \u00e8 il complemento perfetto per i mobili della cucina pi\u00f9 moderni ed innovativi che per\u00f2 non vogliono rinunciare ad un tocco raffinato. [&#8230;]\n","protected":false},"featured_media":14489,"comment_status":"closed","ping_status":"closed","template":"","meta":{"_acf_changed":false},"product_brand":[],"product_cat":[37],"product_tag":[3149,3150,3151,3152,3153,3154,3155,3188,3156,3176,3100,3159,3160,3189,3190,3191,3192,3161,3163],"class_list":{"0":"post-10476","1":"product","2":"type-product","3":"status-publish","4":"has-post-thumbnail","6":"product_cat-maniglie-pomelli-cucina","7":"product_tag-maniglia","8":"product_tag-maniglia-anta-cucina","9":"product_tag-maniglia-anta-mobile","10":"product_tag-maniglia-cassettiera","11":"product_tag-maniglia-cassetto","12":"product_tag-maniglia-cassetto-cucina","13":"product_tag-maniglia-cucina","14":"product_tag-maniglia-cucina-elegante","15":"product_tag-maniglia-design","16":"product_tag-maniglia-interasse-128mm","17":"product_tag-maniglia-mobile","18":"product_tag-maniglia-mobile-al-miglior-prezzo","19":"product_tag-maniglia-mobile-arredamento","20":"product_tag-maniglia-mobile-cucina","21":"product_tag-maniglia-mobile-trasparente","22":"product_tag-maniglia-mobili-cucina-elegante","23":"product_tag-maniglia-mobili-trasparente","24":"product_tag-maniglia-per-mobile-cucina","25":"product_tag-maniglie-mobili-cucina","27":"first","28":"instock","29":"taxable","30":"shipping-taxable","31":"purchasable","32":"product-type-simple"},"acf":[],"_links":{"self":[{"href":"http:\/\/www.polideas.it\/de\/wp-json\/wp\/v2\/product\/10476","targetHints":{"allow":["GET"]}}],"collection":[{"href":"http:\/\/www.polideas.it\/de\/wp-json\/wp\/v2\/product"}],"about":[{"href":"http:\/\/www.polideas.it\/de\/wp-json\/wp\/v2\/types\/product"}],"replies":[{"embeddable":true,"href":"http:\/\/www.polideas.it\/de\/wp-json\/wp\/v2\/comments?post=10476"}],"wp:featuredmedia":[{"embeddable":true,"href":"http:\/\/www.polideas.it\/de\/wp-json\/wp\/v2\/media\/14489"}],"wp:attachment":[{"href":"http:\/\/www.polideas.it\/de\/wp-json\/wp\/v2\/media?parent=10476"}],"wp:term":[{"taxonomy":"product_brand","embeddable":true,"href":"http:\/\/www.polideas.it\/de\/wp-json\/wp\/v2\/product_brand?post=10476"},{"taxonomy":"product_cat","embeddable":true,"href":"http:\/\/www.polideas.it\/de\/wp-json\/wp\/v2\/product_cat?post=10476"},{"taxonomy":"product_tag","embeddable":true,"href":"http:\/\/www.polideas.it\/de\/wp-json\/wp\/v2\/product_tag?post=10476"}],"curies":[{"name":"wp","href":"https:\/\/api.w.org\/{rel}","templated":true}]}}