{"id":10488,"date":"2022-02-28T21:57:31","date_gmt":"2022-02-28T20:57:31","guid":{"rendered":"https:\/\/www.polideas.it\/?post_type=product&#038;p=10488"},"modified":"2025-01-29T11:33:59","modified_gmt":"2025-01-29T10:33:59","slug":"profil-griff-mobiles-design-griff","status":"publish","type":"product","link":"http:\/\/www.polideas.it\/de\/en-2\/wohnzimmer-knopfe-griffe\/profil-griff-mobiles-design-griff\/","title":{"rendered":"Profil-Griff - Mobiler Design-Griff"},"content":{"rendered":"<p>Wesentlich, geometrisch und kompakt: sprechen wir \u00fcber das <strong>Griff<\/strong> <strong>Profil<\/strong> <strong>von Polideas<\/strong>.<\/p>\n<p>Kombiniert Stil und Zweckm\u00e4\u00dfigkeit, dank der <strong>robuster und ergonomischer Griff<\/strong>Profile ist f\u00fcr all diejenigen gedacht, die ihre Schlafzimmer-, Eingangs- und Wohnbereichsm\u00f6bel auf minimalistische Weise gestalten m\u00f6chten.<\/p>\n<p>Erh\u00e4ltlich im <strong>Aluminium-Effekt-Finish<\/strong>Mit einer Breite von 86 mm und einer H\u00f6he von nur 10 mm ist er die ideale Erg\u00e4nzung, um kleinen M\u00f6belst\u00fccken in der Wohnung, insbesondere Schubladen und Kommoden, neues Leben einzuhauchen.<\/p>\n<p>La <strong>Griffprofil <\/strong>ist das Ergebnis kontinuierlicher Forschung in Kombination mit der f\u00fcr Made in Italy typischen Sorgfalt. Es wird aus hochwertigen Materialien hergestellt, um jederzeit maximale Sicherheit zu gew\u00e4hrleisten.<\/p>","protected":false},"excerpt":{"rendered":"<p>Essenziale, geometrica e compatta: parliamo della maniglia Profile di Polideas. Coniugando stile e praticit\u00e0 d\u2019uso, grazie alla presa robusta ed ergonomica, Profile \u00e8 dedicata a chi desidera personalizzare i mobili della camera da letto, dell\u2019ingresso e della zona living in maniera essenziale, riducendo al minimo gli ingombri. Disponibile nella finitura ad effetto alluminio, ha una [&#8230;]\n","protected":false},"featured_media":14588,"comment_status":"closed","ping_status":"closed","template":"","meta":{"_acf_changed":false},"product_brand":[],"product_cat":[47],"product_tag":[3149,3200,3151,3173,3174,3209,3205,3152,3153,3175,3156,3210,3198,3100,3159,3160,3211,3177,3178,3179],"class_list":{"0":"post-10488","1":"product","2":"type-product","3":"status-publish","4":"has-post-thumbnail","6":"product_cat-maniglie-pomelli-camera-soggiorno","7":"product_tag-maniglia","8":"product_tag-maniglia-anta","9":"product_tag-maniglia-anta-mobile","10":"product_tag-maniglia-anta-mobile-soggiorno","11":"product_tag-maniglia-anta-soggiorno","12":"product_tag-maniglia-arredo","13":"product_tag-maniglia-camera","14":"product_tag-maniglia-cassettiera","15":"product_tag-maniglia-cassetto","16":"product_tag-maniglia-cassetto-soggiorno","17":"product_tag-maniglia-design","18":"product_tag-maniglia-effetto-alluminio","19":"product_tag-maniglia-interasse-64mm","20":"product_tag-maniglia-mobile","21":"product_tag-maniglia-mobile-al-miglior-prezzo","22":"product_tag-maniglia-mobile-arredamento","23":"product_tag-maniglia-mobile-camera","24":"product_tag-maniglia-mobile-soggiorno","25":"product_tag-maniglia-per-mobile-soggiorno","26":"product_tag-maniglia-soggiorno","28":"first","29":"instock","30":"taxable","31":"shipping-taxable","32":"purchasable","33":"product-type-simple"},"acf":[],"_links":{"self":[{"href":"http:\/\/www.polideas.it\/de\/wp-json\/wp\/v2\/product\/10488","targetHints":{"allow":["GET"]}}],"collection":[{"href":"http:\/\/www.polideas.it\/de\/wp-json\/wp\/v2\/product"}],"about":[{"href":"http:\/\/www.polideas.it\/de\/wp-json\/wp\/v2\/types\/product"}],"replies":[{"embeddable":true,"href":"http:\/\/www.polideas.it\/de\/wp-json\/wp\/v2\/comments?post=10488"}],"wp:featuredmedia":[{"embeddable":true,"href":"http:\/\/www.polideas.it\/de\/wp-json\/wp\/v2\/media\/14588"}],"wp:attachment":[{"href":"http:\/\/www.polideas.it\/de\/wp-json\/wp\/v2\/media?parent=10488"}],"wp:term":[{"taxonomy":"product_brand","embeddable":true,"href":"http:\/\/www.polideas.it\/de\/wp-json\/wp\/v2\/product_brand?post=10488"},{"taxonomy":"product_cat","embeddable":true,"href":"http:\/\/www.polideas.it\/de\/wp-json\/wp\/v2\/product_cat?post=10488"},{"taxonomy":"product_tag","embeddable":true,"href":"http:\/\/www.polideas.it\/de\/wp-json\/wp\/v2\/product_tag?post=10488"}],"curies":[{"name":"wp","href":"https:\/\/api.w.org\/{rel}","templated":true}]}}