{"id":10489,"date":"2022-02-28T21:57:31","date_gmt":"2022-02-28T20:57:31","guid":{"rendered":"https:\/\/www.polideas.it\/?post_type=product&#038;p=10489"},"modified":"2025-07-14T11:21:48","modified_gmt":"2025-07-14T09:21:48","slug":"griff-griff-mobiles-design","status":"publish","type":"product","link":"http:\/\/www.polideas.it\/de\/en-2\/wohnzimmer-knopfe-griffe\/griff-griff-mobiles-design\/","title":{"rendered":"Handgriff - Mobiler Design-Griff"},"content":{"rendered":"<p>La <strong>Griff<\/strong> <strong>Grip<\/strong> <strong>von Polideas<\/strong> zeichnet sich durch sein geschwungenes und essentielles Design aus.<\/p>\n<p>Mit seiner geschwungenen, abgerundeten Linie ist Grip der perfekte Griff f\u00fcr die Renovierung von Wohn- und Schlafzimmerm\u00f6beln. Er vereinheitlicht den Raum und verleiht jedem Dekor einen zus\u00e4tzlichen Hauch von Stil.<\/p>\n<p>Erh\u00e4ltlich in der eleganten <strong>Aluminium-Effekt-Finish<\/strong>Mit einer Breite von 105 mm und einer H\u00f6he von 37 mm ist er die ideale Erg\u00e4nzung f\u00fcr alle, die Stil und Zweckm\u00e4\u00dfigkeit verbinden m\u00f6chten.<\/p>\n<p>La <strong>Handgriff <\/strong>ist das Ergebnis kontinuierlicher Forschung in Kombination mit der f\u00fcr Made in Italy typischen Sorgfalt. Es wird aus hochwertigen Materialien hergestellt, um jederzeit maximale Sicherheit zu gew\u00e4hrleisten.<\/p>","protected":false},"excerpt":{"rendered":"<p>La maniglia Grip di Polideas si caratterizza per il design sinuoso ed essenziale. Dalla linea curva e tondeggiante, Grip \u00e8 la maniglia perfetta per rinnovare i mobili del living e della camera da letto uniformando gli ambienti e regalando quel tocco di stile in pi\u00f9 ad ogni arredo. Disponibile nell\u2019elegante finitura ad effetto alluminio, ha [&#8230;]\n","protected":false},"featured_media":13692,"comment_status":"closed","ping_status":"closed","template":"","meta":{"_acf_changed":false},"product_brand":[],"product_cat":[47],"product_tag":[3149,3200,3151,3173,3174,3209,3205,3152,3153,3175,3156,3210,3193,3100,3159,3160,3211,3177,3178,3179],"class_list":{"0":"post-10489","1":"product","2":"type-product","3":"status-publish","4":"has-post-thumbnail","6":"product_cat-maniglie-pomelli-camera-soggiorno","7":"product_tag-maniglia","8":"product_tag-maniglia-anta","9":"product_tag-maniglia-anta-mobile","10":"product_tag-maniglia-anta-mobile-soggiorno","11":"product_tag-maniglia-anta-soggiorno","12":"product_tag-maniglia-arredo","13":"product_tag-maniglia-camera","14":"product_tag-maniglia-cassettiera","15":"product_tag-maniglia-cassetto","16":"product_tag-maniglia-cassetto-soggiorno","17":"product_tag-maniglia-design","18":"product_tag-maniglia-effetto-alluminio","19":"product_tag-maniglia-interasse-96mm","20":"product_tag-maniglia-mobile","21":"product_tag-maniglia-mobile-al-miglior-prezzo","22":"product_tag-maniglia-mobile-arredamento","23":"product_tag-maniglia-mobile-camera","24":"product_tag-maniglia-mobile-soggiorno","25":"product_tag-maniglia-per-mobile-soggiorno","26":"product_tag-maniglia-soggiorno","28":"first","29":"instock","30":"taxable","31":"shipping-taxable","32":"purchasable","33":"product-type-simple"},"acf":[],"_links":{"self":[{"href":"http:\/\/www.polideas.it\/de\/wp-json\/wp\/v2\/product\/10489","targetHints":{"allow":["GET"]}}],"collection":[{"href":"http:\/\/www.polideas.it\/de\/wp-json\/wp\/v2\/product"}],"about":[{"href":"http:\/\/www.polideas.it\/de\/wp-json\/wp\/v2\/types\/product"}],"replies":[{"embeddable":true,"href":"http:\/\/www.polideas.it\/de\/wp-json\/wp\/v2\/comments?post=10489"}],"wp:featuredmedia":[{"embeddable":true,"href":"http:\/\/www.polideas.it\/de\/wp-json\/wp\/v2\/media\/13692"}],"wp:attachment":[{"href":"http:\/\/www.polideas.it\/de\/wp-json\/wp\/v2\/media?parent=10489"}],"wp:term":[{"taxonomy":"product_brand","embeddable":true,"href":"http:\/\/www.polideas.it\/de\/wp-json\/wp\/v2\/product_brand?post=10489"},{"taxonomy":"product_cat","embeddable":true,"href":"http:\/\/www.polideas.it\/de\/wp-json\/wp\/v2\/product_cat?post=10489"},{"taxonomy":"product_tag","embeddable":true,"href":"http:\/\/www.polideas.it\/de\/wp-json\/wp\/v2\/product_tag?post=10489"}],"curies":[{"name":"wp","href":"https:\/\/api.w.org\/{rel}","templated":true}]}}