{"id":10496,"date":"2022-02-28T21:57:53","date_gmt":"2022-02-28T20:57:53","guid":{"rendered":"https:\/\/www.polideas.it\/?post_type=product&#038;p=10496"},"modified":"2025-02-03T14:57:02","modified_gmt":"2025-02-03T13:57:02","slug":"antiker-groser-bogengriff-antiker-mobelgriff-in-eisenoptik","status":"publish","type":"product","link":"http:\/\/www.polideas.it\/de\/en-2\/antike-griffe-und-knopfe\/antiker-groser-bogengriff-antiker-mobelgriff-in-eisenoptik\/","title":{"rendered":"Gro\u00dfer Bogen Antiker Griff - Antiker Mobiler Griff - Eiseneffekt"},"content":{"rendered":"<p>Der Griff <strong>antikisierter Gro\u00dfer Bogen <\/strong>von Polideas scheint aus einer anderen Zeit zu stammen.<\/p>\n<p>Der Griff wurde entwickelt, um K\u00fcchen-, Schlaf- und Wohnzimmerm\u00f6bel im Retro-Stil zu gestalten.<strong> antikisierter Gro\u00dfer Bogen <\/strong>ist ideal, um klassisch, industriell oder im Landhausstil eingerichtete R\u00e4ume zu vereinen.<\/p>\n<p>Erh\u00e4ltlich in eleganter <strong>Bronze-Effekt, Kupfer-Effekt und Eisen-Effekt<\/strong>Der Big Arco Griff sorgt f\u00fcr einen soliden und sicheren Halt. Dank einer komplexen, innovativen Verarbeitungstechnik, die die \u00e4sthetischen Qualit\u00e4ten von eingearbeitetem Metall mit der Praktikabilit\u00e4t und Ergonomie von hochwertigem Kunststoff verbindet, erzielt er einen einzigartigen Antik-Effekt.<\/p>\n<p>Mit einer Breite von 166 mm und einer H\u00f6he von 22 mm ist er ideal, um alte Griffe an antiken M\u00f6beln zu ersetzen, ohne dabei an Authentizit\u00e4t einzub\u00fc\u00dfen.<\/p>","protected":false},"excerpt":{"rendered":"<p>La maniglia anticata Big Arco di Polideas sembra arrivare da un\u2019altra epoca. Pensata per personalizzare i mobili di cucina, camere da letto e living dal sapore retr\u00f2, la maniglia anticata Big Arco \u00e8 l\u2019ideale per uniformare gli ambienti arredati in stile classico, industrial o country. Disponibile nelle eleganti versioni ad effetto bronzo, effetto rame ed [&#8230;]\n","protected":false},"featured_media":11243,"comment_status":"closed","ping_status":"closed","template":"","meta":{"_acf_changed":false},"product_brand":[],"product_cat":[72],"product_tag":[3149,3151,3180,3181,3152,3153,3156,3182,3183,3176,3100,3159,3160,3184,3185,3186,3187],"class_list":{"0":"post-10496","1":"product","2":"type-product","3":"status-publish","4":"has-post-thumbnail","6":"product_cat-maniglie-pomoli-anticati","7":"product_tag-maniglia","8":"product_tag-maniglia-anta-mobile","9":"product_tag-maniglia-antica","10":"product_tag-maniglia-anticata","11":"product_tag-maniglia-cassettiera","12":"product_tag-maniglia-cassetto","13":"product_tag-maniglia-design","14":"product_tag-maniglia-effetto-anticato","15":"product_tag-maniglia-effetto-antico","16":"product_tag-maniglia-interasse-128mm","17":"product_tag-maniglia-mobile","18":"product_tag-maniglia-mobile-al-miglior-prezzo","19":"product_tag-maniglia-mobile-arredamento","20":"product_tag-maniglia-per-mobile-antico","21":"product_tag-maniglia-restauro-mobili","22":"product_tag-maniglia-rustico","23":"product_tag-maniglie-per-restaurazione-mobili","25":"first","26":"instock","27":"taxable","28":"shipping-taxable","29":"purchasable","30":"product-type-simple"},"acf":[],"_links":{"self":[{"href":"http:\/\/www.polideas.it\/de\/wp-json\/wp\/v2\/product\/10496","targetHints":{"allow":["GET"]}}],"collection":[{"href":"http:\/\/www.polideas.it\/de\/wp-json\/wp\/v2\/product"}],"about":[{"href":"http:\/\/www.polideas.it\/de\/wp-json\/wp\/v2\/types\/product"}],"replies":[{"embeddable":true,"href":"http:\/\/www.polideas.it\/de\/wp-json\/wp\/v2\/comments?post=10496"}],"wp:featuredmedia":[{"embeddable":true,"href":"http:\/\/www.polideas.it\/de\/wp-json\/wp\/v2\/media\/11243"}],"wp:attachment":[{"href":"http:\/\/www.polideas.it\/de\/wp-json\/wp\/v2\/media?parent=10496"}],"wp:term":[{"taxonomy":"product_brand","embeddable":true,"href":"http:\/\/www.polideas.it\/de\/wp-json\/wp\/v2\/product_brand?post=10496"},{"taxonomy":"product_cat","embeddable":true,"href":"http:\/\/www.polideas.it\/de\/wp-json\/wp\/v2\/product_cat?post=10496"},{"taxonomy":"product_tag","embeddable":true,"href":"http:\/\/www.polideas.it\/de\/wp-json\/wp\/v2\/product_tag?post=10496"}],"curies":[{"name":"wp","href":"https:\/\/api.w.org\/{rel}","templated":true}]}}