{"id":10504,"date":"2022-02-28T21:57:54","date_gmt":"2022-02-28T20:57:54","guid":{"rendered":"https:\/\/www.polideas.it\/?post_type=product&#038;p=10504"},"modified":"2025-01-30T10:09:18","modified_gmt":"2025-01-30T09:09:18","slug":"nischengriff-schrankdesign-verchromter-griff","status":"publish","type":"product","link":"http:\/\/www.polideas.it\/de\/en-2\/wohnzimmer-knopfe-griffe\/nischengriff-schrankdesign-verchromter-griff\/","title":{"rendered":"Griff-Nische - Mobiler Design-Griff - Chrom poliert"},"content":{"rendered":"<p>Gl\u00e4nzend, unverzichtbar und mit einem Designerdesign: das ist die <strong>Griff<\/strong> <strong>Nische<\/strong> <strong>von Polideas<\/strong>.<\/p>\n<p>Mit seiner unverwechselbaren Linie, die fast an eine gl\u00e4nzende Muschel erinnert, ist Nicchia f\u00fcr all diejenigen gedacht, die ihre M\u00f6bel im Schlafzimmer, im Eingangsbereich und im Wohnbereich individuell gestalten m\u00f6chten, indem sie sich auf eine <strong>eine raffinierte und elegante Erg\u00e4nzung,<\/strong> und bleibt dabei sehr minimal.<\/p>\n<p>Erh\u00e4ltlich im <strong>poliertes Chrom und wei\u00df lackierte Oberfl\u00e4che<\/strong>Mit einer Breite von 105 mm und einer H\u00f6he von 34 mm eignet er sich perfekt f\u00fcr verschiedene Kombinationen von M\u00f6beln und garantiert immer einen festen und sicheren Halt.<\/p>\n<p>La <strong>Nische behandeln <\/strong>ist das Ergebnis kontinuierlicher Forschung in Kombination mit der f\u00fcr Made in Italy typischen Sorgfalt. Es wird aus hochwertigen Materialien hergestellt, um jederzeit maximale Sicherheit zu gew\u00e4hrleisten.<\/p>","protected":false},"excerpt":{"rendered":"<p>Lucida, essenziale e dal design d\u2019autore: \u00e8 la maniglia Nicchia di Polideas. Con la sua linea particolare che ricorda quasi un guscio lucido, Nicchia \u00e8 dedicata a chi desidera personalizzare i mobili della camera da letto, dell\u2019ingresso e della zona living puntando su un complemento ricercato ed elegante, pur rimanendo molto minimal. Disponibile nella finitura [&#8230;]","protected":false},"featured_media":13751,"comment_status":"closed","ping_status":"closed","template":"","meta":{"_acf_changed":false},"product_brand":[],"product_cat":[47],"product_tag":[3149,3200,3151,3173,3174,3209,3205,3152,3153,3175,3212,3156,3198,3100,3159,3160,3211,3177,3178,3179],"class_list":{"0":"post-10504","1":"product","2":"type-product","3":"status-publish","4":"has-post-thumbnail","6":"product_cat-maniglie-pomelli-camera-soggiorno","7":"product_tag-maniglia","8":"product_tag-maniglia-anta","9":"product_tag-maniglia-anta-mobile","10":"product_tag-maniglia-anta-mobile-soggiorno","11":"product_tag-maniglia-anta-soggiorno","12":"product_tag-maniglia-arredo","13":"product_tag-maniglia-camera","14":"product_tag-maniglia-cassettiera","15":"product_tag-maniglia-cassetto","16":"product_tag-maniglia-cassetto-soggiorno","17":"product_tag-maniglia-cromata","18":"product_tag-maniglia-design","19":"product_tag-maniglia-interasse-64mm","20":"product_tag-maniglia-mobile","21":"product_tag-maniglia-mobile-al-miglior-prezzo","22":"product_tag-maniglia-mobile-arredamento","23":"product_tag-maniglia-mobile-camera","24":"product_tag-maniglia-mobile-soggiorno","25":"product_tag-maniglia-per-mobile-soggiorno","26":"product_tag-maniglia-soggiorno","28":"first","29":"instock","30":"taxable","31":"shipping-taxable","32":"purchasable","33":"product-type-simple"},"acf":[],"_links":{"self":[{"href":"http:\/\/www.polideas.it\/de\/wp-json\/wp\/v2\/product\/10504","targetHints":{"allow":["GET"]}}],"collection":[{"href":"http:\/\/www.polideas.it\/de\/wp-json\/wp\/v2\/product"}],"about":[{"href":"http:\/\/www.polideas.it\/de\/wp-json\/wp\/v2\/types\/product"}],"replies":[{"embeddable":true,"href":"http:\/\/www.polideas.it\/de\/wp-json\/wp\/v2\/comments?post=10504"}],"wp:featuredmedia":[{"embeddable":true,"href":"http:\/\/www.polideas.it\/de\/wp-json\/wp\/v2\/media\/13751"}],"wp:attachment":[{"href":"http:\/\/www.polideas.it\/de\/wp-json\/wp\/v2\/media?parent=10504"}],"wp:term":[{"taxonomy":"product_brand","embeddable":true,"href":"http:\/\/www.polideas.it\/de\/wp-json\/wp\/v2\/product_brand?post=10504"},{"taxonomy":"product_cat","embeddable":true,"href":"http:\/\/www.polideas.it\/de\/wp-json\/wp\/v2\/product_cat?post=10504"},{"taxonomy":"product_tag","embeddable":true,"href":"http:\/\/www.polideas.it\/de\/wp-json\/wp\/v2\/product_tag?post=10504"}],"curies":[{"name":"wp","href":"https:\/\/api.w.org\/{rel}","templated":true}]}}