{"id":10506,"date":"2022-02-28T21:57:54","date_gmt":"2022-02-28T20:57:54","guid":{"rendered":"https:\/\/www.polideas.it\/?post_type=product&#038;p=10506"},"modified":"2025-02-04T18:05:28","modified_gmt":"2025-02-04T17:05:28","slug":"kinderzimmer-sticker-bar-dekoration","status":"publish","type":"product","link":"http:\/\/www.polideas.it\/de\/en-2\/kinderknopfe-griffe-2\/kinderzimmer-sticker-bar-dekoration\/","title":{"rendered":"Baby B\u00e4r Sticker Dekoration - Kinderzimmer Dekoration"},"content":{"rendered":"<p>Wirken die W\u00e4nde Ihres Kinderzimmers ein wenig kahl und Sie m\u00f6chten sie vielleicht fr\u00f6hlicher und bunter gestalten? Oder vielleicht m\u00f6chten Sie Ihren Kindern <strong>Ein Hauch von Neuheit<\/strong> sogar zu klassischen M\u00f6beln?<\/p>\n<p>Die <strong>Kinderaufkleber Dekoration B\u00e4r<\/strong> ist genau das Richtige f\u00fcr Sie: Es ist eine selbstklebende Dekoration in Form eines knuddeligen B\u00e4ren, die an W\u00e4nden, aber auch an M\u00f6beln angebracht werden kann, um einen zus\u00e4tzlichen Hauch von Fr\u00f6hlichkeit und Z\u00e4rtlichkeit zu verleihen.<\/p>\n<p><strong>Polideas Klebeb\u00e4r<\/strong>in der traditionellen br\u00e4unlichen Farbe mit blauem Rand, hat ein s\u00fc\u00dfes und freundliches Gesicht, das Ihre Kinder lieben werden.<\/p>\n<p>Hergestellt in voller \u00dcbereinstimmung mit der europ\u00e4ischen REACH-Verordnung, <strong>Kinderaufkleber Dekoration B\u00e4r<\/strong> ist frei von scharfen Kanten und garantiert maximale Sicherheit in allen Situationen.<\/p>","protected":false},"excerpt":{"rendered":"<p>Le pareti della cameretta dei vostri bambini vi sembrano un po\u2019 spoglie e magari desiderate renderle pi\u00f9 allegre e colorate? O magari volete dare un tocco di novit\u00e0 anche ai classici mobili? Il decoro adesivo bimbi Bear \u00e8 proprio quello che fa per voi: si tratta di un decoro adesivo a forma di tenero orsetto [&#8230;]\n","protected":false},"featured_media":11427,"comment_status":"closed","ping_status":"closed","template":"","meta":{"_acf_changed":false},"product_brand":[],"product_cat":[24],"product_tag":[3213,3214,3215,3216,3217,3218,3219,3119],"class_list":{"0":"post-10506","1":"product","2":"type-product","3":"status-publish","4":"has-post-thumbnail","6":"product_cat-maniglie-pomelli-bambini","7":"product_tag-adesivi-orsetti-cameretta-bimbi","8":"product_tag-adesivo-orsetto","9":"product_tag-decorazioni-camerette-neonati","10":"product_tag-decorazioni-mobili-bambini","11":"product_tag-decoro-cameretta","12":"product_tag-decoro-cassetto-bimbo","13":"product_tag-decoro-orso-stanza-bambini","14":"product_tag-pomelli-cameretta-bimba","16":"first","17":"instock","18":"taxable","19":"shipping-taxable","20":"purchasable","21":"product-type-simple"},"acf":[],"_links":{"self":[{"href":"http:\/\/www.polideas.it\/de\/wp-json\/wp\/v2\/product\/10506","targetHints":{"allow":["GET"]}}],"collection":[{"href":"http:\/\/www.polideas.it\/de\/wp-json\/wp\/v2\/product"}],"about":[{"href":"http:\/\/www.polideas.it\/de\/wp-json\/wp\/v2\/types\/product"}],"replies":[{"embeddable":true,"href":"http:\/\/www.polideas.it\/de\/wp-json\/wp\/v2\/comments?post=10506"}],"wp:featuredmedia":[{"embeddable":true,"href":"http:\/\/www.polideas.it\/de\/wp-json\/wp\/v2\/media\/11427"}],"wp:attachment":[{"href":"http:\/\/www.polideas.it\/de\/wp-json\/wp\/v2\/media?parent=10506"}],"wp:term":[{"taxonomy":"product_brand","embeddable":true,"href":"http:\/\/www.polideas.it\/de\/wp-json\/wp\/v2\/product_brand?post=10506"},{"taxonomy":"product_cat","embeddable":true,"href":"http:\/\/www.polideas.it\/de\/wp-json\/wp\/v2\/product_cat?post=10506"},{"taxonomy":"product_tag","embeddable":true,"href":"http:\/\/www.polideas.it\/de\/wp-json\/wp\/v2\/product_tag?post=10506"}],"curies":[{"name":"wp","href":"https:\/\/api.w.org\/{rel}","templated":true}]}}