{"id":10507,"date":"2022-02-28T21:57:55","date_gmt":"2022-02-28T20:57:55","guid":{"rendered":"https:\/\/www.polideas.it\/?post_type=product&#038;p=10507"},"modified":"2025-02-23T20:34:31","modified_gmt":"2025-02-23T19:34:31","slug":"mobel-mit-quadratischem-knauf","status":"publish","type":"product","link":"http:\/\/www.polideas.it\/de\/en-2\/wohnzimmer-knopfe-griffe\/mobel-mit-quadratischem-knauf\/","title":{"rendered":"Quadro Knopf - Mobile Design Knopf"},"content":{"rendered":"<p>Quadratisch, minimalistisch und mit gro\u00dfer B\u00fchnenpr\u00e4senz: das ist der <strong>Quadro-Knopf von Polideas<\/strong>.<\/p>\n<p>Es wurde entwickelt, um Schlafzimmer- oder Wohnbereichsm\u00f6bel zu personalisieren und zu renovieren, insbesondere solche im modernen Stil. <strong>essentieller und anspruchsvoller Stil.<\/strong><\/p>\n<p>Erh\u00e4ltlich im <strong>Aluminium-Effekt-Finish, <\/strong>hat eine Breite von 30 mm und eine H\u00f6he von 30 mm und ist somit perfekt quadratisch. Es kann auch zur Dekoration von W\u00e4nden verwendet werden und erf\u00fcllt somit eine doppelte praktische und \u00e4sthetische Funktion.<\/p>\n<p>Die <strong>Quadro-Knopf <\/strong>ist das Ergebnis kontinuierlicher Forschung in Kombination mit der f\u00fcr Made in Italy typischen Sorgfalt. Es wird aus hochwertigen Materialien hergestellt, um jederzeit maximale Sicherheit zu gew\u00e4hrleisten.<\/p>","protected":false},"excerpt":{"rendered":"<p>Squadrato, minimal e dalla grande presenza scenica: \u00e8 il pomello Quadro di Polideas. Pensato per personalizzare e rinnovare i mobili della camera da letto o della zona living, soprattutto quelli in stile moderno, \u00e8 il complemento ideale per chi ama uno stile essenziale e ricercato. Disponibile nella finitura effetto alluminio, ha una larghezza di 30 [&#8230;]\n","protected":false},"featured_media":15799,"comment_status":"closed","ping_status":"closed","template":"","meta":{"_acf_changed":false},"product_brand":[],"product_cat":[47],"product_tag":[3101,3102,3103,3104,3105,3107,3108,3109,3220,3111,3112,3113,3114,3121,3115,3116,3117,3118],"class_list":{"0":"post-10507","1":"product","2":"type-product","3":"status-publish","4":"has-post-thumbnail","6":"product_cat-maniglie-pomelli-camera-soggiorno","7":"product_tag-pomello","8":"product_tag-pomello-anta-mobile-soggiorno","9":"product_tag-pomello-anta-soggiorno","10":"product_tag-pomello-cassetto-soggiorno","11":"product_tag-pomello-design","12":"product_tag-pomello-mobile","13":"product_tag-pomello-mobile-soggiorno","14":"product_tag-pomello-per-mobile-soggiorno","15":"product_tag-pomello-quadro","16":"product_tag-pomello-soggiorno","17":"product_tag-pomolo","18":"product_tag-pomolo-al-miglior-prezzo","19":"product_tag-pomolo-anta-mobile","20":"product_tag-pomolo-armadio","21":"product_tag-pomolo-cassettiera","22":"product_tag-pomolo-cassetto","23":"product_tag-pomolo-mobile","24":"product_tag-pomolo-mobile-arredamento","26":"first","27":"instock","28":"taxable","29":"shipping-taxable","30":"purchasable","31":"product-type-simple"},"acf":[],"_links":{"self":[{"href":"http:\/\/www.polideas.it\/de\/wp-json\/wp\/v2\/product\/10507","targetHints":{"allow":["GET"]}}],"collection":[{"href":"http:\/\/www.polideas.it\/de\/wp-json\/wp\/v2\/product"}],"about":[{"href":"http:\/\/www.polideas.it\/de\/wp-json\/wp\/v2\/types\/product"}],"replies":[{"embeddable":true,"href":"http:\/\/www.polideas.it\/de\/wp-json\/wp\/v2\/comments?post=10507"}],"wp:featuredmedia":[{"embeddable":true,"href":"http:\/\/www.polideas.it\/de\/wp-json\/wp\/v2\/media\/15799"}],"wp:attachment":[{"href":"http:\/\/www.polideas.it\/de\/wp-json\/wp\/v2\/media?parent=10507"}],"wp:term":[{"taxonomy":"product_brand","embeddable":true,"href":"http:\/\/www.polideas.it\/de\/wp-json\/wp\/v2\/product_brand?post=10507"},{"taxonomy":"product_cat","embeddable":true,"href":"http:\/\/www.polideas.it\/de\/wp-json\/wp\/v2\/product_cat?post=10507"},{"taxonomy":"product_tag","embeddable":true,"href":"http:\/\/www.polideas.it\/de\/wp-json\/wp\/v2\/product_tag?post=10507"}],"curies":[{"name":"wp","href":"https:\/\/api.w.org\/{rel}","templated":true}]}}