{"id":10514,"date":"2022-02-28T21:57:56","date_gmt":"2022-02-28T20:57:56","guid":{"rendered":"https:\/\/www.polideas.it\/?post_type=product&#038;p=10514"},"modified":"2025-01-29T11:48:12","modified_gmt":"2025-01-29T10:48:12","slug":"grifflinie-und-groser-griff-mobiles-design","status":"publish","type":"product","link":"http:\/\/www.polideas.it\/de\/en-2\/wohnzimmer-knopfe-griffe\/grifflinie-und-groser-griff-mobiles-design\/","title":{"rendered":"Linea E Big Handle - Mobiler Design-Griff"},"content":{"rendered":"<p>Elegant, essentiell und stromlinienf\u00f6rmig: das ist der <strong>Griff<\/strong> <strong>E Gro\u00dfe Linie<\/strong> <strong>von Polideas<\/strong>.<\/p>\n<p>Linea E Big bietet dank seiner l\u00e4nglichen Form einen bequemen und sicheren Halt und ist f\u00fcr all diejenigen gedacht, die ihre Schlafzimmer-, Eingangs- und Wohnbereichsm\u00f6bel individuell gestalten m\u00f6chten, indem sie sich auf eine <strong>gesuchte Erg\u00e4nzung,<\/strong> und bleibt dabei extrem minimal.<\/p>\n<p>Erh\u00e4ltlich im <strong>Aluminium-Effekt-Finish<\/strong>Mit einer Breite von 250 mm und einer H\u00f6he von 16 mm eignet er sich perfekt f\u00fcr verschiedene M\u00f6belkombinationen und insbesondere f\u00fcr die stilvolle Erg\u00e4nzung von gro\u00dfen M\u00f6beln, die einen festen Halt erfordern.<\/p>\n<p>La <strong>Griff E Big Line <\/strong>ist das Ergebnis st\u00e4ndiger Forschung in Verbindung mit der f\u00fcr Made in Italy typischen Sorgfalt und wird aus hochwertigen Materialien hergestellt, um jederzeit maximale Sicherheit zu gew\u00e4hrleisten<\/p>","protected":false},"excerpt":{"rendered":"<p>&nbsp;<\/p>\n<p><strong>\u00a0<\/strong><\/p>","protected":false},"featured_media":7528,"comment_status":"closed","ping_status":"closed","template":"","meta":{"_acf_changed":false},"product_brand":[],"product_cat":[47],"product_tag":[3149,3151,3173,3174,3209,3205,3152,3153,3175,3156,3229,3100,3159,3160,3211,3177,3178,3179],"class_list":{"0":"post-10514","1":"product","2":"type-product","3":"status-publish","4":"has-post-thumbnail","6":"product_cat-maniglie-pomelli-camera-soggiorno","7":"product_tag-maniglia","8":"product_tag-maniglia-anta-mobile","9":"product_tag-maniglia-anta-mobile-soggiorno","10":"product_tag-maniglia-anta-soggiorno","11":"product_tag-maniglia-arredo","12":"product_tag-maniglia-camera","13":"product_tag-maniglia-cassettiera","14":"product_tag-maniglia-cassetto","15":"product_tag-maniglia-cassetto-soggiorno","16":"product_tag-maniglia-design","17":"product_tag-maniglia-interasse-192mm","18":"product_tag-maniglia-mobile","19":"product_tag-maniglia-mobile-al-miglior-prezzo","20":"product_tag-maniglia-mobile-arredamento","21":"product_tag-maniglia-mobile-camera","22":"product_tag-maniglia-mobile-soggiorno","23":"product_tag-maniglia-per-mobile-soggiorno","24":"product_tag-maniglia-soggiorno","26":"first","27":"instock","28":"taxable","29":"shipping-taxable","30":"purchasable","31":"product-type-simple"},"acf":[],"_links":{"self":[{"href":"http:\/\/www.polideas.it\/de\/wp-json\/wp\/v2\/product\/10514","targetHints":{"allow":["GET"]}}],"collection":[{"href":"http:\/\/www.polideas.it\/de\/wp-json\/wp\/v2\/product"}],"about":[{"href":"http:\/\/www.polideas.it\/de\/wp-json\/wp\/v2\/types\/product"}],"replies":[{"embeddable":true,"href":"http:\/\/www.polideas.it\/de\/wp-json\/wp\/v2\/comments?post=10514"}],"wp:featuredmedia":[{"embeddable":true,"href":"http:\/\/www.polideas.it\/de\/wp-json\/wp\/v2\/media\/7528"}],"wp:attachment":[{"href":"http:\/\/www.polideas.it\/de\/wp-json\/wp\/v2\/media?parent=10514"}],"wp:term":[{"taxonomy":"product_brand","embeddable":true,"href":"http:\/\/www.polideas.it\/de\/wp-json\/wp\/v2\/product_brand?post=10514"},{"taxonomy":"product_cat","embeddable":true,"href":"http:\/\/www.polideas.it\/de\/wp-json\/wp\/v2\/product_cat?post=10514"},{"taxonomy":"product_tag","embeddable":true,"href":"http:\/\/www.polideas.it\/de\/wp-json\/wp\/v2\/product_tag?post=10514"}],"curies":[{"name":"wp","href":"https:\/\/api.w.org\/{rel}","templated":true}]}}