{"id":10515,"date":"2022-02-28T21:57:56","date_gmt":"2022-02-28T20:57:56","guid":{"rendered":"https:\/\/www.polideas.it\/?post_type=product&#038;p=10515"},"modified":"2025-01-30T11:59:58","modified_gmt":"2025-01-30T10:59:58","slug":"koch-antiker-mobelgriff-in-eisenoptik","status":"publish","type":"product","link":"http:\/\/www.polideas.it\/de\/en-2\/antike-griffe-und-knopfe\/koch-antiker-mobelgriff-in-eisenoptik\/","title":{"rendered":"Cook Antiker Griff - Antiker mobiler Griff - Eiseneffekt"},"content":{"rendered":"<p>Modern und elegant: der Griff <strong>antikisierter Koch <\/strong>von Polideas.<\/p>\n<p>Entwickelt, um K\u00fcchenm\u00f6bel individuell zu gestalten, aber nicht nur, der Griff<strong> antikisierter Koch <\/strong>ist ideal, um klassisch, industriell oder im Landhausstil eingerichtete R\u00e4ume zu vereinen.<\/p>\n<p>Erh\u00e4ltlich in eleganter <strong>Bronze-Effekt, Kupfer-Effekt und Eisen-Effekt<\/strong>Der Cook-Griff sorgt f\u00fcr einen soliden und sicheren Halt. Dank einer komplexen, innovativen Verarbeitung, die die \u00e4sthetischen Vorz\u00fcge von langlebigem Metall mit der Praktikabilit\u00e4t und Ergonomie von hochwertigem Kunststoff verbindet, erzielt er einen einzigartigen Antik-Effekt.<\/p>\n<p>Mit einer Breite von 165 mm und einer H\u00f6he von 26 mm ist es ideal, um selbst den Retro-M\u00f6beln einen Hauch von moderner Raffinesse zu verleihen.<\/p>\n<p>&nbsp;<\/p>","protected":false},"excerpt":{"rendered":"<p>Moderna ed elegante: ecco la maniglia anticata Cook di Polideas. Pensata per personalizzare i mobili di cucina ma non solo, la maniglia anticata Cook \u00e8 l\u2019ideale per uniformare gli ambienti arredati in stile classico, industrial o country. Disponibile nelle eleganti versioni ad effetto bronzo, effetto rame ed effetto ferro, la maniglia Cook assicura una presa [&#8230;]\n","protected":false},"featured_media":11273,"comment_status":"closed","ping_status":"closed","template":"","meta":{"_acf_changed":false},"product_brand":[],"product_cat":[72],"product_tag":[3149,3151,3180,3181,3152,3153,3156,3182,3183,3176,3100,3159,3160,3184,3185,3186,3187],"class_list":{"0":"post-10515","1":"product","2":"type-product","3":"status-publish","4":"has-post-thumbnail","6":"product_cat-maniglie-pomoli-anticati","7":"product_tag-maniglia","8":"product_tag-maniglia-anta-mobile","9":"product_tag-maniglia-antica","10":"product_tag-maniglia-anticata","11":"product_tag-maniglia-cassettiera","12":"product_tag-maniglia-cassetto","13":"product_tag-maniglia-design","14":"product_tag-maniglia-effetto-anticato","15":"product_tag-maniglia-effetto-antico","16":"product_tag-maniglia-interasse-128mm","17":"product_tag-maniglia-mobile","18":"product_tag-maniglia-mobile-al-miglior-prezzo","19":"product_tag-maniglia-mobile-arredamento","20":"product_tag-maniglia-per-mobile-antico","21":"product_tag-maniglia-restauro-mobili","22":"product_tag-maniglia-rustico","23":"product_tag-maniglie-per-restaurazione-mobili","25":"first","26":"instock","27":"taxable","28":"shipping-taxable","29":"purchasable","30":"product-type-simple"},"acf":[],"_links":{"self":[{"href":"http:\/\/www.polideas.it\/de\/wp-json\/wp\/v2\/product\/10515","targetHints":{"allow":["GET"]}}],"collection":[{"href":"http:\/\/www.polideas.it\/de\/wp-json\/wp\/v2\/product"}],"about":[{"href":"http:\/\/www.polideas.it\/de\/wp-json\/wp\/v2\/types\/product"}],"replies":[{"embeddable":true,"href":"http:\/\/www.polideas.it\/de\/wp-json\/wp\/v2\/comments?post=10515"}],"wp:featuredmedia":[{"embeddable":true,"href":"http:\/\/www.polideas.it\/de\/wp-json\/wp\/v2\/media\/11273"}],"wp:attachment":[{"href":"http:\/\/www.polideas.it\/de\/wp-json\/wp\/v2\/media?parent=10515"}],"wp:term":[{"taxonomy":"product_brand","embeddable":true,"href":"http:\/\/www.polideas.it\/de\/wp-json\/wp\/v2\/product_brand?post=10515"},{"taxonomy":"product_cat","embeddable":true,"href":"http:\/\/www.polideas.it\/de\/wp-json\/wp\/v2\/product_cat?post=10515"},{"taxonomy":"product_tag","embeddable":true,"href":"http:\/\/www.polideas.it\/de\/wp-json\/wp\/v2\/product_tag?post=10515"}],"curies":[{"name":"wp","href":"https:\/\/api.w.org\/{rel}","templated":true}]}}