{"id":10528,"date":"2022-02-28T21:58:19","date_gmt":"2022-02-28T20:58:19","guid":{"rendered":"https:\/\/www.polideas.it\/?post_type=product&#038;p=10528"},"modified":"2025-03-21T14:22:30","modified_gmt":"2025-03-21T13:22:30","slug":"soul-kuchengriff-transparent-geformter-kuchenschrankgriff","status":"publish","type":"product","link":"http:\/\/www.polideas.it\/de\/en-2\/kuchenknopfe-griffe\/soul-kuchengriff-transparent-geformter-kuchenschrankgriff\/","title":{"rendered":"Soul Kitchen Handle - K\u00fcchenschrankgriff - Transparent Mink Moulded"},"content":{"rendered":"<p>Sie hat eine kontrastreiche Seele <strong>der Soul K\u00fcchengriff von Polideas<\/strong>extrem wichtig in der Linie sowie raffiniert im Stil.<\/p>\n<p>Besonders geeignet f\u00fcr moderne K\u00fcchen, das <strong>Seele Griff<\/strong> ist die ideale Erg\u00e4nzung, um die K\u00fcche auf einfache und effektive Weise zu renovieren und den \u00fcblichen M\u00f6beln neues Leben einzuhauchen.<\/p>\n<p><strong>Erh\u00e4ltlich in den Versionen wei\u00df bedruckt, wei\u00df bedruckt und transparent bedruckt, <\/strong>passt perfekt zu hellen und dunklen M\u00f6beln und zu gl\u00e4nzenden, lackierten Oberfl\u00e4chen, deren Glanz er hervorhebt und ihnen einen zus\u00e4tzlichen Hauch von Stil verleiht.<\/p>\n<p>205 mm breit und 30 mm hoch, <strong>der Griff der Seele <\/strong>ist die ideale Wahl f\u00fcr alle, die ihrer K\u00fcche eine neue Seele geben m\u00f6chten.<\/p>\n<p>&nbsp;<\/p>","protected":false},"excerpt":{"rendered":"<p>Ha un\u2019anima a contrasto la maniglia cucina Soul di Polideas, estremamente essenziale nella linea quanto ricercata nello stile. Adatta soprattutto alle cucine moderne, la maniglia Soul \u00e8 il complemento ideale per rinnovare la cucina in modo semplice ed efficace regalando una nuova vita ai soliti mobili. Disponibile nelle versioni stampato bianco, stampato bianco e stampato [&#8230;]\n","protected":false},"featured_media":14068,"comment_status":"closed","ping_status":"closed","template":"","meta":{"_acf_changed":false},"product_brand":[],"product_cat":[37],"product_tag":[3149,3150,3151,3152,3153,3154,3155,3230,3156,3158,3100,3159,3160,3231,3232,3161,3169],"class_list":{"0":"post-10528","1":"product","2":"type-product","3":"status-publish","4":"has-post-thumbnail","6":"product_cat-maniglie-pomelli-cucina","7":"product_tag-maniglia","8":"product_tag-maniglia-anta-cucina","9":"product_tag-maniglia-anta-mobile","10":"product_tag-maniglia-cassettiera","11":"product_tag-maniglia-cassetto","12":"product_tag-maniglia-cassetto-cucina","13":"product_tag-maniglia-cucina","14":"product_tag-maniglia-cucina-luxury","15":"product_tag-maniglia-design","16":"product_tag-maniglia-interasse-160mm","17":"product_tag-maniglia-mobile","18":"product_tag-maniglia-mobile-al-miglior-prezzo","19":"product_tag-maniglia-mobile-arredamento","20":"product_tag-maniglia-mobile-cucina-elegante","21":"product_tag-maniglia-mobile-deluxe","22":"product_tag-maniglia-per-mobile-cucina","23":"product_tag-maniglie-cucina","25":"first","26":"instock","27":"taxable","28":"shipping-taxable","29":"purchasable","30":"product-type-simple"},"acf":[],"_links":{"self":[{"href":"http:\/\/www.polideas.it\/de\/wp-json\/wp\/v2\/product\/10528","targetHints":{"allow":["GET"]}}],"collection":[{"href":"http:\/\/www.polideas.it\/de\/wp-json\/wp\/v2\/product"}],"about":[{"href":"http:\/\/www.polideas.it\/de\/wp-json\/wp\/v2\/types\/product"}],"replies":[{"embeddable":true,"href":"http:\/\/www.polideas.it\/de\/wp-json\/wp\/v2\/comments?post=10528"}],"wp:featuredmedia":[{"embeddable":true,"href":"http:\/\/www.polideas.it\/de\/wp-json\/wp\/v2\/media\/14068"}],"wp:attachment":[{"href":"http:\/\/www.polideas.it\/de\/wp-json\/wp\/v2\/media?parent=10528"}],"wp:term":[{"taxonomy":"product_brand","embeddable":true,"href":"http:\/\/www.polideas.it\/de\/wp-json\/wp\/v2\/product_brand?post=10528"},{"taxonomy":"product_cat","embeddable":true,"href":"http:\/\/www.polideas.it\/de\/wp-json\/wp\/v2\/product_cat?post=10528"},{"taxonomy":"product_tag","embeddable":true,"href":"http:\/\/www.polideas.it\/de\/wp-json\/wp\/v2\/product_tag?post=10528"}],"curies":[{"name":"wp","href":"https:\/\/api.w.org\/{rel}","templated":true}]}}