{"id":10531,"date":"2022-02-28T21:58:19","date_gmt":"2022-02-28T20:58:19","guid":{"rendered":"https:\/\/www.polideas.it\/?post_type=product&#038;p=10531"},"modified":"2025-01-28T15:04:48","modified_gmt":"2025-01-28T14:04:48","slug":"badezimmergriff-pfeil-weis-lackiert-design-schrankgriff","status":"publish","type":"product","link":"http:\/\/www.polideas.it\/de\/en-2\/badknopfe-griffe\/badezimmergriff-pfeil-weis-lackiert-design-schrankgriff\/","title":{"rendered":"Badezimmergriff Pfeil - Mobiler Designgriff - Wei\u00df lackiert"},"content":{"rendered":"<p>Mit seiner aerodynamischen Form und seinem essentiellen Stil ist der <strong>Pfeil badezimmergriff by Polideas<\/strong> wurde geboren, um zu verbl\u00fcffen.<\/p>\n<p>Der Arrow-Griff ist in der Tat ideal, um Badezimmerm\u00f6bel auf einzigartige und raffinierte Weise zu gestalten, insbesondere solche, die in <strong>moderner Stil<\/strong>Sie verleihen ihnen Stil und Charakter.<\/p>\n<p>Verf\u00fcgbar in <strong>wei\u00df lackiert, Chrom poliert und Aluminiumeffekt-Oberfl\u00e4chen<\/strong>hat eine Breite von 168 mm und eine H\u00f6he von 18 mm, perfekt f\u00fcr kleine und mittelgro\u00dfe Badezimmerm\u00f6bel.<\/p>\n<p>La <strong>Pfeilgriff<\/strong> ist das Ergebnis kontinuierlicher Forschung in Kombination mit der f\u00fcr Made in Italy typischen Sorgfalt. Es wird aus den hochwertigsten Materialien hergestellt, um jederzeit maximale Sicherheit zu gew\u00e4hrleisten, auch mit nassen H\u00e4nden, ohne Lichth\u00f6fe zu hinterlassen.<\/p>","protected":false},"excerpt":{"rendered":"<p>Dalla forma aerodinamica e dallo stile essenziale, la maniglia bagno Arrow di Polideas \u00e8 nata per stupire. La maniglia Arrow \u00e8 infatti l\u2019ideale per personalizzare in modo unico e ricercato i mobili del bagno, soprattutto quelli arredati in stile moderno, conferendo loro stile e carattere. Disponibile nelle finiture laccato bianco, cromato lucido ed effetto alluminio, [&#8230;]\n","protected":false},"featured_media":14484,"comment_status":"closed","ping_status":"closed","template":"","meta":{"_acf_changed":false},"product_brand":[],"product_cat":[62],"product_tag":[3149,3233,3151,3234,3152,3153,3235,3156,3176,3100,3159,3160,3236],"class_list":{"0":"post-10531","1":"product","2":"type-product","3":"status-publish","4":"has-post-thumbnail","6":"product_cat-maniglie-pomelli-bagno","7":"product_tag-maniglia","8":"product_tag-maniglia-anta-bagno","9":"product_tag-maniglia-anta-mobile","10":"product_tag-maniglia-bagno","11":"product_tag-maniglia-cassettiera","12":"product_tag-maniglia-cassetto","13":"product_tag-maniglia-cassetto-bagno","14":"product_tag-maniglia-design","15":"product_tag-maniglia-interasse-128mm","16":"product_tag-maniglia-mobile","17":"product_tag-maniglia-mobile-al-miglior-prezzo","18":"product_tag-maniglia-mobile-arredamento","19":"product_tag-maniglia-per-mobile-bagno","21":"first","22":"instock","23":"taxable","24":"shipping-taxable","25":"purchasable","26":"product-type-simple"},"acf":[],"_links":{"self":[{"href":"http:\/\/www.polideas.it\/de\/wp-json\/wp\/v2\/product\/10531","targetHints":{"allow":["GET"]}}],"collection":[{"href":"http:\/\/www.polideas.it\/de\/wp-json\/wp\/v2\/product"}],"about":[{"href":"http:\/\/www.polideas.it\/de\/wp-json\/wp\/v2\/types\/product"}],"replies":[{"embeddable":true,"href":"http:\/\/www.polideas.it\/de\/wp-json\/wp\/v2\/comments?post=10531"}],"wp:featuredmedia":[{"embeddable":true,"href":"http:\/\/www.polideas.it\/de\/wp-json\/wp\/v2\/media\/14484"}],"wp:attachment":[{"href":"http:\/\/www.polideas.it\/de\/wp-json\/wp\/v2\/media?parent=10531"}],"wp:term":[{"taxonomy":"product_brand","embeddable":true,"href":"http:\/\/www.polideas.it\/de\/wp-json\/wp\/v2\/product_brand?post=10531"},{"taxonomy":"product_cat","embeddable":true,"href":"http:\/\/www.polideas.it\/de\/wp-json\/wp\/v2\/product_cat?post=10531"},{"taxonomy":"product_tag","embeddable":true,"href":"http:\/\/www.polideas.it\/de\/wp-json\/wp\/v2\/product_tag?post=10531"}],"curies":[{"name":"wp","href":"https:\/\/api.w.org\/{rel}","templated":true}]}}