{"id":10535,"date":"2022-02-28T21:58:20","date_gmt":"2022-02-28T20:58:20","guid":{"rendered":"https:\/\/www.polideas.it\/?post_type=product&#038;p=10535"},"modified":"2025-01-31T09:53:48","modified_gmt":"2025-01-31T08:53:48","slug":"giotto-kindermobel-griff-gepragt-fein-hellblau","status":"publish","type":"product","link":"http:\/\/www.polideas.it\/de\/en-2\/kinderknopfe-griffe-2\/giotto-kindermobel-griff-gepragt-fein-hellblau\/","title":{"rendered":"Giotto Kindergriff - Kinder-Handygriff - Fein gepr\u00e4gter hellblauer Griff"},"content":{"rendered":"<p>Mit seiner sch\u00f6n abgerundeten Form ist der <strong>Giotto Griff<\/strong> ist perfekt f\u00fcr eine einfache und praktische Renovierung des Kinderzimmers.<\/p>\n<p>Er ist sehr einfach zusammenzubauen und eignet sich ideal f\u00fcr ein <strong>Ein Hauch von Originalit\u00e4t<\/strong> f\u00fcr M\u00f6bel und Schubladen, um sie fr\u00f6hlicher und attraktiver zu machen.<\/p>\n<p>Mit dem <strong>Giotto Griff f\u00fcr Kinder von Polideas<\/strong> k\u00f6nnen Sie Ihr Kinderzimmer im Handumdrehen renovieren, indem Sie aus 4 verschiedenen Farbt\u00f6nen w\u00e4hlen: feines, gepr\u00e4gtes Hellblau, Rosa und Wei\u00df oder der raffinierte Aluminiumeffekt, der sich auch perfekt f\u00fcr \u00e4ltere Kinderzimmer eignet, die einen zus\u00e4tzlichen Hauch von Stil w\u00fcnschen.<\/p>\n<p>Der Giotto-Griff wird in voller \u00dcbereinstimmung mit der europ\u00e4ischen REACH-Verordnung hergestellt, hat keine scharfen Kanten und garantiert maximale Sicherheit in jeder Situation.<\/p>","protected":false},"excerpt":{"rendered":"<p>Dalla simpatica forma tondeggiante, la maniglia Giotto \u00e8 perfetta per rinnovare in modo semplice e pratico la camera dei pi\u00f9 piccoli. Semplicissima da montare, \u00e8 l\u2019ideale per regalare un tocco di originalit\u00e0 a mobili e cassetti, rendendoli pi\u00f9 allegri e accattivanti. Con la maniglia bimbi Giotto di Polideas potete rinnovare in pochi minuti la camera [&#8230;]\n","protected":false},"featured_media":11821,"comment_status":"closed","ping_status":"closed","template":"","meta":{"_acf_changed":false},"product_brand":[],"product_cat":[24],"product_tag":[3149,3151,3203,3207,3152,3153,3237,3210,3238,3239,3240,3198,3100,3159,3160,3241,3242,3243,3244,3245,3246,3162],"class_list":{"0":"post-10535","1":"product","2":"type-product","3":"status-publish","4":"has-post-thumbnail","6":"product_cat-maniglie-pomelli-bambini","7":"product_tag-maniglia","8":"product_tag-maniglia-anta-mobile","9":"product_tag-maniglia-bambini","10":"product_tag-maniglia-cameretta-bambini","11":"product_tag-maniglia-cassettiera","12":"product_tag-maniglia-cassetto","13":"product_tag-maniglia-cassetto-bambini","14":"product_tag-maniglia-effetto-alluminio","15":"product_tag-maniglia-goffrata-azzurra","16":"product_tag-maniglia-goffrata-rosa","17":"product_tag-maniglia-groffrata-bianca","18":"product_tag-maniglia-interasse-64mm","19":"product_tag-maniglia-mobile","20":"product_tag-maniglia-mobile-al-miglior-prezzo","21":"product_tag-maniglia-mobile-arredamento","22":"product_tag-maniglia-mobile-ragazza","23":"product_tag-maniglia-mobile-ragazzi","24":"product_tag-maniglia-mobili-bambina","25":"product_tag-maniglia-mobili-bambino","26":"product_tag-maniglia-per-bambini","27":"product_tag-maniglia-stanza-bambini","28":"product_tag-maniglie-colorate","30":"first","31":"instock","32":"taxable","33":"shipping-taxable","34":"purchasable","35":"product-type-simple"},"acf":[],"_links":{"self":[{"href":"http:\/\/www.polideas.it\/de\/wp-json\/wp\/v2\/product\/10535","targetHints":{"allow":["GET"]}}],"collection":[{"href":"http:\/\/www.polideas.it\/de\/wp-json\/wp\/v2\/product"}],"about":[{"href":"http:\/\/www.polideas.it\/de\/wp-json\/wp\/v2\/types\/product"}],"replies":[{"embeddable":true,"href":"http:\/\/www.polideas.it\/de\/wp-json\/wp\/v2\/comments?post=10535"}],"wp:featuredmedia":[{"embeddable":true,"href":"http:\/\/www.polideas.it\/de\/wp-json\/wp\/v2\/media\/11821"}],"wp:attachment":[{"href":"http:\/\/www.polideas.it\/de\/wp-json\/wp\/v2\/media?parent=10535"}],"wp:term":[{"taxonomy":"product_brand","embeddable":true,"href":"http:\/\/www.polideas.it\/de\/wp-json\/wp\/v2\/product_brand?post=10535"},{"taxonomy":"product_cat","embeddable":true,"href":"http:\/\/www.polideas.it\/de\/wp-json\/wp\/v2\/product_cat?post=10535"},{"taxonomy":"product_tag","embeddable":true,"href":"http:\/\/www.polideas.it\/de\/wp-json\/wp\/v2\/product_tag?post=10535"}],"curies":[{"name":"wp","href":"https:\/\/api.w.org\/{rel}","templated":true}]}}