{"id":10537,"date":"2022-02-28T21:58:20","date_gmt":"2022-02-28T20:58:20","guid":{"rendered":"https:\/\/www.polideas.it\/?post_type=product&#038;p=10537"},"modified":"2025-11-05T22:13:24","modified_gmt":"2025-11-05T21:13:24","slug":"mid-giotto-kindermobel-griff-gepragt-fein-weis","status":"publish","type":"product","link":"http:\/\/www.polideas.it\/de\/en-2\/kinderknopfe-griffe-2\/mid-giotto-kindermobel-griff-gepragt-fein-weis\/","title":{"rendered":"Kinderhandgriff Mid Giotto - Kinderhandgriff Mobile - Fein gepr\u00e4gtes Wei\u00df"},"content":{"rendered":"<p>Es erinnert ein wenig an die Halbmondform des <strong>Griff Mid Giotto<\/strong>perfekt, um dem Kinderzimmer einen Hauch von Originalit\u00e4t zu verleihen.<\/p>\n<p>Anspruchsvoll und modern, das <strong>Mid Giotto Griff f\u00fcr Kinder<\/strong> ist ideal, um alte M\u00f6bel- und Schubladenkn\u00f6pfe zu ersetzen und ihnen auf einfache und praktische Weise einen neuen Anstrich zu geben.<\/p>\n<p>Verf\u00fcgbar in <strong>4 verschiedene Farbt\u00f6ne<\/strong> Er ist in der Lage, alle Geschm\u00e4cker der Kinder zu befriedigen, d.h. in zartem Rosa, Hellblau und Wei\u00df, und ist auch in der originellen Aluminiumoptik erh\u00e4ltlich, die perfekt f\u00fcr die modernsten und anspruchsvollsten Kinderzimmer ist.<\/p>\n<p>Der Mid Giotto-Griff wurde in voller \u00dcbereinstimmung mit der europ\u00e4ischen REACH-Verordnung hergestellt, hat keine scharfen Kanten und garantiert maximale Sicherheit in jeder Situation.<\/p>","protected":false},"excerpt":{"rendered":"<p>Ricorda un po\u2019 la forma della mezza luna la maniglia Mid Giotto, perfetta per dare un tocco di originalit\u00e0 alla camera dei bambini. Ricercata e moderna, la maniglia Bimbi Mid Giotto \u00e8 l\u2019ideale per sostituire i vecchi pomelli di mobili e cassetti e dare loro una ventata di novit\u00e0 in modo semplice e pratico. Disponibile [&#8230;]","protected":false},"featured_media":4428,"comment_status":"closed","ping_status":"closed","template":"","meta":{"_acf_changed":false},"product_brand":[],"product_cat":[24],"product_tag":[3149,3151,3203,3207,3152,3153,3237,3210,3238,3239,3240,3198,3100,3159,3160,3241,3242,3243,3244,3245,3246,3162],"class_list":{"0":"post-10537","1":"product","2":"type-product","3":"status-publish","4":"has-post-thumbnail","6":"product_cat-maniglie-pomelli-bambini","7":"product_tag-maniglia","8":"product_tag-maniglia-anta-mobile","9":"product_tag-maniglia-bambini","10":"product_tag-maniglia-cameretta-bambini","11":"product_tag-maniglia-cassettiera","12":"product_tag-maniglia-cassetto","13":"product_tag-maniglia-cassetto-bambini","14":"product_tag-maniglia-effetto-alluminio","15":"product_tag-maniglia-goffrata-azzurra","16":"product_tag-maniglia-goffrata-rosa","17":"product_tag-maniglia-groffrata-bianca","18":"product_tag-maniglia-interasse-64mm","19":"product_tag-maniglia-mobile","20":"product_tag-maniglia-mobile-al-miglior-prezzo","21":"product_tag-maniglia-mobile-arredamento","22":"product_tag-maniglia-mobile-ragazza","23":"product_tag-maniglia-mobile-ragazzi","24":"product_tag-maniglia-mobili-bambina","25":"product_tag-maniglia-mobili-bambino","26":"product_tag-maniglia-per-bambini","27":"product_tag-maniglia-stanza-bambini","28":"product_tag-maniglie-colorate","30":"first","31":"instock","32":"taxable","33":"shipping-taxable","34":"purchasable","35":"product-type-simple"},"acf":[],"_links":{"self":[{"href":"http:\/\/www.polideas.it\/de\/wp-json\/wp\/v2\/product\/10537","targetHints":{"allow":["GET"]}}],"collection":[{"href":"http:\/\/www.polideas.it\/de\/wp-json\/wp\/v2\/product"}],"about":[{"href":"http:\/\/www.polideas.it\/de\/wp-json\/wp\/v2\/types\/product"}],"replies":[{"embeddable":true,"href":"http:\/\/www.polideas.it\/de\/wp-json\/wp\/v2\/comments?post=10537"}],"wp:featuredmedia":[{"embeddable":true,"href":"http:\/\/www.polideas.it\/de\/wp-json\/wp\/v2\/media\/4428"}],"wp:attachment":[{"href":"http:\/\/www.polideas.it\/de\/wp-json\/wp\/v2\/media?parent=10537"}],"wp:term":[{"taxonomy":"product_brand","embeddable":true,"href":"http:\/\/www.polideas.it\/de\/wp-json\/wp\/v2\/product_brand?post=10537"},{"taxonomy":"product_cat","embeddable":true,"href":"http:\/\/www.polideas.it\/de\/wp-json\/wp\/v2\/product_cat?post=10537"},{"taxonomy":"product_tag","embeddable":true,"href":"http:\/\/www.polideas.it\/de\/wp-json\/wp\/v2\/product_tag?post=10537"}],"curies":[{"name":"wp","href":"https:\/\/api.w.org\/{rel}","templated":true}]}}