{"id":10550,"date":"2022-02-28T21:58:43","date_gmt":"2022-02-28T20:58:43","guid":{"rendered":"https:\/\/www.polideas.it\/?post_type=product&#038;p=10550"},"modified":"2025-08-29T22:56:00","modified_gmt":"2025-08-29T20:56:00","slug":"konzept-griff-weis-lackiert-designer-schrankgriff","status":"publish","type":"product","link":"http:\/\/www.polideas.it\/de\/en-2\/wohnzimmer-knopfe-griffe\/konzept-griff-weis-lackiert-designer-schrankgriff\/","title":{"rendered":"Griffkonzept - Mobiler Design-Griff - Wei\u00df lackiert"},"content":{"rendered":"<p>Anspruchsvolles Design und quadratische Linien f\u00fcr die<strong> Polideas Concept Griff.<\/strong><\/p>\n<p>Das essentielle und geometrische Concept ist der ideale Griff f\u00fcr die Erneuerung von Schlafzimmer-, Eingangs- und Wohnzimmerm\u00f6beln, indem es sich auf eine <strong>Gesuchte Erg\u00e4nzung <\/strong>das sich durch seinen zeitlosen Stil auszeichnet.<\/p>\n<p>Verf\u00fcgbar in <strong>Aluminiumeffekt, poliertes Chrom und wei\u00df lackierte Oberfl\u00e4chen<\/strong>Mit einer Breite von 80 mm und einer H\u00f6he von 80 mm ist es perfekt quadratisch, ideal f\u00fcr verschiedene M\u00f6belkombinationen und insbesondere f\u00fcr die stilvolle Erg\u00e4nzung von Kleiderschr\u00e4nken, Schr\u00e4nken und Nachttischen.<\/p>\n<p>La <strong>Griff Konzept <\/strong>ist das Ergebnis kontinuierlicher Forschung in Kombination mit der f\u00fcr Made in Italy typischen Sorgfalt. Es wird aus hochwertigen Materialien hergestellt, um jederzeit maximale Sicherheit zu gew\u00e4hrleisten.<\/p>","protected":false},"excerpt":{"rendered":"<p>Design ricercato e linea squadrata per la maniglia Concept di Polideas. Essenziale e geometrica, Concept \u00e8 la maniglia ideale per rinnovare i mobili della camera da letto, dell\u2019ingresso e della zona living puntando su un complemento ricercato che si fa notare per il suo stile senza tempo. Disponibile nelle finiture ad effetto alluminio, cromato lucido [&#8230;]","protected":false},"featured_media":15765,"comment_status":"closed","ping_status":"closed","template":"","meta":{"_acf_changed":false},"product_brand":[],"product_cat":[47],"product_tag":[3149,3151,3173,3174,3209,3283,3152,3153,3175,3212,3155,3156,3284,3198,3100,3159,3160,3211,3285,3177,3178,3179],"class_list":{"0":"post-10550","1":"product","2":"type-product","3":"status-publish","4":"has-post-thumbnail","6":"product_cat-maniglie-pomelli-camera-soggiorno","7":"product_tag-maniglia","8":"product_tag-maniglia-anta-mobile","9":"product_tag-maniglia-anta-mobile-soggiorno","10":"product_tag-maniglia-anta-soggiorno","11":"product_tag-maniglia-arredo","12":"product_tag-maniglia-bianca-mobile","13":"product_tag-maniglia-cassettiera","14":"product_tag-maniglia-cassetto","15":"product_tag-maniglia-cassetto-soggiorno","16":"product_tag-maniglia-cromata","17":"product_tag-maniglia-cucina","18":"product_tag-maniglia-design","19":"product_tag-maniglia-effetto-argento","20":"product_tag-maniglia-interasse-64mm","21":"product_tag-maniglia-mobile","22":"product_tag-maniglia-mobile-al-miglior-prezzo","23":"product_tag-maniglia-mobile-arredamento","24":"product_tag-maniglia-mobile-camera","25":"product_tag-maniglia-mobile-design","26":"product_tag-maniglia-mobile-soggiorno","27":"product_tag-maniglia-per-mobile-soggiorno","28":"product_tag-maniglia-soggiorno","30":"first","31":"instock","32":"taxable","33":"shipping-taxable","34":"purchasable","35":"product-type-simple"},"acf":[],"_links":{"self":[{"href":"http:\/\/www.polideas.it\/de\/wp-json\/wp\/v2\/product\/10550","targetHints":{"allow":["GET"]}}],"collection":[{"href":"http:\/\/www.polideas.it\/de\/wp-json\/wp\/v2\/product"}],"about":[{"href":"http:\/\/www.polideas.it\/de\/wp-json\/wp\/v2\/types\/product"}],"replies":[{"embeddable":true,"href":"http:\/\/www.polideas.it\/de\/wp-json\/wp\/v2\/comments?post=10550"}],"wp:featuredmedia":[{"embeddable":true,"href":"http:\/\/www.polideas.it\/de\/wp-json\/wp\/v2\/media\/15765"}],"wp:attachment":[{"href":"http:\/\/www.polideas.it\/de\/wp-json\/wp\/v2\/media?parent=10550"}],"wp:term":[{"taxonomy":"product_brand","embeddable":true,"href":"http:\/\/www.polideas.it\/de\/wp-json\/wp\/v2\/product_brand?post=10550"},{"taxonomy":"product_cat","embeddable":true,"href":"http:\/\/www.polideas.it\/de\/wp-json\/wp\/v2\/product_cat?post=10550"},{"taxonomy":"product_tag","embeddable":true,"href":"http:\/\/www.polideas.it\/de\/wp-json\/wp\/v2\/product_tag?post=10550"}],"curies":[{"name":"wp","href":"https:\/\/api.w.org\/{rel}","templated":true}]}}