{"id":10557,"date":"2022-02-28T21:58:44","date_gmt":"2022-02-28T20:58:44","guid":{"rendered":"https:\/\/www.polideas.it\/?post_type=product&#038;p=10557"},"modified":"2025-01-30T10:34:55","modified_gmt":"2025-01-30T09:34:55","slug":"griff-elegantes-design-mobelgriff-verchromt","status":"publish","type":"product","link":"http:\/\/www.polideas.it\/de\/en-2\/wohnzimmer-knopfe-griffe\/griff-elegantes-design-mobelgriff-verchromt\/","title":{"rendered":"Griff Elegant - Mobiler Design-Griff - Chrom poliert"},"content":{"rendered":"<p>La<strong> Eleganter Griff von Polideas <\/strong>zeichnet sich durch die Eleganz der Form und die Wesentlichkeit des Designs aus.<\/p>\n<p>Minimalistisch und doch raffiniert, ist Elegant der ideale Griff f\u00fcr die Renovierung von Schlafzimmern, Eingangsbereichen und Wohnr\u00e4umen mit einem <strong>raffinierte Erg\u00e4nzung <\/strong>und zeitlosen Stil.<\/p>\n<p>Verf\u00fcgbar in <strong>poliertes Chrom und wei\u00df lackierte Oberfl\u00e4chen<\/strong>hat eine Breite von 167 mm und eine H\u00f6he von nur 10 mm. Damit ist es ideal, um moderne M\u00f6bel zu vereinen und ihnen einen einzigartigen Stil zu verleihen.<\/p>\n<p>La <strong>Eleganter Griff <\/strong>ist das Ergebnis kontinuierlicher Forschung in Kombination mit der f\u00fcr Made in Italy typischen Sorgfalt. Es wird aus hochwertigen Materialien hergestellt, um jederzeit maximale Sicherheit zu gew\u00e4hrleisten.<\/p>","protected":false},"excerpt":{"rendered":"<p>La maniglia Elegant di Polideas si contraddistingue per l\u2019eleganza della forma e l\u2019essenzialit\u00e0 del design. Minimal, ma ricercata, Elegant \u00e8 la maniglia ideale per rinnovare i mobili della camera da letto, dell\u2019ingresso e della zona living puntando su un complemento raffinato e dallo stile senza tempo. Disponibile nelle finiture cromato lucido e laccato bianco, ha [&#8230;]\n","protected":false},"featured_media":7512,"comment_status":"closed","ping_status":"closed","template":"","meta":{"_acf_changed":false},"product_brand":[],"product_cat":[47],"product_tag":[3149,3200,3151,3173,3174,3209,3152,3153,3175,3212,3156,3286,3291,3176,3100,3159,3160,3211,3177,3178,3179],"class_list":{"0":"post-10557","1":"product","2":"type-product","3":"status-publish","4":"has-post-thumbnail","6":"product_cat-maniglie-pomelli-camera-soggiorno","7":"product_tag-maniglia","8":"product_tag-maniglia-anta","9":"product_tag-maniglia-anta-mobile","10":"product_tag-maniglia-anta-mobile-soggiorno","11":"product_tag-maniglia-anta-soggiorno","12":"product_tag-maniglia-arredo","13":"product_tag-maniglia-cassettiera","14":"product_tag-maniglia-cassetto","15":"product_tag-maniglia-cassetto-soggiorno","16":"product_tag-maniglia-cromata","17":"product_tag-maniglia-design","18":"product_tag-maniglia-elegante","19":"product_tag-maniglia-finitura-argento","20":"product_tag-maniglia-interasse-128mm","21":"product_tag-maniglia-mobile","22":"product_tag-maniglia-mobile-al-miglior-prezzo","23":"product_tag-maniglia-mobile-arredamento","24":"product_tag-maniglia-mobile-camera","25":"product_tag-maniglia-mobile-soggiorno","26":"product_tag-maniglia-per-mobile-soggiorno","27":"product_tag-maniglia-soggiorno","29":"first","30":"instock","31":"taxable","32":"shipping-taxable","33":"purchasable","34":"product-type-simple"},"acf":[],"_links":{"self":[{"href":"http:\/\/www.polideas.it\/de\/wp-json\/wp\/v2\/product\/10557","targetHints":{"allow":["GET"]}}],"collection":[{"href":"http:\/\/www.polideas.it\/de\/wp-json\/wp\/v2\/product"}],"about":[{"href":"http:\/\/www.polideas.it\/de\/wp-json\/wp\/v2\/types\/product"}],"replies":[{"embeddable":true,"href":"http:\/\/www.polideas.it\/de\/wp-json\/wp\/v2\/comments?post=10557"}],"wp:featuredmedia":[{"embeddable":true,"href":"http:\/\/www.polideas.it\/de\/wp-json\/wp\/v2\/media\/7512"}],"wp:attachment":[{"href":"http:\/\/www.polideas.it\/de\/wp-json\/wp\/v2\/media?parent=10557"}],"wp:term":[{"taxonomy":"product_brand","embeddable":true,"href":"http:\/\/www.polideas.it\/de\/wp-json\/wp\/v2\/product_brand?post=10557"},{"taxonomy":"product_cat","embeddable":true,"href":"http:\/\/www.polideas.it\/de\/wp-json\/wp\/v2\/product_cat?post=10557"},{"taxonomy":"product_tag","embeddable":true,"href":"http:\/\/www.polideas.it\/de\/wp-json\/wp\/v2\/product_tag?post=10557"}],"curies":[{"name":"wp","href":"https:\/\/api.w.org\/{rel}","templated":true}]}}