{"id":10566,"date":"2022-02-28T21:58:45","date_gmt":"2022-02-28T20:58:45","guid":{"rendered":"https:\/\/www.polideas.it\/?post_type=product&#038;p=10566"},"modified":"2025-01-30T12:02:40","modified_gmt":"2025-01-30T11:02:40","slug":"design-schrankgriff-332a-silberfarben","status":"publish","type":"product","link":"http:\/\/www.polideas.it\/de\/en-2\/wohnzimmer-knopfe-griffe\/design-schrankgriff-332a-silberfarben\/","title":{"rendered":"Kabinettgriff Design 332A - Silber Finish"},"content":{"rendered":"<p><strong>Griff 332A Silberner Effekt von Polideas<\/strong>die perfekte Erg\u00e4nzung f\u00fcr alle, die ein raffiniertes Detail f\u00fcr ihre Kommode suchen.<\/p>\n<p>F\u00fcr alle, die ihre Wohn- oder Schlafzimmerm\u00f6bel einzigartig und besonders gestalten und ihnen einen ausgesprochen modernen Look verleihen m\u00f6chten,<strong>\u00a0<\/strong>ist der ideale Griff, um M\u00f6beln einen modernen Touch zu verleihen.<\/p>\n<p>Er passt perfekt zu dunklen Holzm\u00f6beln, aber auch zu modernen, lackierten M\u00f6beln, denen man einen v\u00f6llig unerwarteten modernen Touch verleihen m\u00f6chte.<\/p>","protected":false},"excerpt":{"rendered":"<p>Maniglia 332A Effetto argento di Polideas, complemento perfetto di chi cerca il dettaglio ricercato per la tua cassettiera. Dedicato a chi desidera rendere unici e speciali i mobili del salotto o della camera da letto, conferendogli un aspetto decisamente moderno,\u00a0\u00e8 la maniglia ideale per dare un tocco di modernit\u00e0 ai mobili. Si sposa alla perfezione [&#8230;]\n","protected":false},"featured_media":13718,"comment_status":"closed","ping_status":"closed","template":"","meta":{"_acf_changed":false},"product_brand":[],"product_cat":[47],"product_tag":[3201,3302,3153,3284,3198,3100,3285,3303,3177,3304,3305,3306,3179],"class_list":{"0":"post-10566","1":"product","2":"type-product","3":"status-publish","4":"has-post-thumbnail","6":"product_cat-maniglie-pomelli-camera-soggiorno","7":"product_tag-maniglia-anta-mobili","8":"product_tag-maniglia-argentata-mobile","9":"product_tag-maniglia-cassetto","10":"product_tag-maniglia-effetto-argento","11":"product_tag-maniglia-interasse-64mm","12":"product_tag-maniglia-mobile","13":"product_tag-maniglia-mobile-design","14":"product_tag-maniglia-mobile-effetto-alluminio","15":"product_tag-maniglia-mobile-soggiorno","16":"product_tag-maniglia-moderna","17":"product_tag-maniglia-per-mobili","18":"product_tag-maniglia-per-mobili-argento","19":"product_tag-maniglia-soggiorno","21":"first","22":"instock","23":"taxable","24":"shipping-taxable","25":"purchasable","26":"product-type-simple"},"acf":[],"_links":{"self":[{"href":"http:\/\/www.polideas.it\/de\/wp-json\/wp\/v2\/product\/10566","targetHints":{"allow":["GET"]}}],"collection":[{"href":"http:\/\/www.polideas.it\/de\/wp-json\/wp\/v2\/product"}],"about":[{"href":"http:\/\/www.polideas.it\/de\/wp-json\/wp\/v2\/types\/product"}],"replies":[{"embeddable":true,"href":"http:\/\/www.polideas.it\/de\/wp-json\/wp\/v2\/comments?post=10566"}],"wp:featuredmedia":[{"embeddable":true,"href":"http:\/\/www.polideas.it\/de\/wp-json\/wp\/v2\/media\/13718"}],"wp:attachment":[{"href":"http:\/\/www.polideas.it\/de\/wp-json\/wp\/v2\/media?parent=10566"}],"wp:term":[{"taxonomy":"product_brand","embeddable":true,"href":"http:\/\/www.polideas.it\/de\/wp-json\/wp\/v2\/product_brand?post=10566"},{"taxonomy":"product_cat","embeddable":true,"href":"http:\/\/www.polideas.it\/de\/wp-json\/wp\/v2\/product_cat?post=10566"},{"taxonomy":"product_tag","embeddable":true,"href":"http:\/\/www.polideas.it\/de\/wp-json\/wp\/v2\/product_tag?post=10566"}],"curies":[{"name":"wp","href":"https:\/\/api.w.org\/{rel}","templated":true}]}}