{"id":10581,"date":"2022-02-28T21:59:08","date_gmt":"2022-02-28T20:59:08","guid":{"rendered":"https:\/\/www.polideas.it\/?post_type=product&#038;p=10581"},"modified":"2025-01-28T10:57:16","modified_gmt":"2025-01-28T09:57:16","slug":"antiker-mittlerer-runder-griff-antiker-kupfer-effekt-mobiler-griff","status":"publish","type":"product","link":"http:\/\/www.polideas.it\/de\/en-2\/antike-griffe-und-knopfe\/antiker-mittlerer-runder-griff-antiker-kupfer-effekt-mobiler-griff\/","title":{"rendered":"Mittelrunder antiker Griff - Antiker mobiler Griff - Kupfereffekt"},"content":{"rendered":"<p>Schlicht, quadratisch und zeitlos stilvoll: das ist der Griff <strong>antikisiert Mittelrund <\/strong>von Polideas.<\/p>\n<p>Der Griff wurde entwickelt, um K\u00fcchen-, Schlaf- und Wohnzimmerm\u00f6bel im Retro-Stil zu gestalten.<strong> antikisiert Mittelrund <\/strong>ist ideal, um klassisch, industriell oder im Landhausstil eingerichtete R\u00e4ume zu vereinen.<\/p>\n<p>Erh\u00e4ltlich in eleganter <strong>Bronze-Effekt, Kupfer-Effekt und Eisen-Effekt<\/strong>Der mittelgro\u00dfe runde Griff sorgt f\u00fcr einen soliden und sicheren Halt. Dank einer komplexen, innovativen Verarbeitung, die die \u00e4sthetischen Qualit\u00e4ten von eingearbeitetem Metall mit der Zweckm\u00e4\u00dfigkeit und Ergonomie von hochwertigem Kunststoff verbindet, erzielt er einen einzigartigen antiken Effekt.<\/p>\n<p>Mit einer Breite von 140 mm und einer H\u00f6he von 20 mm ist er perfekt f\u00fcr mittelgro\u00dfe klassische und antike M\u00f6bel geeignet.<\/p>","protected":false},"excerpt":{"rendered":"<p>Semplice, squadrata e dallo stile senza tempo: \u00e8 la maniglia anticata Mid Round di Polideas. Pensata per personalizzare i mobili di cucina, camere da letto e living dal sapore retr\u00f2, la maniglia anticata Mid Round \u00e8 l\u2019ideale per uniformare gli ambienti arredati in stile classico, industrial o country. Disponibile nelle eleganti versioni ad effetto bronzo, [&#8230;]\n","protected":false},"featured_media":11334,"comment_status":"closed","ping_status":"closed","template":"","meta":{"_acf_changed":false},"product_brand":[],"product_cat":[72],"product_tag":[3149,3151,3180,3181,3152,3153,3156,3182,3183,3176,3100,3159,3160,3184,3185,3186,3187],"class_list":{"0":"post-10581","1":"product","2":"type-product","3":"status-publish","4":"has-post-thumbnail","6":"product_cat-maniglie-pomoli-anticati","7":"product_tag-maniglia","8":"product_tag-maniglia-anta-mobile","9":"product_tag-maniglia-antica","10":"product_tag-maniglia-anticata","11":"product_tag-maniglia-cassettiera","12":"product_tag-maniglia-cassetto","13":"product_tag-maniglia-design","14":"product_tag-maniglia-effetto-anticato","15":"product_tag-maniglia-effetto-antico","16":"product_tag-maniglia-interasse-128mm","17":"product_tag-maniglia-mobile","18":"product_tag-maniglia-mobile-al-miglior-prezzo","19":"product_tag-maniglia-mobile-arredamento","20":"product_tag-maniglia-per-mobile-antico","21":"product_tag-maniglia-restauro-mobili","22":"product_tag-maniglia-rustico","23":"product_tag-maniglie-per-restaurazione-mobili","25":"first","26":"instock","27":"taxable","28":"shipping-taxable","29":"purchasable","30":"product-type-simple"},"acf":[],"_links":{"self":[{"href":"http:\/\/www.polideas.it\/de\/wp-json\/wp\/v2\/product\/10581","targetHints":{"allow":["GET"]}}],"collection":[{"href":"http:\/\/www.polideas.it\/de\/wp-json\/wp\/v2\/product"}],"about":[{"href":"http:\/\/www.polideas.it\/de\/wp-json\/wp\/v2\/types\/product"}],"replies":[{"embeddable":true,"href":"http:\/\/www.polideas.it\/de\/wp-json\/wp\/v2\/comments?post=10581"}],"wp:featuredmedia":[{"embeddable":true,"href":"http:\/\/www.polideas.it\/de\/wp-json\/wp\/v2\/media\/11334"}],"wp:attachment":[{"href":"http:\/\/www.polideas.it\/de\/wp-json\/wp\/v2\/media?parent=10581"}],"wp:term":[{"taxonomy":"product_brand","embeddable":true,"href":"http:\/\/www.polideas.it\/de\/wp-json\/wp\/v2\/product_brand?post=10581"},{"taxonomy":"product_cat","embeddable":true,"href":"http:\/\/www.polideas.it\/de\/wp-json\/wp\/v2\/product_cat?post=10581"},{"taxonomy":"product_tag","embeddable":true,"href":"http:\/\/www.polideas.it\/de\/wp-json\/wp\/v2\/product_tag?post=10581"}],"curies":[{"name":"wp","href":"https:\/\/api.w.org\/{rel}","templated":true}]}}