{"id":10584,"date":"2022-02-28T21:59:09","date_gmt":"2022-02-28T20:59:09","guid":{"rendered":"https:\/\/www.polideas.it\/?post_type=product&#038;p=10584"},"modified":"2025-09-22T16:55:00","modified_gmt":"2025-09-22T14:55:00","slug":"griff-rund-b-design-mobelgriff-aluminium-effekt","status":"publish","type":"product","link":"http:\/\/www.polideas.it\/de\/en-2\/wohnzimmer-knopfe-griffe\/griff-rund-b-design-mobelgriff-aluminium-effekt\/","title":{"rendered":"Griff Big Round C - Mobiler Design-Griff - Aluminium-Effekt"},"content":{"rendered":"<p>La<strong> Polideas Runde B Griff <\/strong>ist der klassische Griff, der durch seine Schlichtheit besticht.<\/p>\n<p>Minimalistisch und quadratisch, ist Round B die ideale Erg\u00e4nzung f\u00fcr die Erneuerung der M\u00f6bel im Schlafzimmer, im Eingangsbereich und im Wohnbereich, indem es sich auf eine <strong>einfache, moderne und attraktive Erg\u00e4nzung<\/strong>.<\/p>\n<p>Verf\u00fcgbar in <strong>Oberfl\u00e4chen aus Aluminium und poliertem Chrom-Effekt<\/strong>Mit einer Breite von 140 mm und einer H\u00f6he von 20 mm bietet er einen festen und sicheren Halt auf allen Arten von M\u00f6beln und vermittelt sofort den Eindruck eines \u00e4u\u00dferst zuverl\u00e4ssigen Accessoires.<\/p>\n<p>La <strong>Griff Runde B <\/strong>ist das Ergebnis kontinuierlicher Forschung in Kombination mit der f\u00fcr Made in Italy typischen Sorgfalt. Es wird aus hochwertigen Materialien hergestellt, um jederzeit maximale Sicherheit zu gew\u00e4hrleisten.<\/p>","protected":false},"excerpt":{"rendered":"<p>La maniglia Round B di Polideas \u00e8 la classica maniglia che conquista con la sua semplicit\u00e0. Minimal e squadrata, Round B \u00e8 il complemento ideale per rinnovare i mobili della camera da letto, dell\u2019ingresso e della zona living puntando su un complemento semplice, moderno e accattivante. Disponibile nelle finiture ad effetto alluminio e cromato lucido, [&#8230;]\n","protected":false},"featured_media":7506,"comment_status":"closed","ping_status":"closed","template":"","meta":{"_acf_changed":false},"product_brand":[],"product_cat":[47],"product_tag":[3149,3151,3173,3174,3209,3205,3152,3153,3175,3156,3176,3100,3159,3160,3211,3177,3178,3179],"class_list":{"0":"post-10584","1":"product","2":"type-product","3":"status-publish","4":"has-post-thumbnail","6":"product_cat-maniglie-pomelli-camera-soggiorno","7":"product_tag-maniglia","8":"product_tag-maniglia-anta-mobile","9":"product_tag-maniglia-anta-mobile-soggiorno","10":"product_tag-maniglia-anta-soggiorno","11":"product_tag-maniglia-arredo","12":"product_tag-maniglia-camera","13":"product_tag-maniglia-cassettiera","14":"product_tag-maniglia-cassetto","15":"product_tag-maniglia-cassetto-soggiorno","16":"product_tag-maniglia-design","17":"product_tag-maniglia-interasse-128mm","18":"product_tag-maniglia-mobile","19":"product_tag-maniglia-mobile-al-miglior-prezzo","20":"product_tag-maniglia-mobile-arredamento","21":"product_tag-maniglia-mobile-camera","22":"product_tag-maniglia-mobile-soggiorno","23":"product_tag-maniglia-per-mobile-soggiorno","24":"product_tag-maniglia-soggiorno","26":"first","27":"instock","28":"taxable","29":"shipping-taxable","30":"purchasable","31":"product-type-simple"},"acf":[],"_links":{"self":[{"href":"http:\/\/www.polideas.it\/de\/wp-json\/wp\/v2\/product\/10584","targetHints":{"allow":["GET"]}}],"collection":[{"href":"http:\/\/www.polideas.it\/de\/wp-json\/wp\/v2\/product"}],"about":[{"href":"http:\/\/www.polideas.it\/de\/wp-json\/wp\/v2\/types\/product"}],"replies":[{"embeddable":true,"href":"http:\/\/www.polideas.it\/de\/wp-json\/wp\/v2\/comments?post=10584"}],"wp:featuredmedia":[{"embeddable":true,"href":"http:\/\/www.polideas.it\/de\/wp-json\/wp\/v2\/media\/7506"}],"wp:attachment":[{"href":"http:\/\/www.polideas.it\/de\/wp-json\/wp\/v2\/media?parent=10584"}],"wp:term":[{"taxonomy":"product_brand","embeddable":true,"href":"http:\/\/www.polideas.it\/de\/wp-json\/wp\/v2\/product_brand?post=10584"},{"taxonomy":"product_cat","embeddable":true,"href":"http:\/\/www.polideas.it\/de\/wp-json\/wp\/v2\/product_cat?post=10584"},{"taxonomy":"product_tag","embeddable":true,"href":"http:\/\/www.polideas.it\/de\/wp-json\/wp\/v2\/product_tag?post=10584"}],"curies":[{"name":"wp","href":"https:\/\/api.w.org\/{rel}","templated":true}]}}