{"id":10595,"date":"2022-02-28T21:59:10","date_gmt":"2022-02-28T20:59:10","guid":{"rendered":"https:\/\/www.polideas.it\/?post_type=product&#038;p=10595"},"modified":"2025-01-29T11:46:31","modified_gmt":"2025-01-29T10:46:31","slug":"quadratischer-kuchenschrankknopf-mit-poliertem-chromgehause-und-schwarz-lackierter-platte","status":"publish","type":"product","link":"http:\/\/www.polideas.it\/de\/en-2\/kuchenknopfe-griffe\/quadratischer-kuchenschrankknopf-mit-poliertem-chromgehause-und-schwarz-lackierter-platte\/","title":{"rendered":"Quadra - K\u00fcchenm\u00f6belknopf - Geh\u00e4use aus poliertem Chrom und schwarz lackierte Platte"},"content":{"rendered":"<p>Entscheidungsfreudig, elegant und mit gro\u00dfer Pers\u00f6nlichkeit, <strong>der Quadra K\u00fcchenknauf von Polideas<\/strong> \u00fcberarbeitet das Knopfkonzept, indem es eine einzigartige Mischung aus Stil und Zweckm\u00e4\u00dfigkeit anstrebt.<\/p>\n<p>Die perfekte Erg\u00e4nzung f\u00fcr moderne K\u00fcchen, das <strong>Quadra-Knopf<\/strong> verleiht T\u00fcren und Schubladen ein einzigartiges Design, aber das ist noch nicht alles: Dank seiner Solidit\u00e4t und seines unverwechselbaren Stils eignet es sich auch perfekt f\u00fcr die Verwendung an W\u00e4nden, um M\u00f6bel oder andere Accessoires aufzuh\u00e4ngen.<\/p>\n<p><strong>Verf\u00fcgbar in den Versionen <\/strong>mit poliertem Chromgeh\u00e4use und schwarz lackierter Platte und mit satiniertem Glaseffektgeh\u00e4use und wei\u00df lackierter Platte ist eine raffinierte L\u00f6sung, die selbst in die klassischsten und elegantesten K\u00fcchen perfekt passt.<\/p>\n<p>Perfekt quadratisch, mit einer Breite und L\u00e4nge von 65 mm, <strong>der Quadra-Knopf <\/strong>ver\u00e4ndert sofort das Aussehen der K\u00fcchenm\u00f6bel, vereinheitlicht die Oberfl\u00e4chen und verleiht ihnen eine raffinierte Eleganz.<\/p>","protected":false},"excerpt":{"rendered":"<p>Deciso, elegante e dalla grande personalit\u00e0, il pomello cucina Quadra di Polideas rivisita il concetto di pomello puntando ad un esclusivo mix di stile e praticit\u00e0. Complemento perfetto delle cucine moderne, il pomello Quadra regala un design unico ad ante e cassetti, ma non solo: grazie alla sua solidit\u00e0 e al suo stile inconfondibile, si [&#8230;]\n","protected":false},"featured_media":5035,"comment_status":"closed","ping_status":"closed","template":"","meta":{"_acf_changed":false},"product_brand":[],"product_cat":[37],"product_tag":[3144,3145,3146,3105,3314,3107,3147,3112,3113,3114,3115,3116,3117,3118],"class_list":{"0":"post-10595","1":"product","2":"type-product","3":"status-publish","4":"has-post-thumbnail","6":"product_cat-maniglie-pomelli-cucina","7":"product_tag-pomello-anta-cucina","8":"product_tag-pomello-cassetto-cucina","9":"product_tag-pomello-cucina","10":"product_tag-pomello-design","11":"product_tag-pomello-interasse-32mm","12":"product_tag-pomello-mobile","13":"product_tag-pomello-per-mobile-cucina","14":"product_tag-pomolo","15":"product_tag-pomolo-al-miglior-prezzo","16":"product_tag-pomolo-anta-mobile","17":"product_tag-pomolo-cassettiera","18":"product_tag-pomolo-cassetto","19":"product_tag-pomolo-mobile","20":"product_tag-pomolo-mobile-arredamento","22":"first","23":"instock","24":"taxable","25":"shipping-taxable","26":"purchasable","27":"product-type-simple"},"acf":[],"_links":{"self":[{"href":"http:\/\/www.polideas.it\/de\/wp-json\/wp\/v2\/product\/10595","targetHints":{"allow":["GET"]}}],"collection":[{"href":"http:\/\/www.polideas.it\/de\/wp-json\/wp\/v2\/product"}],"about":[{"href":"http:\/\/www.polideas.it\/de\/wp-json\/wp\/v2\/types\/product"}],"replies":[{"embeddable":true,"href":"http:\/\/www.polideas.it\/de\/wp-json\/wp\/v2\/comments?post=10595"}],"wp:featuredmedia":[{"embeddable":true,"href":"http:\/\/www.polideas.it\/de\/wp-json\/wp\/v2\/media\/5035"}],"wp:attachment":[{"href":"http:\/\/www.polideas.it\/de\/wp-json\/wp\/v2\/media?parent=10595"}],"wp:term":[{"taxonomy":"product_brand","embeddable":true,"href":"http:\/\/www.polideas.it\/de\/wp-json\/wp\/v2\/product_brand?post=10595"},{"taxonomy":"product_cat","embeddable":true,"href":"http:\/\/www.polideas.it\/de\/wp-json\/wp\/v2\/product_cat?post=10595"},{"taxonomy":"product_tag","embeddable":true,"href":"http:\/\/www.polideas.it\/de\/wp-json\/wp\/v2\/product_tag?post=10595"}],"curies":[{"name":"wp","href":"https:\/\/api.w.org\/{rel}","templated":true}]}}