{"id":10597,"date":"2022-02-28T21:59:31","date_gmt":"2022-02-28T20:59:31","guid":{"rendered":"https:\/\/www.polideas.it\/?post_type=product&#038;p=10597"},"modified":"2025-01-31T11:14:20","modified_gmt":"2025-01-31T10:14:20","slug":"kinderhandy-knaufrad-gepragt-fein-rosa","status":"publish","type":"product","link":"http:\/\/www.polideas.it\/de\/en-2\/kinderknopfe-griffe-2\/kinderhandy-knaufrad-gepragt-fein-rosa\/","title":{"rendered":"Bimbi Wheel - Kinderm\u00f6belknopf - Gepr\u00e4gtes feines Rosa"},"content":{"rendered":"<p>Die magischen Kn\u00f6pfe aus Cartoons erinnern an die <strong>Bimbi-Rad von Polideas<\/strong>Perfekt, um M\u00f6beln und Kommoden in Kinderzimmern Farbe zu verleihen.<\/p>\n<p>Mit der F\u00e4higkeit, den Look jedes Schlafzimmers mit extremer Einfachheit zu ver\u00e4ndern, ist das <strong>Knauf Rad<\/strong> wird Kinder ansprechen, die die Atmosph\u00e4re von Cartoons und Comics lieben.<\/p>\n<p>Verf\u00fcgbar in <strong>drei verschiedene Nuancen<\/strong>, gepr\u00e4gtes feines Blau, Rosa und Gr\u00fcn, kann in verschiedenen Farbkombinationen verwendet werden, um lustige Farbspiele zu schaffen, die sofort frischen Wind in den Raum bringen.<\/p>\n<p>Der in voller \u00dcbereinstimmung mit der europ\u00e4ischen REACH-Verordnung hergestellte Radknauf hat keine scharfen Kanten und garantiert maximale Sicherheit in allen Situationen.<\/p>","protected":false},"excerpt":{"rendered":"<p>Ricorda i bottoni magici dei cartoni animati il Pomolo Bimbi Wheel di Polideas, perfetto per regalare colore a mobili e cassettiere delle camerette dei pi\u00f9 piccoli. Capace di trasformare l\u2019aspetto di ogni cameretta con estrema semplicit\u00e0, il pomolo Wheel piacer\u00e0 ai bimbi amanti delle atmosfere cartoon e dei fumetti. Disponibile in tre diverse nuance, goffrato [&#8230;]","protected":false},"featured_media":11479,"comment_status":"closed","ping_status":"closed","template":"","meta":{"_acf_changed":false},"product_brand":[],"product_cat":[24],"product_tag":[3119,3120,3112,3113,3114,3121,3122,3123,3115,3116,3124,3117,3118,3125,3126,3127,3128],"class_list":{"0":"post-10597","1":"product","2":"type-product","3":"status-publish","4":"has-post-thumbnail","6":"product_cat-maniglie-pomelli-bambini","7":"product_tag-pomelli-cameretta-bimba","8":"product_tag-pomelli-cameretta-bimbo","9":"product_tag-pomolo","10":"product_tag-pomolo-al-miglior-prezzo","11":"product_tag-pomolo-anta-mobile","12":"product_tag-pomolo-armadio","13":"product_tag-pomolo-bambini","14":"product_tag-pomolo-cameretta-bambini","15":"product_tag-pomolo-cassettiera","16":"product_tag-pomolo-cassetto","17":"product_tag-pomolo-cassetto-bambini","18":"product_tag-pomolo-mobile","19":"product_tag-pomolo-mobile-arredamento","20":"product_tag-pomolo-mobile-ragazza","21":"product_tag-pomolo-mobile-ragazzi","22":"product_tag-pomolo-mobili-bambina","23":"product_tag-pomolo-mobili-bambino","25":"first","26":"instock","27":"taxable","28":"shipping-taxable","29":"purchasable","30":"product-type-simple"},"acf":[],"_links":{"self":[{"href":"http:\/\/www.polideas.it\/de\/wp-json\/wp\/v2\/product\/10597","targetHints":{"allow":["GET"]}}],"collection":[{"href":"http:\/\/www.polideas.it\/de\/wp-json\/wp\/v2\/product"}],"about":[{"href":"http:\/\/www.polideas.it\/de\/wp-json\/wp\/v2\/types\/product"}],"replies":[{"embeddable":true,"href":"http:\/\/www.polideas.it\/de\/wp-json\/wp\/v2\/comments?post=10597"}],"wp:featuredmedia":[{"embeddable":true,"href":"http:\/\/www.polideas.it\/de\/wp-json\/wp\/v2\/media\/11479"}],"wp:attachment":[{"href":"http:\/\/www.polideas.it\/de\/wp-json\/wp\/v2\/media?parent=10597"}],"wp:term":[{"taxonomy":"product_brand","embeddable":true,"href":"http:\/\/www.polideas.it\/de\/wp-json\/wp\/v2\/product_brand?post=10597"},{"taxonomy":"product_cat","embeddable":true,"href":"http:\/\/www.polideas.it\/de\/wp-json\/wp\/v2\/product_cat?post=10597"},{"taxonomy":"product_tag","embeddable":true,"href":"http:\/\/www.polideas.it\/de\/wp-json\/wp\/v2\/product_tag?post=10597"}],"curies":[{"name":"wp","href":"https:\/\/api.w.org\/{rel}","templated":true}]}}