{"id":10600,"date":"2022-02-28T21:59:32","date_gmt":"2022-02-28T20:59:32","guid":{"rendered":"https:\/\/www.polideas.it\/?post_type=product&#038;p=10600"},"modified":"2025-01-30T11:32:16","modified_gmt":"2025-01-30T10:32:16","slug":"minimal-mobel-designknopf","status":"publish","type":"product","link":"http:\/\/www.polideas.it\/de\/en-2\/wohnzimmer-knopfe-griffe\/minimal-mobel-designknopf\/","title":{"rendered":"Minimal Knob - Mobile Design Knob"},"content":{"rendered":"<p>Geometrisch geformt, raffiniert und mit einem zeitlosen Stil: das ist die <strong>Minimal knob by Polideas<\/strong>.<\/p>\n<p>Die <strong>Minimaler Knopf<\/strong> ist die perfekte Wahl f\u00fcr alle, die auf der Suche nach einer anderen Erg\u00e4nzung sind. Ideal, um Schlafzimmer- oder Wohnbereichsm\u00f6bel auf besondere Weise zu gestalten.<\/p>\n<p>Verf\u00fcgbar in <strong>Poliertes Chrom und transparente Oberfl\u00e4chen<\/strong>Mit einer Breite von 40 mm und einer H\u00f6he von 40 mm ist es perfekt quadratisch. Aufgrund seiner Eigenschaften eignet er sich auch perfekt f\u00fcr die Dekoration von W\u00e4nden und erf\u00fcllt eine doppelte \u00e4sthetische und praktische Funktion.<\/p>\n<p>Die <strong>Minimaler Knopf<\/strong> ist das Ergebnis kontinuierlicher Forschung in Kombination mit der f\u00fcr Made in Italy typischen Sorgfalt. Es wird aus hochwertigen Materialien hergestellt, um jederzeit maximale Sicherheit zu gew\u00e4hrleisten.<\/p>","protected":false},"excerpt":{"rendered":"<p>Dalla forma geometrica, raffinata e con uno stile senza tempo: ecco il pomello Minimal di Polideas. Il pomello Minimal \u00e8 la scelta perfetta di chi cerca un complemento diverso dal solito, ideale per personalizzare i mobili della camera da letto o della zona living in maniera speciale. Disponibile nelle finiture cromato lucido e trasparente, ha [&#8230;]\n","protected":false},"featured_media":7483,"comment_status":"closed","ping_status":"closed","template":"","meta":{"_acf_changed":false},"product_brand":[],"product_cat":[47],"product_tag":[3148,3101,3102,3103,3222,3104,3105,3315,3107,3316,3317,3108,3109,3111,3318,3112,3113,3114,3121,3115,3116,3117,3118],"class_list":{"0":"post-10600","1":"product","2":"type-product","3":"status-publish","4":"has-post-thumbnail","6":"product_cat-maniglie-pomelli-camera-soggiorno","7":"product_tag-pomelli-trasparenti-per-mobili","8":"product_tag-pomello","9":"product_tag-pomello-anta-mobile-soggiorno","10":"product_tag-pomello-anta-soggiorno","11":"product_tag-pomello-arredo","12":"product_tag-pomello-cassetto-soggiorno","13":"product_tag-pomello-design","14":"product_tag-pomello-minimal","15":"product_tag-pomello-mobile","16":"product_tag-pomello-mobile-camera","17":"product_tag-pomello-mobile-design","18":"product_tag-pomello-mobile-soggiorno","19":"product_tag-pomello-per-mobile-soggiorno","20":"product_tag-pomello-soggiorno","21":"product_tag-pomello-trasparente","22":"product_tag-pomolo","23":"product_tag-pomolo-al-miglior-prezzo","24":"product_tag-pomolo-anta-mobile","25":"product_tag-pomolo-armadio","26":"product_tag-pomolo-cassettiera","27":"product_tag-pomolo-cassetto","28":"product_tag-pomolo-mobile","29":"product_tag-pomolo-mobile-arredamento","31":"first","32":"instock","33":"taxable","34":"shipping-taxable","35":"purchasable","36":"product-type-simple"},"acf":[],"_links":{"self":[{"href":"http:\/\/www.polideas.it\/de\/wp-json\/wp\/v2\/product\/10600","targetHints":{"allow":["GET"]}}],"collection":[{"href":"http:\/\/www.polideas.it\/de\/wp-json\/wp\/v2\/product"}],"about":[{"href":"http:\/\/www.polideas.it\/de\/wp-json\/wp\/v2\/types\/product"}],"replies":[{"embeddable":true,"href":"http:\/\/www.polideas.it\/de\/wp-json\/wp\/v2\/comments?post=10600"}],"wp:featuredmedia":[{"embeddable":true,"href":"http:\/\/www.polideas.it\/de\/wp-json\/wp\/v2\/media\/7483"}],"wp:attachment":[{"href":"http:\/\/www.polideas.it\/de\/wp-json\/wp\/v2\/media?parent=10600"}],"wp:term":[{"taxonomy":"product_brand","embeddable":true,"href":"http:\/\/www.polideas.it\/de\/wp-json\/wp\/v2\/product_brand?post=10600"},{"taxonomy":"product_cat","embeddable":true,"href":"http:\/\/www.polideas.it\/de\/wp-json\/wp\/v2\/product_cat?post=10600"},{"taxonomy":"product_tag","embeddable":true,"href":"http:\/\/www.polideas.it\/de\/wp-json\/wp\/v2\/product_tag?post=10600"}],"curies":[{"name":"wp","href":"https:\/\/api.w.org\/{rel}","templated":true}]}}