{"id":10601,"date":"2022-02-28T21:59:32","date_gmt":"2022-02-28T20:59:32","guid":{"rendered":"https:\/\/www.polideas.it\/?post_type=product&#038;p=10601"},"modified":"2025-05-29T11:31:21","modified_gmt":"2025-05-29T09:31:21","slug":"kindermobel-knauf-blume-gepragt-fein-weis","status":"publish","type":"product","link":"http:\/\/www.polideas.it\/de\/en-2\/kinderknopfe-griffe-2\/kindermobel-knauf-blume-gepragt-fein-weis\/","title":{"rendered":"Pomello Bimbi Flower - Kinderm\u00f6belknopf - Fein gepr\u00e4gter Wei\u00df"},"content":{"rendered":"<p>In Kinderzimmern bl\u00fchen bunte Blumen, die M\u00f6bel, Kommoden und Kommodenschr\u00e4nke versch\u00f6nern. <strong>Blumenknopf f\u00fcr Babys von Polideas.<\/strong><\/p>\n<p>Mit seiner stilisierten, minimalistischen und ultra-einfachen Form ist das <strong>Knauf Blume<\/strong> bringt sofort eine frische und fr\u00f6hliche Atmosph\u00e4re in jedes Schlafzimmer und renoviert es im Handumdrehen mit extremer Einfachheit.<\/p>\n<p>Ideal von <strong>mischen Sie verschiedene Nuancen ein<\/strong> Der Flower-Knauf ist in verschiedenen Ausf\u00fchrungen erh\u00e4ltlich, z.B. in den Farben Blau, Rosa, Fuchsia und Wei\u00df oder im neuartigen Aluminiumeffekt. Er ist perfekt f\u00fcr klassisch gestaltete und romantische Kinderzimmer.<\/p>\n<p>Der Flower-Knauf wurde in voller \u00dcbereinstimmung mit der europ\u00e4ischen REACH-Verordnung hergestellt, hat keine scharfen Kanten und garantiert maximale Sicherheit in jeder Situation.<\/p>","protected":false},"excerpt":{"rendered":"<p>Farbenfrohe Blumen bl\u00fchen im Kinderzimmer auf und schm\u00fccken M\u00f6bel, Kommoden und Kommodenschr\u00e4nke: das ist dem Flower Kinderknauf von Polideas zu verdanken. Mit seiner stilisierten, minimalistischen und ultra-einfachen Form verleiht der Flower-Knauf jedem Kinderzimmer sofort eine frische und fr\u00f6hliche Atmosph\u00e4re und erneuert es im Handumdrehen mit extremer Einfachheit. Ideal zum Mischen und Kombinieren in den verschiedenen verf\u00fcgbaren Farben, z.B. gepr\u00e4gte [...]","protected":false},"featured_media":4460,"comment_status":"closed","ping_status":"closed","template":"","meta":{"_acf_changed":false},"product_brand":[],"product_cat":[24],"product_tag":[3119,3120,3112,3113,3114,3121,3122,3123,3115,3116,3124,3319,3320,3117,3118,3125,3126,3127,3128],"class_list":{"0":"post-10601","1":"product","2":"type-product","3":"status-publish","4":"has-post-thumbnail","6":"product_cat-maniglie-pomelli-bambini","7":"product_tag-pomelli-cameretta-bimba","8":"product_tag-pomelli-cameretta-bimbo","9":"product_tag-pomolo","10":"product_tag-pomolo-al-miglior-prezzo","11":"product_tag-pomolo-anta-mobile","12":"product_tag-pomolo-armadio","13":"product_tag-pomolo-bambini","14":"product_tag-pomolo-cameretta-bambini","15":"product_tag-pomolo-cassettiera","16":"product_tag-pomolo-cassetto","17":"product_tag-pomolo-cassetto-bambini","18":"product_tag-pomolo-cassetto-fiore","19":"product_tag-pomolo-forma-cuore","20":"product_tag-pomolo-mobile","21":"product_tag-pomolo-mobile-arredamento","22":"product_tag-pomolo-mobile-ragazza","23":"product_tag-pomolo-mobile-ragazzi","24":"product_tag-pomolo-mobili-bambina","25":"product_tag-pomolo-mobili-bambino","27":"first","28":"instock","29":"taxable","30":"shipping-taxable","31":"purchasable","32":"product-type-simple"},"acf":[],"_links":{"self":[{"href":"http:\/\/www.polideas.it\/de\/wp-json\/wp\/v2\/product\/10601","targetHints":{"allow":["GET"]}}],"collection":[{"href":"http:\/\/www.polideas.it\/de\/wp-json\/wp\/v2\/product"}],"about":[{"href":"http:\/\/www.polideas.it\/de\/wp-json\/wp\/v2\/types\/product"}],"replies":[{"embeddable":true,"href":"http:\/\/www.polideas.it\/de\/wp-json\/wp\/v2\/comments?post=10601"}],"wp:featuredmedia":[{"embeddable":true,"href":"http:\/\/www.polideas.it\/de\/wp-json\/wp\/v2\/media\/4460"}],"wp:attachment":[{"href":"http:\/\/www.polideas.it\/de\/wp-json\/wp\/v2\/media?parent=10601"}],"wp:term":[{"taxonomy":"product_brand","embeddable":true,"href":"http:\/\/www.polideas.it\/de\/wp-json\/wp\/v2\/product_brand?post=10601"},{"taxonomy":"product_cat","embeddable":true,"href":"http:\/\/www.polideas.it\/de\/wp-json\/wp\/v2\/product_cat?post=10601"},{"taxonomy":"product_tag","embeddable":true,"href":"http:\/\/www.polideas.it\/de\/wp-json\/wp\/v2\/product_tag?post=10601"}],"curies":[{"name":"wp","href":"https:\/\/api.w.org\/{rel}","templated":true}]}}