{"id":10608,"date":"2022-02-28T21:59:33","date_gmt":"2022-02-28T20:59:33","guid":{"rendered":"https:\/\/www.polideas.it\/?post_type=product&#038;p=10608"},"modified":"2025-01-31T09:29:13","modified_gmt":"2025-01-31T08:29:13","slug":"kinder-handy-knopflacheln","status":"publish","type":"product","link":"http:\/\/www.polideas.it\/de\/en-2\/kinderknopfe-griffe-2\/kinder-handy-knopflacheln\/","title":{"rendered":"Smile - Kinder Mobile Knopf"},"content":{"rendered":"<p>Was k\u00f6nnte besser sein als ein nettes L\u00e4cheln, um den Tag mit guter Laune zu beginnen? Mit diesem Gedanken im Hinterkopf hat Polideas das niedliche <strong>L\u00e4chelknopf.<\/strong><\/p>\n<p>Inspiriert von den zarten Emoticons, die immer mehr in Mode kommen, ist das <strong>Smile Kinderknopf von Polideas<\/strong> verwandelt das Kinderzimmer in einen heiteren und fr\u00f6hlichen Ort, w\u00e4hrend die \u00fcblichen M\u00f6bel erneuert werden.<\/p>\n<p>Erh\u00e4ltlich im <strong>klassisch wei\u00df lackiert<\/strong>Es ist die perfekte Erg\u00e4nzung, um dunkle oder farbige Holzm\u00f6bel aufzuhellen, aber auch um einen sch\u00f6nen Ton-in-Ton-Effekt mit wei\u00dfen M\u00f6beln zu erzielen.<\/p>\n<p>In voller \u00dcbereinstimmung mit der europ\u00e4ischen REACH-Verordnung hergestellt, ist das <strong>Bimbi L\u00e4chelknopf<\/strong> ist frei von scharfen Kanten und garantiert maximale Sicherheit in allen Situationen.<\/p>","protected":false},"excerpt":{"rendered":"<p>Per iniziare la giornata in allegria, cosa c\u2019\u00e8 di meglio di un bel sorriso? E\u2019 pensando a questo che Polideas ha ideato, per la camera dei pi\u00f9 piccoli, il simpatico pomolo Smile. Ispirato alle tenere emoticon che ormai vanno sempre pi\u00f9 di moda, il pomolo bimbi Smile di Polideas trasforma la camera dei bambini in [&#8230;]\n","protected":false},"featured_media":11494,"comment_status":"closed","ping_status":"closed","template":"","meta":{"_acf_changed":false},"product_brand":[],"product_cat":[24],"product_tag":[3119,3112,3113,3114,3121,3122,3123,3115,3116,3124,3117,3118,3125,3126,3127,3128],"class_list":{"0":"post-10608","1":"product","2":"type-product","3":"status-publish","4":"has-post-thumbnail","6":"product_cat-maniglie-pomelli-bambini","7":"product_tag-pomelli-cameretta-bimba","8":"product_tag-pomolo","9":"product_tag-pomolo-al-miglior-prezzo","10":"product_tag-pomolo-anta-mobile","11":"product_tag-pomolo-armadio","12":"product_tag-pomolo-bambini","13":"product_tag-pomolo-cameretta-bambini","14":"product_tag-pomolo-cassettiera","15":"product_tag-pomolo-cassetto","16":"product_tag-pomolo-cassetto-bambini","17":"product_tag-pomolo-mobile","18":"product_tag-pomolo-mobile-arredamento","19":"product_tag-pomolo-mobile-ragazza","20":"product_tag-pomolo-mobile-ragazzi","21":"product_tag-pomolo-mobili-bambina","22":"product_tag-pomolo-mobili-bambino","24":"first","25":"instock","26":"taxable","27":"shipping-taxable","28":"purchasable","29":"product-type-simple"},"acf":[],"_links":{"self":[{"href":"http:\/\/www.polideas.it\/de\/wp-json\/wp\/v2\/product\/10608","targetHints":{"allow":["GET"]}}],"collection":[{"href":"http:\/\/www.polideas.it\/de\/wp-json\/wp\/v2\/product"}],"about":[{"href":"http:\/\/www.polideas.it\/de\/wp-json\/wp\/v2\/types\/product"}],"replies":[{"embeddable":true,"href":"http:\/\/www.polideas.it\/de\/wp-json\/wp\/v2\/comments?post=10608"}],"wp:featuredmedia":[{"embeddable":true,"href":"http:\/\/www.polideas.it\/de\/wp-json\/wp\/v2\/media\/11494"}],"wp:attachment":[{"href":"http:\/\/www.polideas.it\/de\/wp-json\/wp\/v2\/media?parent=10608"}],"wp:term":[{"taxonomy":"product_brand","embeddable":true,"href":"http:\/\/www.polideas.it\/de\/wp-json\/wp\/v2\/product_brand?post=10608"},{"taxonomy":"product_cat","embeddable":true,"href":"http:\/\/www.polideas.it\/de\/wp-json\/wp\/v2\/product_cat?post=10608"},{"taxonomy":"product_tag","embeddable":true,"href":"http:\/\/www.polideas.it\/de\/wp-json\/wp\/v2\/product_tag?post=10608"}],"curies":[{"name":"wp","href":"https:\/\/api.w.org\/{rel}","templated":true}]}}