{"id":10612,"date":"2022-02-28T21:59:33","date_gmt":"2022-02-28T20:59:33","guid":{"rendered":"https:\/\/www.polideas.it\/?post_type=product&#038;p=10612"},"modified":"2025-02-17T11:56:24","modified_gmt":"2025-02-17T10:56:24","slug":"kindermobelknopf-geist-gepragt-fein-grun","status":"publish","type":"product","link":"http:\/\/www.polideas.it\/de\/en-2\/kinderknopfe-griffe-2\/kindermobelknopf-geist-gepragt-fein-grun\/","title":{"rendered":"Ghost - Kinderm\u00f6belknopf - Gepr\u00e4gtes Feines Gr\u00fcn"},"content":{"rendered":"<p>Mutigen Kindern gewidmet, die keine Angst vor Gespenstern haben: Es ist das <strong>Geisterknopf von Polideas<\/strong>ideal, um Kinderzimmern einen Hauch von Pers\u00f6nlichkeit zu verleihen.<\/p>\n<p>Mit seiner traditionellen Geisterform ist der <strong>Geisterknopf<\/strong> ist witzig und originell, perfekt, um das Kinderzimmer auf einzigartige Weise zu vervollst\u00e4ndigen.<\/p>\n<p>Erh\u00e4ltlich in feinen gepr\u00e4gten Farbt\u00f6nen wie Rosa, Hellblau und Gr\u00fcn<strong>, Geisterknopf<\/strong> kann mit jedem Einrichtungsstil kombiniert werden und bringt Farbe in klassischere, helle Holz- oder ganz wei\u00dfe Schlafzimmergarnituren.<\/p>\n<p>Der in voller \u00dcbereinstimmung mit der europ\u00e4ischen REACH-Verordnung hergestellte Ghost-Knauf hat keine scharfen Kanten und garantiert maximale Sicherheit in jeder Situation.<\/p>","protected":false},"excerpt":{"rendered":"<p>Mutigen Kindern, die keine Angst vor Gespenstern haben, ist der Ghost Knob von Polideas gewidmet. Er ist ideal, um dem Kinderzimmer einen Hauch von Pers\u00f6nlichkeit zu verleihen. Mit seiner traditionellen Geisterform ist der Ghost Knob witzig und originell, perfekt, um das Kinderzimmer auf einzigartige Weise zu vervollst\u00e4ndigen. Erh\u00e4ltlich in edlen gepr\u00e4gten Farben [...]","protected":false},"featured_media":15768,"comment_status":"closed","ping_status":"closed","template":"","meta":{"_acf_changed":false},"product_brand":[],"product_cat":[24],"product_tag":[3119,3120,3112,3113,3114,3121,3122,3123,3115,3116,3124,3117,3118,3125,3126,3127,3128],"class_list":{"0":"post-10612","1":"product","2":"type-product","3":"status-publish","4":"has-post-thumbnail","6":"product_cat-maniglie-pomelli-bambini","7":"product_tag-pomelli-cameretta-bimba","8":"product_tag-pomelli-cameretta-bimbo","9":"product_tag-pomolo","10":"product_tag-pomolo-al-miglior-prezzo","11":"product_tag-pomolo-anta-mobile","12":"product_tag-pomolo-armadio","13":"product_tag-pomolo-bambini","14":"product_tag-pomolo-cameretta-bambini","15":"product_tag-pomolo-cassettiera","16":"product_tag-pomolo-cassetto","17":"product_tag-pomolo-cassetto-bambini","18":"product_tag-pomolo-mobile","19":"product_tag-pomolo-mobile-arredamento","20":"product_tag-pomolo-mobile-ragazza","21":"product_tag-pomolo-mobile-ragazzi","22":"product_tag-pomolo-mobili-bambina","23":"product_tag-pomolo-mobili-bambino","25":"first","26":"instock","27":"taxable","28":"shipping-taxable","29":"purchasable","30":"product-type-simple"},"acf":[],"_links":{"self":[{"href":"http:\/\/www.polideas.it\/de\/wp-json\/wp\/v2\/product\/10612","targetHints":{"allow":["GET"]}}],"collection":[{"href":"http:\/\/www.polideas.it\/de\/wp-json\/wp\/v2\/product"}],"about":[{"href":"http:\/\/www.polideas.it\/de\/wp-json\/wp\/v2\/types\/product"}],"replies":[{"embeddable":true,"href":"http:\/\/www.polideas.it\/de\/wp-json\/wp\/v2\/comments?post=10612"}],"wp:featuredmedia":[{"embeddable":true,"href":"http:\/\/www.polideas.it\/de\/wp-json\/wp\/v2\/media\/15768"}],"wp:attachment":[{"href":"http:\/\/www.polideas.it\/de\/wp-json\/wp\/v2\/media?parent=10612"}],"wp:term":[{"taxonomy":"product_brand","embeddable":true,"href":"http:\/\/www.polideas.it\/de\/wp-json\/wp\/v2\/product_brand?post=10612"},{"taxonomy":"product_cat","embeddable":true,"href":"http:\/\/www.polideas.it\/de\/wp-json\/wp\/v2\/product_cat?post=10612"},{"taxonomy":"product_tag","embeddable":true,"href":"http:\/\/www.polideas.it\/de\/wp-json\/wp\/v2\/product_tag?post=10612"}],"curies":[{"name":"wp","href":"https:\/\/api.w.org\/{rel}","templated":true}]}}