{"id":10621,"date":"2022-02-28T21:59:35","date_gmt":"2022-02-28T20:59:35","guid":{"rendered":"https:\/\/www.polideas.it\/?post_type=product&#038;p=10621"},"modified":"2025-02-04T17:48:09","modified_gmt":"2025-02-04T16:48:09","slug":"schmetterlingsknopf-kindermobelknopf-milchglaseffekt-opalinfarben","status":"publish","type":"product","link":"http:\/\/www.polideas.it\/de\/en-2\/kinderknopfe-griffe-2\/schmetterlingsknopf-kindermobelknopf-milchglaseffekt-opalinfarben\/","title":{"rendered":"Schmetterlingsknopf - Kinderm\u00f6belknopf - Satinierter Glaseffekt, opalinfarben"},"content":{"rendered":"<p>Alle Kinder lieben Schmetterlinge, weshalb Polideas in seiner Auswahl an <strong>Kn\u00f6pfe, die den Tieren gewidmet sind<\/strong> zu den beliebtesten, auch das bunte Insekt.<\/p>\n<p>Ideal f\u00fcr die klassischste und romantischste Schlafzimmereinrichtung, das <strong>Schmetterlingsknopf<\/strong> erneuert M\u00f6bel, Kommoden und Kommodenschr\u00e4nke im Handumdrehen und verleiht ihnen ein v\u00f6llig neues Aussehen.<\/p>\n<p>Verf\u00fcgbar in <strong>viele Schattierungen<\/strong>vom fein gepr\u00e4gten Blau, Gelb und Rosa bis zum Gr\u00fcn und Opalglaseffekt kann der Schmetterlingsknopf auch mit anderen <strong>Kn\u00f6pfe mit Tiermotiven von Polideas<\/strong> f\u00fcr einen super fr\u00f6hlichen Effekt.<\/p>\n<p>Der in voller \u00dcbereinstimmung mit der europ\u00e4ischen REACH-Verordnung hergestellte Farfalla-Knauf hat keine scharfen Kanten und garantiert maximale Sicherheit in jeder Situation.<\/p>","protected":false},"excerpt":{"rendered":"<p>Alle Kinder lieben Schmetterlinge. Deshalb hat Polideas das farbenfrohe Insekt auch in seine Auswahl an Kn\u00f6pfen aufgenommen, die den beliebtesten Tieren gewidmet sind. Der Butterfly Kinderknauf ist ideal f\u00fcr klassischere und romantischere Kinderzimmer und verleiht M\u00f6beln, Kommoden und Kommodenschr\u00e4nken im Handumdrehen ein v\u00f6llig neues Aussehen. Erh\u00e4ltlich in vielen Farben, ist der Butterfly [...]","protected":false},"featured_media":11530,"comment_status":"closed","ping_status":"closed","template":"","meta":{"_acf_changed":false},"product_brand":[],"product_cat":[24],"product_tag":[3119,3120,3112,3113,3114,3121,3122,3123,3115,3116,3124,3117,3118,3125,3126,3127,3128],"class_list":{"0":"post-10621","1":"product","2":"type-product","3":"status-publish","4":"has-post-thumbnail","6":"product_cat-maniglie-pomelli-bambini","7":"product_tag-pomelli-cameretta-bimba","8":"product_tag-pomelli-cameretta-bimbo","9":"product_tag-pomolo","10":"product_tag-pomolo-al-miglior-prezzo","11":"product_tag-pomolo-anta-mobile","12":"product_tag-pomolo-armadio","13":"product_tag-pomolo-bambini","14":"product_tag-pomolo-cameretta-bambini","15":"product_tag-pomolo-cassettiera","16":"product_tag-pomolo-cassetto","17":"product_tag-pomolo-cassetto-bambini","18":"product_tag-pomolo-mobile","19":"product_tag-pomolo-mobile-arredamento","20":"product_tag-pomolo-mobile-ragazza","21":"product_tag-pomolo-mobile-ragazzi","22":"product_tag-pomolo-mobili-bambina","23":"product_tag-pomolo-mobili-bambino","25":"first","26":"instock","27":"taxable","28":"shipping-taxable","29":"purchasable","30":"product-type-simple"},"acf":[],"_links":{"self":[{"href":"http:\/\/www.polideas.it\/de\/wp-json\/wp\/v2\/product\/10621","targetHints":{"allow":["GET"]}}],"collection":[{"href":"http:\/\/www.polideas.it\/de\/wp-json\/wp\/v2\/product"}],"about":[{"href":"http:\/\/www.polideas.it\/de\/wp-json\/wp\/v2\/types\/product"}],"replies":[{"embeddable":true,"href":"http:\/\/www.polideas.it\/de\/wp-json\/wp\/v2\/comments?post=10621"}],"wp:featuredmedia":[{"embeddable":true,"href":"http:\/\/www.polideas.it\/de\/wp-json\/wp\/v2\/media\/11530"}],"wp:attachment":[{"href":"http:\/\/www.polideas.it\/de\/wp-json\/wp\/v2\/media?parent=10621"}],"wp:term":[{"taxonomy":"product_brand","embeddable":true,"href":"http:\/\/www.polideas.it\/de\/wp-json\/wp\/v2\/product_brand?post=10621"},{"taxonomy":"product_cat","embeddable":true,"href":"http:\/\/www.polideas.it\/de\/wp-json\/wp\/v2\/product_cat?post=10621"},{"taxonomy":"product_tag","embeddable":true,"href":"http:\/\/www.polideas.it\/de\/wp-json\/wp\/v2\/product_tag?post=10621"}],"curies":[{"name":"wp","href":"https:\/\/api.w.org\/{rel}","templated":true}]}}