{"id":10625,"date":"2022-02-28T21:59:57","date_gmt":"2022-02-28T20:59:57","guid":{"rendered":"https:\/\/www.polideas.it\/?post_type=product&#038;p=10625"},"modified":"2025-02-04T15:24:45","modified_gmt":"2025-02-04T14:24:45","slug":"kindermobel-knauf-katze-gepragt-fein-gelb","status":"publish","type":"product","link":"http:\/\/www.polideas.it\/de\/en-2\/kinderknopfe-griffe-2\/kindermobel-knauf-katze-gepragt-fein-gelb\/","title":{"rendered":"Knopf Katze - Kinderm\u00f6belknopf - Gepr\u00e4gtes feines Gelb"},"content":{"rendered":"<p>Es ist den Kindern gewidmet, die Katzen lieben, die <strong>Polideas Knopf<\/strong> die die gewundene und unverwechselbare Silhouette der Katze wiedergibt.<\/p>\n<p>Farbenfroh, einfach und lustig, die <strong>Katzenknopf<\/strong> verleiht den gew\u00f6hnlichen M\u00f6beln einen Hauch von Pers\u00f6nlichkeit und erneuert das Aussehen des Kinderzimmers in wenigen einfachen Schritten: Es dauert nur ein paar Minuten und die Hilfe eines Schraubenziehers, um die alten Kn\u00e4ufe durch die lustigen Vorschl\u00e4ge von Polideas zu ersetzen.<\/p>\n<p>Verf\u00fcgbar in <strong>viele Schattierungen<\/strong>vom fein gepr\u00e4gten Blau, Gelb und Rosa bis zum Gr\u00fcn und Opalglaseffekt kann der Cat Knob auch mit den anderen <strong>Kn\u00f6pfe mit Tiermotiven von Polideas<\/strong> f\u00fcr einen super fr\u00f6hlichen Effekt.<\/p>\n<p>Der in voller \u00dcbereinstimmung mit der europ\u00e4ischen REACH-Verordnung hergestellte Gatto-Knauf hat keine scharfen Kanten und garantiert maximale Sicherheit in jeder Situation.<\/p>","protected":false},"excerpt":{"rendered":"<p>Kindern, die Katzen lieben, ist der Katzenknauf von Polideas gewidmet, der die geschwungene und unverwechselbare Silhouette der Katze nachbildet. Der farbenfrohe, schlichte und witzige Katzenknauf verleiht den \u00fcblichen M\u00f6beln einen Hauch von Pers\u00f6nlichkeit und erneuert das Aussehen des Kinderzimmers in wenigen einfachen Schritten: Sie brauchen nur ein paar Minuten und die Hilfe eines Schraubenziehers [...].","protected":false},"featured_media":4478,"comment_status":"closed","ping_status":"closed","template":"","meta":{"_acf_changed":false},"product_brand":[],"product_cat":[24],"product_tag":[3119,3120,3112,3113,3114,3121,3122,3123,3115,3116,3124,3117,3118,3125,3126,3127,3128],"class_list":{"0":"post-10625","1":"product","2":"type-product","3":"status-publish","4":"has-post-thumbnail","6":"product_cat-maniglie-pomelli-bambini","7":"product_tag-pomelli-cameretta-bimba","8":"product_tag-pomelli-cameretta-bimbo","9":"product_tag-pomolo","10":"product_tag-pomolo-al-miglior-prezzo","11":"product_tag-pomolo-anta-mobile","12":"product_tag-pomolo-armadio","13":"product_tag-pomolo-bambini","14":"product_tag-pomolo-cameretta-bambini","15":"product_tag-pomolo-cassettiera","16":"product_tag-pomolo-cassetto","17":"product_tag-pomolo-cassetto-bambini","18":"product_tag-pomolo-mobile","19":"product_tag-pomolo-mobile-arredamento","20":"product_tag-pomolo-mobile-ragazza","21":"product_tag-pomolo-mobile-ragazzi","22":"product_tag-pomolo-mobili-bambina","23":"product_tag-pomolo-mobili-bambino","25":"first","26":"instock","27":"taxable","28":"shipping-taxable","29":"purchasable","30":"product-type-simple"},"acf":[],"_links":{"self":[{"href":"http:\/\/www.polideas.it\/de\/wp-json\/wp\/v2\/product\/10625","targetHints":{"allow":["GET"]}}],"collection":[{"href":"http:\/\/www.polideas.it\/de\/wp-json\/wp\/v2\/product"}],"about":[{"href":"http:\/\/www.polideas.it\/de\/wp-json\/wp\/v2\/types\/product"}],"replies":[{"embeddable":true,"href":"http:\/\/www.polideas.it\/de\/wp-json\/wp\/v2\/comments?post=10625"}],"wp:featuredmedia":[{"embeddable":true,"href":"http:\/\/www.polideas.it\/de\/wp-json\/wp\/v2\/media\/4478"}],"wp:attachment":[{"href":"http:\/\/www.polideas.it\/de\/wp-json\/wp\/v2\/media?parent=10625"}],"wp:term":[{"taxonomy":"product_brand","embeddable":true,"href":"http:\/\/www.polideas.it\/de\/wp-json\/wp\/v2\/product_brand?post=10625"},{"taxonomy":"product_cat","embeddable":true,"href":"http:\/\/www.polideas.it\/de\/wp-json\/wp\/v2\/product_cat?post=10625"},{"taxonomy":"product_tag","embeddable":true,"href":"http:\/\/www.polideas.it\/de\/wp-json\/wp\/v2\/product_tag?post=10625"}],"curies":[{"name":"wp","href":"https:\/\/api.w.org\/{rel}","templated":true}]}}