{"id":10630,"date":"2022-02-28T21:59:57","date_gmt":"2022-02-28T20:59:57","guid":{"rendered":"https:\/\/www.polideas.it\/?post_type=product&#038;p=10630"},"modified":"2025-02-04T15:33:33","modified_gmt":"2025-02-04T14:33:33","slug":"nemo-kindermobelknauf-gepragtes-feines-gelb","status":"publish","type":"product","link":"http:\/\/www.polideas.it\/de\/en-2\/kinderknopfe-griffe-2\/nemo-kindermobelknauf-gepragtes-feines-gelb\/","title":{"rendered":"Nemo - Kinder Mobile Knopf - Gepr\u00e4gtes feines Gelb"},"content":{"rendered":"<p>Direkt aus den Tiefen des Abgrunds kommt die freundliche <strong>Nemo Baby Knauf<\/strong>Inspiriert von dem ber\u00fchmten kleinen Fisch aus dem Disney-M\u00e4rchen, ist der Nemo-Knauf ideal, um dem Zimmer von Kindern, die das Meer lieben, einen Hauch von Poesie zu verleihen.<\/p>\n<p>Zart und farbenfroh, der Knauf <strong>Nemo von Polideas<\/strong> Es versch\u00f6nert Schubladen, M\u00f6bel und Schr\u00e4nke, indem es ihnen einen Hauch von Originalit\u00e4t und Z\u00e4rtlichkeit verleiht.<\/p>\n<p>Erh\u00e4ltlich in sch\u00f6nen Opal- und gr\u00fcnen Glaseffekt-Farben sowie in klassischen, fein gepr\u00e4gten Blau-, Rosa- und Gelbt\u00f6nen, ist es auch perfekt f\u00fcr das Babyzimmer geeignet.<\/p>\n<p>Der in voller \u00dcbereinstimmung mit der europ\u00e4ischen REACH-Verordnung hergestellte Nemo-Knauf hat keine scharfen Kanten und garantiert maximale Sicherheit in jeder Situation.<\/p>","protected":false},"excerpt":{"rendered":"<p>Direttamente dal fondo degli abissi arriva il simpatico pomolo bimbi Nemo: ispirato al celebre pesciolino della favola Disney, il pomolo Nemo \u00e8 l\u2019ideale per regalare un tocco di poesia alla camera dei bimbi amanti del mare. Tenero e colorato, il pomolo Nemo di Polideas ravviva con allegria cassettiere, mobili e armadi dandogli un tocco di [&#8230;]","protected":false},"featured_media":4482,"comment_status":"closed","ping_status":"closed","template":"","meta":{"_acf_changed":false},"product_brand":[],"product_cat":[24],"product_tag":[3119,3120,3112,3113,3114,3121,3122,3123,3115,3116,3124,3117,3118,3125,3126,3127,3128],"class_list":{"0":"post-10630","1":"product","2":"type-product","3":"status-publish","4":"has-post-thumbnail","6":"product_cat-maniglie-pomelli-bambini","7":"product_tag-pomelli-cameretta-bimba","8":"product_tag-pomelli-cameretta-bimbo","9":"product_tag-pomolo","10":"product_tag-pomolo-al-miglior-prezzo","11":"product_tag-pomolo-anta-mobile","12":"product_tag-pomolo-armadio","13":"product_tag-pomolo-bambini","14":"product_tag-pomolo-cameretta-bambini","15":"product_tag-pomolo-cassettiera","16":"product_tag-pomolo-cassetto","17":"product_tag-pomolo-cassetto-bambini","18":"product_tag-pomolo-mobile","19":"product_tag-pomolo-mobile-arredamento","20":"product_tag-pomolo-mobile-ragazza","21":"product_tag-pomolo-mobile-ragazzi","22":"product_tag-pomolo-mobili-bambina","23":"product_tag-pomolo-mobili-bambino","25":"first","26":"instock","27":"taxable","28":"shipping-taxable","29":"purchasable","30":"product-type-simple"},"acf":[],"_links":{"self":[{"href":"http:\/\/www.polideas.it\/de\/wp-json\/wp\/v2\/product\/10630","targetHints":{"allow":["GET"]}}],"collection":[{"href":"http:\/\/www.polideas.it\/de\/wp-json\/wp\/v2\/product"}],"about":[{"href":"http:\/\/www.polideas.it\/de\/wp-json\/wp\/v2\/types\/product"}],"replies":[{"embeddable":true,"href":"http:\/\/www.polideas.it\/de\/wp-json\/wp\/v2\/comments?post=10630"}],"wp:featuredmedia":[{"embeddable":true,"href":"http:\/\/www.polideas.it\/de\/wp-json\/wp\/v2\/media\/4482"}],"wp:attachment":[{"href":"http:\/\/www.polideas.it\/de\/wp-json\/wp\/v2\/media?parent=10630"}],"wp:term":[{"taxonomy":"product_brand","embeddable":true,"href":"http:\/\/www.polideas.it\/de\/wp-json\/wp\/v2\/product_brand?post=10630"},{"taxonomy":"product_cat","embeddable":true,"href":"http:\/\/www.polideas.it\/de\/wp-json\/wp\/v2\/product_cat?post=10630"},{"taxonomy":"product_tag","embeddable":true,"href":"http:\/\/www.polideas.it\/de\/wp-json\/wp\/v2\/product_tag?post=10630"}],"curies":[{"name":"wp","href":"https:\/\/api.w.org\/{rel}","templated":true}]}}