{"id":10636,"date":"2022-02-28T21:59:58","date_gmt":"2022-02-28T20:59:58","guid":{"rendered":"https:\/\/www.polideas.it\/?post_type=product&#038;p=10636"},"modified":"2025-01-29T10:54:01","modified_gmt":"2025-01-29T09:54:01","slug":"ufo-kindermobel-knauf-aluminium-effekt","status":"publish","type":"product","link":"http:\/\/www.polideas.it\/de\/en-2\/kinderknopfe-griffe-2\/ufo-kindermobel-knauf-aluminium-effekt\/","title":{"rendered":"Ufo - Kinderm\u00f6belknopf - Aluminium-Effekt"},"content":{"rendered":"<p>Waren Ihre Kinder schon immer vom Weltraum fasziniert und tr\u00e4umen von tausend Abenteuern zwischen Raumschiffen und Sternen? <strong>Ufo-Knopf<\/strong> ist genau das Richtige f\u00fcr sie.<\/p>\n<p>Inspiriert von dem ber\u00fchmten au\u00dferirdischen Raumschiff, ist das <strong>Ufo-Kinderknopf von Polideas<\/strong> bringt einen Hauch von Charme und Geheimnis in das Schlafzimmer der abenteuerlustigsten und technikbegeisterten Kinder.<\/p>\n<p>Verf\u00fcgbar in Tender <strong>feine gepr\u00e4gte Nuance<\/strong> rosa, hellblau und wei\u00df, und in dem speziellen Aluminiumeffekt, der es noch r\u00e4umlicher macht, <strong>Ufo-Knopf<\/strong> ist eine minimalistische und doch raffinierte L\u00f6sung f\u00fcr die Renovierung von Kinderzimmerm\u00f6beln.<\/p>\n<p>Der in voller \u00dcbereinstimmung mit der europ\u00e4ischen REACH-Verordnung hergestellte Ufo-Knauf hat keine scharfen Kanten und garantiert maximale Sicherheit in jeder Situation.<\/p>","protected":false},"excerpt":{"rendered":"<p>I vostri bimbi sono da sempre affascinati dallo spazio e sognano mille avventure tra astronavi e stelle? Pomolo Ufo \u00e8 proprio quello che fa per loro. Ispirato alle celebri navicelle extraterrestri, il pomolo bimbi Ufo di Polideas regala un tocco di fascino e mistero alla cameretta dei bambini pi\u00f9 avventurosi e tecnologici. Disponibile nelle tenere [&#8230;]\n","protected":false},"featured_media":4485,"comment_status":"closed","ping_status":"closed","template":"","meta":{"_acf_changed":false},"product_brand":[],"product_cat":[24],"product_tag":[3119,3120,3112,3113,3114,3121,3122,3123,3115,3116,3124,3117,3118,3125,3126,3127,3128],"class_list":{"0":"post-10636","1":"product","2":"type-product","3":"status-publish","4":"has-post-thumbnail","6":"product_cat-maniglie-pomelli-bambini","7":"product_tag-pomelli-cameretta-bimba","8":"product_tag-pomelli-cameretta-bimbo","9":"product_tag-pomolo","10":"product_tag-pomolo-al-miglior-prezzo","11":"product_tag-pomolo-anta-mobile","12":"product_tag-pomolo-armadio","13":"product_tag-pomolo-bambini","14":"product_tag-pomolo-cameretta-bambini","15":"product_tag-pomolo-cassettiera","16":"product_tag-pomolo-cassetto","17":"product_tag-pomolo-cassetto-bambini","18":"product_tag-pomolo-mobile","19":"product_tag-pomolo-mobile-arredamento","20":"product_tag-pomolo-mobile-ragazza","21":"product_tag-pomolo-mobile-ragazzi","22":"product_tag-pomolo-mobili-bambina","23":"product_tag-pomolo-mobili-bambino","25":"first","26":"instock","27":"taxable","28":"shipping-taxable","29":"purchasable","30":"product-type-simple"},"acf":[],"_links":{"self":[{"href":"http:\/\/www.polideas.it\/de\/wp-json\/wp\/v2\/product\/10636","targetHints":{"allow":["GET"]}}],"collection":[{"href":"http:\/\/www.polideas.it\/de\/wp-json\/wp\/v2\/product"}],"about":[{"href":"http:\/\/www.polideas.it\/de\/wp-json\/wp\/v2\/types\/product"}],"replies":[{"embeddable":true,"href":"http:\/\/www.polideas.it\/de\/wp-json\/wp\/v2\/comments?post=10636"}],"wp:featuredmedia":[{"embeddable":true,"href":"http:\/\/www.polideas.it\/de\/wp-json\/wp\/v2\/media\/4485"}],"wp:attachment":[{"href":"http:\/\/www.polideas.it\/de\/wp-json\/wp\/v2\/media?parent=10636"}],"wp:term":[{"taxonomy":"product_brand","embeddable":true,"href":"http:\/\/www.polideas.it\/de\/wp-json\/wp\/v2\/product_brand?post=10636"},{"taxonomy":"product_cat","embeddable":true,"href":"http:\/\/www.polideas.it\/de\/wp-json\/wp\/v2\/product_cat?post=10636"},{"taxonomy":"product_tag","embeddable":true,"href":"http:\/\/www.polideas.it\/de\/wp-json\/wp\/v2\/product_tag?post=10636"}],"curies":[{"name":"wp","href":"https:\/\/api.w.org\/{rel}","templated":true}]}}