{"id":10638,"date":"2022-02-28T21:59:59","date_gmt":"2022-02-28T20:59:59","guid":{"rendered":"https:\/\/www.polideas.it\/?post_type=product&#038;p=10638"},"modified":"2026-03-06T14:31:07","modified_gmt":"2026-03-06T13:31:07","slug":"kinderquadrat-kinderhandy-griff-gepragt-fein-rosa","status":"publish","type":"product","link":"http:\/\/www.polideas.it\/de\/en-2\/kinderknopfe-griffe-2\/kinderquadrat-kinderhandy-griff-gepragt-fein-rosa\/","title":{"rendered":"Quadratischer Griff f\u00fcr Kinder - Bimbi Square - Mobiler Griff f\u00fcr Kinder - Feine Pr\u00e4gung Rosa"},"content":{"rendered":"<p>Wirkt das Zimmer Ihrer Kinder ein wenig zu chaotisch? Bringen Sie ein bisschen mehr Ordnung hinein, zumindest optisch, mit dem <strong>Quadratischer Babygriff.<\/strong><\/p>\n<p>Mit seinem <strong>definierte und geometrische Linien<\/strong> tr\u00e4gt zur Raffinesse Ihres Kinderzimmers bei und wird vor allem \u00e4ltere Kinder ansprechen, da es den \u00fcblichen M\u00f6beln eine minimalistische und dennoch fr\u00f6hliche Wirkung verleiht.<\/p>\n<p>Verf\u00fcgbar in <strong>Schattierungen<\/strong> gepr\u00e4gtes feines Rosa, Wei\u00df, Blau und Gr\u00fcn. Trotz seiner klar definierten Form bringt es mit wenigen Handgriffen Freude und Farbe ins Kinderzimmer.<\/p>\n<p>In voller \u00dcbereinstimmung mit der europ\u00e4ischen REACH-Verordnung hergestellt, ist das <strong>Babygriff Quadrat<\/strong> ist frei von scharfen Kanten und garantiert maximale Sicherheit in allen Situationen.<\/p>","protected":false},"excerpt":{"rendered":"<p>Wirkt Ihr Kinderzimmer ein wenig zu chaotisch? Bringen Sie ein bisschen mehr Ordnung hinein, zumindest optisch, mit dem Square Kindergriff. Mit seinen definierten, geometrischen Linien tr\u00e4gt er zur Verfeinerung Ihres Kinderzimmers bei und wird aufgrund seiner minimalistischen und dennoch fr\u00f6hlichen Wirkung besonders \u00e4ltere Kinder ansprechen [...].","protected":false},"featured_media":11675,"comment_status":"closed","ping_status":"closed","template":"","meta":{"_acf_changed":false},"product_brand":[],"product_cat":[24],"product_tag":[3149,3151,3203,3207,3152,3153,3237,3199,3100,3159,3160,3241,3242,3243,3244,3119,3120],"class_list":{"0":"post-10638","1":"product","2":"type-product","3":"status-publish","4":"has-post-thumbnail","6":"product_cat-maniglie-pomelli-bambini","7":"product_tag-maniglia","8":"product_tag-maniglia-anta-mobile","9":"product_tag-maniglia-bambini","10":"product_tag-maniglia-cameretta-bambini","11":"product_tag-maniglia-cassettiera","12":"product_tag-maniglia-cassetto","13":"product_tag-maniglia-cassetto-bambini","14":"product_tag-maniglia-interasse-32-mm","15":"product_tag-maniglia-mobile","16":"product_tag-maniglia-mobile-al-miglior-prezzo","17":"product_tag-maniglia-mobile-arredamento","18":"product_tag-maniglia-mobile-ragazza","19":"product_tag-maniglia-mobile-ragazzi","20":"product_tag-maniglia-mobili-bambina","21":"product_tag-maniglia-mobili-bambino","22":"product_tag-pomelli-cameretta-bimba","23":"product_tag-pomelli-cameretta-bimbo","25":"first","26":"instock","27":"taxable","28":"shipping-taxable","29":"purchasable","30":"product-type-simple"},"acf":[],"_links":{"self":[{"href":"http:\/\/www.polideas.it\/de\/wp-json\/wp\/v2\/product\/10638","targetHints":{"allow":["GET"]}}],"collection":[{"href":"http:\/\/www.polideas.it\/de\/wp-json\/wp\/v2\/product"}],"about":[{"href":"http:\/\/www.polideas.it\/de\/wp-json\/wp\/v2\/types\/product"}],"replies":[{"embeddable":true,"href":"http:\/\/www.polideas.it\/de\/wp-json\/wp\/v2\/comments?post=10638"}],"wp:featuredmedia":[{"embeddable":true,"href":"http:\/\/www.polideas.it\/de\/wp-json\/wp\/v2\/media\/11675"}],"wp:attachment":[{"href":"http:\/\/www.polideas.it\/de\/wp-json\/wp\/v2\/media?parent=10638"}],"wp:term":[{"taxonomy":"product_brand","embeddable":true,"href":"http:\/\/www.polideas.it\/de\/wp-json\/wp\/v2\/product_brand?post=10638"},{"taxonomy":"product_cat","embeddable":true,"href":"http:\/\/www.polideas.it\/de\/wp-json\/wp\/v2\/product_cat?post=10638"},{"taxonomy":"product_tag","embeddable":true,"href":"http:\/\/www.polideas.it\/de\/wp-json\/wp\/v2\/product_tag?post=10638"}],"curies":[{"name":"wp","href":"https:\/\/api.w.org\/{rel}","templated":true}]}}