{"id":10641,"date":"2022-02-28T21:59:59","date_gmt":"2022-02-28T20:59:59","guid":{"rendered":"https:\/\/www.polideas.it\/?post_type=product&#038;p=10641"},"modified":"2025-02-14T12:16:51","modified_gmt":"2025-02-14T11:16:51","slug":"juwel-kuchenschrankknopf","status":"publish","type":"product","link":"http:\/\/www.polideas.it\/de\/en-2\/kuchenknopfe-griffe\/juwel-kuchenschrankknopf\/","title":{"rendered":"Jewel K\u00fcchenknopf - K\u00fcchenm\u00f6belknopf"},"content":{"rendered":"<p>Genau so, wie es ein begehrtes Bijoux tun w\u00fcrde,<strong> der Jewel K\u00fcchenknauf von Polideas<\/strong> erneuert das Konzept der Eleganz und fasst es in einem Konzentrat aus Licht und Raffinesse zusammen.<\/p>\n<p>Die perfekte Erg\u00e4nzung f\u00fcr moderne K\u00fcchen, aber auch f\u00fcr klassische K\u00fcchen, die einen Hauch von Neuheit und Eleganz brauchen, ist die <strong>Juwelenknopf<\/strong> Sie bringt Licht in die M\u00f6bel und unterstreicht die Linien und Farben, wodurch die K\u00fcche sofort schicker wirkt.<\/p>\n<p><strong>Verf\u00fcgbar in transparenten Versionen<\/strong>ist denjenigen gewidmet, die immer auf der Suche nach der besonderen Erg\u00e4nzung sind, die den Unterschied ausmacht.<\/p>\n<p>Mit einem Durchmesser von 42 mm und einer Tiefe von 25 mm, <strong>der Juwelenknopf <\/strong>passt perfekt zu versteckten und eingebauten M\u00f6beln und ist jederzeit bequem zu benutzen.<\/p>","protected":false},"excerpt":{"rendered":"<p>Esattamente come farebbe un ricercato bijoux, il pomello cucina Gioiello di Polideas rinnova il concetto di eleganza e lo racchiude in un concentrato di luce e raffinatezza. Complemento perfetto delle cucine moderne, ma anche di quelle classiche che hanno bisogno di un tocco di novit\u00e0 ed eleganza, il pomello Gioiello regala luce ai mobili e [&#8230;]\n","protected":false},"featured_media":11695,"comment_status":"closed","ping_status":"closed","template":"","meta":{"_acf_changed":false},"product_brand":[],"product_cat":[37],"product_tag":[3144,3145,3146,3105,3107,3147,3112,3113,3114,3121,3115,3116,3117,3118],"class_list":{"0":"post-10641","1":"product","2":"type-product","3":"status-publish","4":"has-post-thumbnail","6":"product_cat-maniglie-pomelli-cucina","7":"product_tag-pomello-anta-cucina","8":"product_tag-pomello-cassetto-cucina","9":"product_tag-pomello-cucina","10":"product_tag-pomello-design","11":"product_tag-pomello-mobile","12":"product_tag-pomello-per-mobile-cucina","13":"product_tag-pomolo","14":"product_tag-pomolo-al-miglior-prezzo","15":"product_tag-pomolo-anta-mobile","16":"product_tag-pomolo-armadio","17":"product_tag-pomolo-cassettiera","18":"product_tag-pomolo-cassetto","19":"product_tag-pomolo-mobile","20":"product_tag-pomolo-mobile-arredamento","22":"first","23":"instock","24":"taxable","25":"shipping-taxable","26":"purchasable","27":"product-type-simple"},"acf":[],"_links":{"self":[{"href":"http:\/\/www.polideas.it\/de\/wp-json\/wp\/v2\/product\/10641","targetHints":{"allow":["GET"]}}],"collection":[{"href":"http:\/\/www.polideas.it\/de\/wp-json\/wp\/v2\/product"}],"about":[{"href":"http:\/\/www.polideas.it\/de\/wp-json\/wp\/v2\/types\/product"}],"replies":[{"embeddable":true,"href":"http:\/\/www.polideas.it\/de\/wp-json\/wp\/v2\/comments?post=10641"}],"wp:featuredmedia":[{"embeddable":true,"href":"http:\/\/www.polideas.it\/de\/wp-json\/wp\/v2\/media\/11695"}],"wp:attachment":[{"href":"http:\/\/www.polideas.it\/de\/wp-json\/wp\/v2\/media?parent=10641"}],"wp:term":[{"taxonomy":"product_brand","embeddable":true,"href":"http:\/\/www.polideas.it\/de\/wp-json\/wp\/v2\/product_brand?post=10641"},{"taxonomy":"product_cat","embeddable":true,"href":"http:\/\/www.polideas.it\/de\/wp-json\/wp\/v2\/product_cat?post=10641"},{"taxonomy":"product_tag","embeddable":true,"href":"http:\/\/www.polideas.it\/de\/wp-json\/wp\/v2\/product_tag?post=10641"}],"curies":[{"name":"wp","href":"https:\/\/api.w.org\/{rel}","templated":true}]}}