{"id":10645,"date":"2022-02-28T21:59:59","date_gmt":"2022-02-28T20:59:59","guid":{"rendered":"https:\/\/www.polideas.it\/?post_type=product&#038;p=10645"},"modified":"2025-01-30T10:51:28","modified_gmt":"2025-01-30T09:51:28","slug":"geoknauf-mobiles-design-transparent-mit-satinierter-kappe","status":"publish","type":"product","link":"http:\/\/www.polideas.it\/de\/en-2\/wohnzimmer-knopfe-griffe\/geoknauf-mobiles-design-transparent-mit-satinierter-kappe\/","title":{"rendered":"Geo Knopf - Mobile Design Knopf - Transparent mit satinierter Kappe"},"content":{"rendered":"<p>Seine runde Form erinnert an den Globus, von dem er seinen Namen hat: Er ist der <strong>Geo-Knopf von Polideas<\/strong>.<\/p>\n<p>Der Geo-Knauf ist ideal f\u00fcr alle, die essentielle Formen mit Charakter lieben. Er eignet sich perfekt, um Schlafzimmer- oder Wohnbereichsm\u00f6bel zu personalisieren und ihnen sofort einen schicken und raffinierten Stil zu verleihen.<\/p>\n<p>Verf\u00fcgbar in <strong>transparente Ausf\u00fchrung mit Aluminium-Effekt-Kappe und transparente Ausf\u00fchrung mit satinierter Kappe<\/strong>Mit einem Durchmesser von 65 mm ist er perfekt f\u00fcr die individuelle Gestaltung und Renovierung von Schubladen und M\u00f6beln, aber auch f\u00fcr die Dekoration von W\u00e4nden.<\/p>\n<p>Die <strong>Geo-Knopf<\/strong> ist das Ergebnis kontinuierlicher Forschung in Kombination mit der f\u00fcr Made in Italy typischen Sorgfalt. Es wird aus hochwertigen Materialien hergestellt, um jederzeit maximale Sicherheit zu gew\u00e4hrleisten.<\/p>","protected":false},"excerpt":{"rendered":"<p>Con la sua forma rotonda ricorda il globo terrestre da cui prende il nome: \u00e8 il pomello Geo di Polideas. Ideale per chi ama le forme essenziali, ma di carattere, il pomello Geo \u00e8 perfetto per personalizzare i mobili della camera da letto o della zona living regalando subito uno stile chic e ricercato. Disponibile [&#8230;]\n","protected":false},"featured_media":11725,"comment_status":"closed","ping_status":"closed","template":"","meta":{"_acf_changed":false},"product_brand":[],"product_cat":[47],"product_tag":[3148,3101,3321,3102,3103,3222,3322,3131,3104,3105,3323,3107,3108,3109,3111,3112,3113,3114,3121,3115,3116,3117,3118],"class_list":{"0":"post-10645","1":"product","2":"type-product","3":"status-publish","4":"has-post-thumbnail","6":"product_cat-maniglie-pomelli-camera-soggiorno","7":"product_tag-pomelli-trasparenti-per-mobili","8":"product_tag-pomello","9":"product_tag-pomello-anta","10":"product_tag-pomello-anta-mobile-soggiorno","11":"product_tag-pomello-anta-soggiorno","12":"product_tag-pomello-arredo","13":"product_tag-pomello-camera","14":"product_tag-pomello-cassetto","15":"product_tag-pomello-cassetto-soggiorno","16":"product_tag-pomello-design","17":"product_tag-pomello-effetto-alluminio","18":"product_tag-pomello-mobile","19":"product_tag-pomello-mobile-soggiorno","20":"product_tag-pomello-per-mobile-soggiorno","21":"product_tag-pomello-soggiorno","22":"product_tag-pomolo","23":"product_tag-pomolo-al-miglior-prezzo","24":"product_tag-pomolo-anta-mobile","25":"product_tag-pomolo-armadio","26":"product_tag-pomolo-cassettiera","27":"product_tag-pomolo-cassetto","28":"product_tag-pomolo-mobile","29":"product_tag-pomolo-mobile-arredamento","31":"first","32":"instock","33":"taxable","34":"shipping-taxable","35":"purchasable","36":"product-type-simple"},"acf":[],"_links":{"self":[{"href":"http:\/\/www.polideas.it\/de\/wp-json\/wp\/v2\/product\/10645","targetHints":{"allow":["GET"]}}],"collection":[{"href":"http:\/\/www.polideas.it\/de\/wp-json\/wp\/v2\/product"}],"about":[{"href":"http:\/\/www.polideas.it\/de\/wp-json\/wp\/v2\/types\/product"}],"replies":[{"embeddable":true,"href":"http:\/\/www.polideas.it\/de\/wp-json\/wp\/v2\/comments?post=10645"}],"wp:featuredmedia":[{"embeddable":true,"href":"http:\/\/www.polideas.it\/de\/wp-json\/wp\/v2\/media\/11725"}],"wp:attachment":[{"href":"http:\/\/www.polideas.it\/de\/wp-json\/wp\/v2\/media?parent=10645"}],"wp:term":[{"taxonomy":"product_brand","embeddable":true,"href":"http:\/\/www.polideas.it\/de\/wp-json\/wp\/v2\/product_brand?post=10645"},{"taxonomy":"product_cat","embeddable":true,"href":"http:\/\/www.polideas.it\/de\/wp-json\/wp\/v2\/product_cat?post=10645"},{"taxonomy":"product_tag","embeddable":true,"href":"http:\/\/www.polideas.it\/de\/wp-json\/wp\/v2\/product_tag?post=10645"}],"curies":[{"name":"wp","href":"https:\/\/api.w.org\/{rel}","templated":true}]}}