{"id":10648,"date":"2022-02-28T22:00:21","date_gmt":"2022-02-28T21:00:21","guid":{"rendered":"https:\/\/www.polideas.it\/?post_type=product&#038;p=10648"},"modified":"2025-02-04T11:30:56","modified_gmt":"2025-02-04T10:30:56","slug":"badmobelknopf","status":"publish","type":"product","link":"http:\/\/www.polideas.it\/de\/en-2\/badknopfe-griffe\/badmobelknopf\/","title":{"rendered":"Badezimmer Knopf - Badezimmerm\u00f6bel Knopf"},"content":{"rendered":"<p>Rund, einfach, unverzichtbar: das ist das <strong>Polideas Badezimmerknopf<\/strong>.<\/p>\n<p>So wie ein Knopf zu einem Kleid geh\u00f6rt, ist dieser Knopf ideal, um Badezimmerm\u00f6bel mit Stil und Schlichtheit zu versch\u00f6nern und zu vervollst\u00e4ndigen.<\/p>\n<p>Erh\u00e4ltlich im <strong>Hochglanzverchromt<\/strong>Er hat einen Durchmesser von 35 mm und ist nicht nur sehr n\u00fctzlich f\u00fcr die Renovierung von Badm\u00f6beln, sowohl modernen als auch traditionelleren, sondern eignet sich auch perfekt f\u00fcr die Befestigung an W\u00e4nden, um Handt\u00fccher, Accessoires und Badem\u00e4ntel aufzuh\u00e4ngen.<\/p>\n<p>Die <strong>Knopf Taste<\/strong> ist das Ergebnis kontinuierlicher Forschung in Kombination mit der f\u00fcr Made in Italy typischen Sorgfalt. Es wird aus Materialien h\u00f6chster Qualit\u00e4t hergestellt, um jederzeit maximale Sicherheit zu gew\u00e4hrleisten, auch mit nassen H\u00e4nden, ohne Lichth\u00f6fe zu hinterlassen.<\/p>","protected":false},"excerpt":{"rendered":"<p>&nbsp;<\/p>\n<p><strong>\u00a0<\/strong><\/p>","protected":false},"featured_media":11991,"comment_status":"closed","ping_status":"closed","template":"","meta":{"_acf_changed":false},"product_brand":[],"product_cat":[62,377],"product_tag":[3129,3130,3131,3132,3105,3330,3107,3331,3133,3112,3113,3114,3115,3116,3332,3333,3334,3117,3118,3328],"class_list":{"0":"post-10648","1":"product","2":"type-product","3":"status-publish","4":"has-post-thumbnail","6":"product_cat-maniglie-pomelli-bagno","7":"product_cat-maniglie-pomelli-metallo","8":"product_tag-pomello-anta-bagno","9":"product_tag-pomello-bagno","10":"product_tag-pomello-cassetto","11":"product_tag-pomello-cassetto-bagno","12":"product_tag-pomello-design","13":"product_tag-pomello-metallo-cassetto","14":"product_tag-pomello-mobile","15":"product_tag-pomello-mobile-bagno","16":"product_tag-pomello-per-mobile-bagno","17":"product_tag-pomolo","18":"product_tag-pomolo-al-miglior-prezzo","19":"product_tag-pomolo-anta-mobile","20":"product_tag-pomolo-cassettiera","21":"product_tag-pomolo-cassetto","22":"product_tag-pomolo-cassetto-bagno","23":"product_tag-pomolo-metallo","24":"product_tag-pomolo-metallo-bagno","25":"product_tag-pomolo-mobile","26":"product_tag-pomolo-mobile-arredamento","27":"product_tag-pomolo-mobile-bagno","29":"first","30":"instock","31":"taxable","32":"shipping-taxable","33":"purchasable","34":"product-type-simple"},"acf":[],"_links":{"self":[{"href":"http:\/\/www.polideas.it\/de\/wp-json\/wp\/v2\/product\/10648","targetHints":{"allow":["GET"]}}],"collection":[{"href":"http:\/\/www.polideas.it\/de\/wp-json\/wp\/v2\/product"}],"about":[{"href":"http:\/\/www.polideas.it\/de\/wp-json\/wp\/v2\/types\/product"}],"replies":[{"embeddable":true,"href":"http:\/\/www.polideas.it\/de\/wp-json\/wp\/v2\/comments?post=10648"}],"wp:featuredmedia":[{"embeddable":true,"href":"http:\/\/www.polideas.it\/de\/wp-json\/wp\/v2\/media\/11991"}],"wp:attachment":[{"href":"http:\/\/www.polideas.it\/de\/wp-json\/wp\/v2\/media?parent=10648"}],"wp:term":[{"taxonomy":"product_brand","embeddable":true,"href":"http:\/\/www.polideas.it\/de\/wp-json\/wp\/v2\/product_brand?post=10648"},{"taxonomy":"product_cat","embeddable":true,"href":"http:\/\/www.polideas.it\/de\/wp-json\/wp\/v2\/product_cat?post=10648"},{"taxonomy":"product_tag","embeddable":true,"href":"http:\/\/www.polideas.it\/de\/wp-json\/wp\/v2\/product_tag?post=10648"}],"curies":[{"name":"wp","href":"https:\/\/api.w.org\/{rel}","templated":true}]}}