{"id":10649,"date":"2022-02-28T22:00:21","date_gmt":"2022-02-28T21:00:21","guid":{"rendered":"https:\/\/www.polideas.it\/?post_type=product&#038;p=10649"},"modified":"2025-02-04T11:32:20","modified_gmt":"2025-02-04T10:32:20","slug":"pin-badezimmerknopf","status":"publish","type":"product","link":"http:\/\/www.polideas.it\/de\/en-2\/badknopfe-griffe\/pin-badezimmerknopf\/","title":{"rendered":"Spillo Badezimmerknopf - Badezimmerm\u00f6belknopf"},"content":{"rendered":"<p>Winzig und unverzichtbar: das ist der <strong>Polideas Pin Badezimmerknopf<\/strong>.<\/p>\n<p>Die <strong>Pin-Knopf<\/strong> ist ideal f\u00fcr alle, die ihre Badezimmerm\u00f6bel mit Stil und Schlichtheit individuell gestalten m\u00f6chten und dabei den Platz optimal nutzen wollen, ohne ihn zu \u00fcberladen.<\/p>\n<p>Erh\u00e4ltlich im <strong>Hochglanzverchromt<\/strong>Er hat einen Durchmesser von nur 14 mm und ist aufgrund seiner Eigenschaften perfekt geeignet, um die modernsten Badezimmerm\u00f6bel im Handumdrehen zu renovieren.<\/p>\n<p>Die <strong>Pin-Knopf<\/strong> ist das Ergebnis kontinuierlicher Forschung in Kombination mit der f\u00fcr Made in Italy typischen Sorgfalt. Es wird aus Materialien h\u00f6chster Qualit\u00e4t hergestellt, um jederzeit maximale Sicherheit zu gew\u00e4hrleisten, auch mit nassen H\u00e4nden, ohne Lichth\u00f6fe zu hinterlassen.<\/p>","protected":false},"excerpt":{"rendered":"<p>Minuscolo ed essenziale: ecco il pomello bagno Spillo di Polideas. Il pomello Spillo \u00e8 l\u2019ideale per chi vuole personalizzare i mobili del bagno con stile e semplicit\u00e0, sfruttando al meglio gli spazi con il minimo ingombro. Disponibile nella finitura cromato lucido, ha un diametro di soli 14 mm e, per le sue caratteristiche, si presta [&#8230;]\n","protected":false},"featured_media":7426,"comment_status":"closed","ping_status":"closed","template":"","meta":{"_acf_changed":false},"product_brand":[],"product_cat":[62,377],"product_tag":[3129,3130,3131,3132,3105,3335,3107,3331,3336,3337,3133,3112,3113,3114,3338,3115,3116,3117,3118,3328],"class_list":{"0":"post-10649","1":"product","2":"type-product","3":"status-publish","4":"has-post-thumbnail","6":"product_cat-maniglie-pomelli-bagno","7":"product_cat-maniglie-pomelli-metallo","8":"product_tag-pomello-anta-bagno","9":"product_tag-pomello-bagno","10":"product_tag-pomello-cassetto","11":"product_tag-pomello-cassetto-bagno","12":"product_tag-pomello-design","13":"product_tag-pomello-metallo","14":"product_tag-pomello-mobile","15":"product_tag-pomello-mobile-bagno","16":"product_tag-pomello-mobile-bagno-metallo","17":"product_tag-pomello-mobile-metallo","18":"product_tag-pomello-per-mobile-bagno","19":"product_tag-pomolo","20":"product_tag-pomolo-al-miglior-prezzo","21":"product_tag-pomolo-anta-mobile","22":"product_tag-pomolo-bagno-mobile","23":"product_tag-pomolo-cassettiera","24":"product_tag-pomolo-cassetto","25":"product_tag-pomolo-mobile","26":"product_tag-pomolo-mobile-arredamento","27":"product_tag-pomolo-mobile-bagno","29":"first","30":"instock","31":"taxable","32":"shipping-taxable","33":"purchasable","34":"product-type-simple"},"acf":[],"_links":{"self":[{"href":"http:\/\/www.polideas.it\/de\/wp-json\/wp\/v2\/product\/10649","targetHints":{"allow":["GET"]}}],"collection":[{"href":"http:\/\/www.polideas.it\/de\/wp-json\/wp\/v2\/product"}],"about":[{"href":"http:\/\/www.polideas.it\/de\/wp-json\/wp\/v2\/types\/product"}],"replies":[{"embeddable":true,"href":"http:\/\/www.polideas.it\/de\/wp-json\/wp\/v2\/comments?post=10649"}],"wp:featuredmedia":[{"embeddable":true,"href":"http:\/\/www.polideas.it\/de\/wp-json\/wp\/v2\/media\/7426"}],"wp:attachment":[{"href":"http:\/\/www.polideas.it\/de\/wp-json\/wp\/v2\/media?parent=10649"}],"wp:term":[{"taxonomy":"product_brand","embeddable":true,"href":"http:\/\/www.polideas.it\/de\/wp-json\/wp\/v2\/product_brand?post=10649"},{"taxonomy":"product_cat","embeddable":true,"href":"http:\/\/www.polideas.it\/de\/wp-json\/wp\/v2\/product_cat?post=10649"},{"taxonomy":"product_tag","embeddable":true,"href":"http:\/\/www.polideas.it\/de\/wp-json\/wp\/v2\/product_tag?post=10649"}],"curies":[{"name":"wp","href":"https:\/\/api.w.org\/{rel}","templated":true}]}}