{"id":10650,"date":"2022-02-28T22:00:21","date_gmt":"2022-02-28T21:00:21","guid":{"rendered":"https:\/\/www.polideas.it\/?post_type=product&#038;p=10650"},"modified":"2025-02-21T09:52:43","modified_gmt":"2025-02-21T08:52:43","slug":"tabya-knauf-mobel-design-verchromt","status":"publish","type":"product","link":"http:\/\/www.polideas.it\/de\/en-2\/griffe-metallknopfe\/tabya-knauf-mobel-design-verchromt\/","title":{"rendered":"Tabya Knopf - M\u00f6bel Design Knopf - Poliertes Chrom"},"content":{"rendered":"<p>Wie ein kostbarer, mit Mikroperlen und Diamanten besetzter Ring ist der <strong>Tabya Knopf von Polideas<\/strong>die perfekte Erg\u00e4nzung f\u00fcr alle, die auf der Suche nach einem raffinierten, luxuri\u00f6sen und raffinierten Detail sind.<\/p>\n<p>F\u00fcr alle, die ihr Wohn- oder Schlafzimmerm\u00f6bel einzigartig und besonders gestalten und ihm einen ausgesprochen luxuri\u00f6sen Look verleihen m\u00f6chten, <strong>Tabya <\/strong>ist der ideale Knopf, um klassischen M\u00f6beln Licht und Raffinesse zu verleihen.<\/p>\n<p>Erh\u00e4ltlich in der begehrten <strong>Effekt Chrom poliert<\/strong>Er passt perfekt zu dunklen Holzm\u00f6beln, aber auch zu modernen, lackierten M\u00f6beln, denen man einen edlen Touch verleihen m\u00f6chte.<\/p>\n<p>Mit einem Durchmesser von 33,23 mm und einer Tiefe von 29,03 mm l\u00e4sst er sich im Handumdrehen montieren und verwandelt jeden Raum entscheidend.<\/p>","protected":false},"excerpt":{"rendered":"<p>Sembra un anello prezioso tempestato di micro perle e diamanti il Pomolo Tabya di Polideas, complemento perfetto di chi cerca il dettaglio ricercato, lussuoso e raffinato. Dedicato a chi desidera rendere unici e speciali i mobili del salotto o della camera da letto, conferendogli un aspetto decisamente luxury, Tabya \u00e8 il pomolo ideale per dare [&#8230;]","protected":false},"featured_media":13934,"comment_status":"closed","ping_status":"closed","template":"","meta":{"_acf_changed":false},"product_brand":[],"product_cat":[377],"product_tag":[3339,3222,3340,3341,3342,3343,3344,3345,3112,3113,3225,3114,3121,3115,3116,3346,3228,3117,3118,3347],"class_list":{"0":"post-10650","1":"product","2":"type-product","3":"status-publish","4":"has-post-thumbnail","6":"product_cat-maniglie-pomelli-metallo","7":"product_tag-pomello-33mm","8":"product_tag-pomello-arredo","9":"product_tag-pomello-cromato-lucido","10":"product_tag-pomello-diamanti","11":"product_tag-pomello-diamanti-mobile","12":"product_tag-pomello-dorato","13":"product_tag-pomello-dorato-diamanti","14":"product_tag-pomello-profondita-29-mm","15":"product_tag-pomolo","16":"product_tag-pomolo-al-miglior-prezzo","17":"product_tag-pomolo-anta","18":"product_tag-pomolo-anta-mobile","19":"product_tag-pomolo-armadio","20":"product_tag-pomolo-cassettiera","21":"product_tag-pomolo-cassetto","22":"product_tag-pomolo-design","23":"product_tag-pomolo-estetico","24":"product_tag-pomolo-mobile","25":"product_tag-pomolo-mobile-arredamento","26":"product_tag-pomolo-perle-diamanti","28":"first","29":"instock","30":"taxable","31":"shipping-taxable","32":"purchasable","33":"product-type-simple"},"acf":[],"_links":{"self":[{"href":"http:\/\/www.polideas.it\/de\/wp-json\/wp\/v2\/product\/10650","targetHints":{"allow":["GET"]}}],"collection":[{"href":"http:\/\/www.polideas.it\/de\/wp-json\/wp\/v2\/product"}],"about":[{"href":"http:\/\/www.polideas.it\/de\/wp-json\/wp\/v2\/types\/product"}],"replies":[{"embeddable":true,"href":"http:\/\/www.polideas.it\/de\/wp-json\/wp\/v2\/comments?post=10650"}],"wp:featuredmedia":[{"embeddable":true,"href":"http:\/\/www.polideas.it\/de\/wp-json\/wp\/v2\/media\/13934"}],"wp:attachment":[{"href":"http:\/\/www.polideas.it\/de\/wp-json\/wp\/v2\/media?parent=10650"}],"wp:term":[{"taxonomy":"product_brand","embeddable":true,"href":"http:\/\/www.polideas.it\/de\/wp-json\/wp\/v2\/product_brand?post=10650"},{"taxonomy":"product_cat","embeddable":true,"href":"http:\/\/www.polideas.it\/de\/wp-json\/wp\/v2\/product_cat?post=10650"},{"taxonomy":"product_tag","embeddable":true,"href":"http:\/\/www.polideas.it\/de\/wp-json\/wp\/v2\/product_tag?post=10650"}],"curies":[{"name":"wp","href":"https:\/\/api.w.org\/{rel}","templated":true}]}}