{"id":10657,"date":"2022-02-28T22:00:22","date_gmt":"2022-02-28T21:00:22","guid":{"rendered":"https:\/\/www.polideas.it\/?post_type=product&#038;p=10657"},"modified":"2024-12-19T23:08:12","modified_gmt":"2024-12-19T22:08:12","slug":"basisfus-fur-schrank-2","status":"publish","type":"product","link":"http:\/\/www.polideas.it\/de\/en-2\/fuse-und-bewegliche-fuse\/basisfus-fur-schrank-2\/","title":{"rendered":"Basic Foot - Fu\u00df f\u00fcr M\u00f6bel - H120"},"content":{"rendered":"","protected":false},"excerpt":{"rendered":"<p>Um M\u00f6bel und Schr\u00e4nke individuell zu gestalten, ist es ideal, wenn Sie sich f\u00fcr einige <strong>solide und robuste F\u00fc\u00dfe<\/strong>die aber perfekt in den Stil des eigenen Hauses passen.<\/p>\n<p>In der Tat sind die F\u00fc\u00dfe dieses einzigartige und erkennbare Detail, das es erm\u00f6glicht, R\u00e4ume einheitlich zu gestalten, ohne dabei auf Eleganz zu verzichten.<\/p>\n<p><strong>Basic Dr\u00fcckerfu\u00df von Polideas<\/strong> ist die ideale Erg\u00e4nzung zu den modernsten M\u00f6beln, hergestellt aus innovativen Materialien und mit gl\u00e4nzenden, lackierten Oberfl\u00e4chen in kr\u00e4ftigen Farben.<\/p>\n<p>Erh\u00e4ltlich in bedrucktem Schwarz, <strong>Basic hat drei verschiedene H\u00f6hen - 100 mm, 120 mm und 150 mm.<\/strong> die es Ihnen erm\u00f6glichen, die beste L\u00f6sung f\u00fcr jeden Bedarf zu w\u00e4hlen.<\/p>","protected":false},"featured_media":2936,"comment_status":"closed","ping_status":"closed","template":"","meta":{"_acf_changed":false},"product_brand":[],"product_cat":[58],"product_tag":[3358,3359,3360,3361,3362,3363,3364],"class_list":{"0":"post-10657","1":"product","2":"type-product","3":"status-publish","4":"has-post-thumbnail","6":"product_cat-piedini-e-piedi-mobili","7":"product_tag-piede-per-mobile","8":"product_tag-piedini-per-mobili","9":"product_tag-piedino-design-mobile","10":"product_tag-piedino-mobile","11":"product_tag-piedino-mobile-cucina","12":"product_tag-piedino-mobile-salotto","13":"product_tag-piedino-mobile-soggiorno","15":"first","16":"instock","17":"taxable","18":"shipping-taxable","19":"purchasable","20":"product-type-simple"},"acf":[],"_links":{"self":[{"href":"http:\/\/www.polideas.it\/de\/wp-json\/wp\/v2\/product\/10657","targetHints":{"allow":["GET"]}}],"collection":[{"href":"http:\/\/www.polideas.it\/de\/wp-json\/wp\/v2\/product"}],"about":[{"href":"http:\/\/www.polideas.it\/de\/wp-json\/wp\/v2\/types\/product"}],"replies":[{"embeddable":true,"href":"http:\/\/www.polideas.it\/de\/wp-json\/wp\/v2\/comments?post=10657"}],"wp:featuredmedia":[{"embeddable":true,"href":"http:\/\/www.polideas.it\/de\/wp-json\/wp\/v2\/media\/2936"}],"wp:attachment":[{"href":"http:\/\/www.polideas.it\/de\/wp-json\/wp\/v2\/media?parent=10657"}],"wp:term":[{"taxonomy":"product_brand","embeddable":true,"href":"http:\/\/www.polideas.it\/de\/wp-json\/wp\/v2\/product_brand?post=10657"},{"taxonomy":"product_cat","embeddable":true,"href":"http:\/\/www.polideas.it\/de\/wp-json\/wp\/v2\/product_cat?post=10657"},{"taxonomy":"product_tag","embeddable":true,"href":"http:\/\/www.polideas.it\/de\/wp-json\/wp\/v2\/product_tag?post=10657"}],"curies":[{"name":"wp","href":"https:\/\/api.w.org\/{rel}","templated":true}]}}