{"id":10665,"date":"2022-02-28T22:00:23","date_gmt":"2022-02-28T21:00:23","guid":{"rendered":"https:\/\/www.polideas.it\/?post_type=product&#038;p=10665"},"modified":"2025-02-04T10:59:44","modified_gmt":"2025-02-04T09:59:44","slug":"life-d-kuchenschrankgriff","status":"publish","type":"product","link":"http:\/\/www.polideas.it\/de\/en-2\/kuchenknopfe-griffe\/life-d-kuchenschrankgriff\/","title":{"rendered":"K\u00fcchengriff Life D - K\u00fcchenschrankgriff"},"content":{"rendered":"<p>Minimalistisch, quadratisch, essentiell: <strong>der Life D K\u00fcchengriff von Polideas<\/strong> ist die ideale L\u00f6sung, um Ihre K\u00fcchenm\u00f6bel einfach und elegant zu vervollst\u00e4ndigen und mit wenigen Handgriffen zu renovieren.<\/p>\n<p>Robust, sicher und mit einem ergonomischen Griff, der <strong>Leben handhaben D<\/strong> ist ein immergr\u00fcner Griff, der sowohl in klassische als auch in moderne K\u00fcchen passt und deren Linien und Farben aufwertet.<\/p>\n<p><strong>Erh\u00e4ltlich mit dem eleganten Schirm in Nickeloptik, <\/strong>passt perfekt zu schlichten, modernen M\u00f6beln, aber auch zu anspruchsvolleren und aufwendigeren Oberfl\u00e4chen, die f\u00fcr traditionelle K\u00fcchen typisch sind.<\/p>\n<p>Ganze 212 mm breit und 20 mm hoch, <strong>der Life D Griff<\/strong> liegt sehr gut in der Hand und verleiht T\u00fcren und Schubladen sofortigen Glanz und erneuert ihr Design mit Schlichtheit.<\/p>","protected":false},"excerpt":{"rendered":"<p>Minimal, squadrata, essenziale: la maniglia cucina Life D di Polideas \u00e8 la soluzione ideale per completare in modo semplice ed elegante i mobili della cucina, rinnovandoli in pochi semplici step. Robusta, sicura e dall\u2019impugnatura ergonomica, la maniglia Life D \u00e8 una maniglia evergreen che si adatta perfettamente sia alle cucine classiche che a quelle moderne, [&#8230;]\n","protected":false},"featured_media":7422,"comment_status":"closed","ping_status":"closed","template":"","meta":{"_acf_changed":false},"product_brand":[],"product_cat":[37,377],"product_tag":[3149,3150,3151,3209,3152,3153,3154,3155,3156,3229,3365,3100,3159,3160,3189,3161],"class_list":{"0":"post-10665","1":"product","2":"type-product","3":"status-publish","4":"has-post-thumbnail","6":"product_cat-maniglie-pomelli-cucina","7":"product_cat-maniglie-pomelli-metallo","8":"product_tag-maniglia","9":"product_tag-maniglia-anta-cucina","10":"product_tag-maniglia-anta-mobile","11":"product_tag-maniglia-arredo","12":"product_tag-maniglia-cassettiera","13":"product_tag-maniglia-cassetto","14":"product_tag-maniglia-cassetto-cucina","15":"product_tag-maniglia-cucina","16":"product_tag-maniglia-design","17":"product_tag-maniglia-interasse-192mm","18":"product_tag-maniglia-metallo","19":"product_tag-maniglia-mobile","20":"product_tag-maniglia-mobile-al-miglior-prezzo","21":"product_tag-maniglia-mobile-arredamento","22":"product_tag-maniglia-mobile-cucina","23":"product_tag-maniglia-per-mobile-cucina","25":"first","26":"instock","27":"taxable","28":"shipping-taxable","29":"purchasable","30":"product-type-simple"},"acf":[],"_links":{"self":[{"href":"http:\/\/www.polideas.it\/de\/wp-json\/wp\/v2\/product\/10665","targetHints":{"allow":["GET"]}}],"collection":[{"href":"http:\/\/www.polideas.it\/de\/wp-json\/wp\/v2\/product"}],"about":[{"href":"http:\/\/www.polideas.it\/de\/wp-json\/wp\/v2\/types\/product"}],"replies":[{"embeddable":true,"href":"http:\/\/www.polideas.it\/de\/wp-json\/wp\/v2\/comments?post=10665"}],"wp:featuredmedia":[{"embeddable":true,"href":"http:\/\/www.polideas.it\/de\/wp-json\/wp\/v2\/media\/7422"}],"wp:attachment":[{"href":"http:\/\/www.polideas.it\/de\/wp-json\/wp\/v2\/media?parent=10665"}],"wp:term":[{"taxonomy":"product_brand","embeddable":true,"href":"http:\/\/www.polideas.it\/de\/wp-json\/wp\/v2\/product_brand?post=10665"},{"taxonomy":"product_cat","embeddable":true,"href":"http:\/\/www.polideas.it\/de\/wp-json\/wp\/v2\/product_cat?post=10665"},{"taxonomy":"product_tag","embeddable":true,"href":"http:\/\/www.polideas.it\/de\/wp-json\/wp\/v2\/product_tag?post=10665"}],"curies":[{"name":"wp","href":"https:\/\/api.w.org\/{rel}","templated":true}]}}