{"id":10668,"date":"2022-02-28T22:00:24","date_gmt":"2022-02-28T21:00:24","guid":{"rendered":"https:\/\/www.polideas.it\/?post_type=product&#038;p=10668"},"modified":"2026-02-12T00:37:08","modified_gmt":"2026-02-11T23:37:08","slug":"life-big-d-kuchenschrankgriff","status":"publish","type":"product","link":"http:\/\/www.polideas.it\/de\/en-2\/kuchenknopfe-griffe\/life-big-d-kuchenschrankgriff\/","title":{"rendered":"K\u00fcchengriff Life Big D - K\u00fcchenschrankgriff"},"content":{"rendered":"<p>Solide, robust und unverzichtbar: <strong>der Life Big D K\u00fcchengriff von Polideas<\/strong> ist die ideale L\u00f6sung, um Ihre K\u00fcchenm\u00f6bel einfach und elegant zu vervollst\u00e4ndigen und mit wenigen Handgriffen zu renovieren.<\/p>\n<p>Der komfortable und sichere Griff zeichnet sich durch die <strong>Griff Leben Big D<\/strong> ist ein immergr\u00fcner Griff, der sowohl in klassische als auch in moderne K\u00fcchen passt und deren Linien und Farben aufwertet.<\/p>\n<p><strong>Erh\u00e4ltlich mit dem eleganten Schirm in Nickeloptik, <\/strong>passt perfekt zu schlichten, modernen M\u00f6beln, aber auch zu anspruchsvolleren und aufwendigeren Oberfl\u00e4chen, die f\u00fcr traditionelle K\u00fcchen typisch sind.<\/p>\n<p>212 mm breit und 25 mm hoch, <strong>der Life Big D Griff<\/strong> erm\u00f6glicht es, das Design von K\u00fcchenm\u00f6beln mit geringem Aufwand zu erneuern und garantiert ein optimales Ergebnis sowohl in \u00e4sthetischer als auch in praktischer Hinsicht.<\/p>","protected":false},"excerpt":{"rendered":"<p>Solida, robusta ed essenziale: la maniglia cucina Life Big D di Polideas \u00e8 la soluzione ideale per completare in modo semplice ed elegante i mobili della cucina, rinnovandoli in pochi semplici step. Caratterizzata da una presa comoda e sicura, la maniglia Life Big D \u00e8 una maniglia evergreen che si adatta perfettamente sia alle cucine [&#8230;]\n","protected":false},"featured_media":7416,"comment_status":"closed","ping_status":"closed","template":"","meta":{"_acf_changed":false},"product_brand":[],"product_cat":[37,377],"product_tag":[3149,3200,3150,3151,3209,3152,3153,3154,3155,3156,3229,3365,3100,3159,3160,3189,3161],"class_list":{"0":"post-10668","1":"product","2":"type-product","3":"status-publish","4":"has-post-thumbnail","6":"product_cat-maniglie-pomelli-cucina","7":"product_cat-maniglie-pomelli-metallo","8":"product_tag-maniglia","9":"product_tag-maniglia-anta","10":"product_tag-maniglia-anta-cucina","11":"product_tag-maniglia-anta-mobile","12":"product_tag-maniglia-arredo","13":"product_tag-maniglia-cassettiera","14":"product_tag-maniglia-cassetto","15":"product_tag-maniglia-cassetto-cucina","16":"product_tag-maniglia-cucina","17":"product_tag-maniglia-design","18":"product_tag-maniglia-interasse-192mm","19":"product_tag-maniglia-metallo","20":"product_tag-maniglia-mobile","21":"product_tag-maniglia-mobile-al-miglior-prezzo","22":"product_tag-maniglia-mobile-arredamento","23":"product_tag-maniglia-mobile-cucina","24":"product_tag-maniglia-per-mobile-cucina","26":"first","27":"instock","28":"taxable","29":"shipping-taxable","30":"purchasable","31":"product-type-simple"},"acf":[],"_links":{"self":[{"href":"http:\/\/www.polideas.it\/de\/wp-json\/wp\/v2\/product\/10668","targetHints":{"allow":["GET"]}}],"collection":[{"href":"http:\/\/www.polideas.it\/de\/wp-json\/wp\/v2\/product"}],"about":[{"href":"http:\/\/www.polideas.it\/de\/wp-json\/wp\/v2\/types\/product"}],"replies":[{"embeddable":true,"href":"http:\/\/www.polideas.it\/de\/wp-json\/wp\/v2\/comments?post=10668"}],"wp:featuredmedia":[{"embeddable":true,"href":"http:\/\/www.polideas.it\/de\/wp-json\/wp\/v2\/media\/7416"}],"wp:attachment":[{"href":"http:\/\/www.polideas.it\/de\/wp-json\/wp\/v2\/media?parent=10668"}],"wp:term":[{"taxonomy":"product_brand","embeddable":true,"href":"http:\/\/www.polideas.it\/de\/wp-json\/wp\/v2\/product_brand?post=10668"},{"taxonomy":"product_cat","embeddable":true,"href":"http:\/\/www.polideas.it\/de\/wp-json\/wp\/v2\/product_cat?post=10668"},{"taxonomy":"product_tag","embeddable":true,"href":"http:\/\/www.polideas.it\/de\/wp-json\/wp\/v2\/product_tag?post=10668"}],"curies":[{"name":"wp","href":"https:\/\/api.w.org\/{rel}","templated":true}]}}