{"id":10673,"date":"2022-02-28T22:00:45","date_gmt":"2022-02-28T21:00:45","guid":{"rendered":"https:\/\/www.polideas.it\/?post_type=product&#038;p=10673"},"modified":"2025-10-20T10:22:11","modified_gmt":"2025-10-20T08:22:11","slug":"geschwungener-mittlerer-kuchenschrankgriff","status":"publish","type":"product","link":"http:\/\/www.polideas.it\/de\/en-2\/kuchenknopfe-griffe\/geschwungener-mittlerer-kuchenschrankgriff\/","title":{"rendered":"K\u00fcchenstiel Curvy Medium - K\u00fcchenm\u00f6belstiel"},"content":{"rendered":"<p>Minimalistisch und geschmeidig, <strong>der Curvy Medium K\u00fcchengriff von Polideas<\/strong> \u00fcberarbeitet das Konzept der Griffe mit einem starken Fokus auf Platzoptimierung.<\/p>\n<p>Der kleine Fu\u00dfabdruck gew\u00e4hrleistet, dass die <strong>Griff Curvy Medium <\/strong>ist ideal f\u00fcr diejenigen, die eine nicht allzu ger\u00e4umige K\u00fcche haben und den Platz optimal nutzen m\u00f6chten, ohne dass Kn\u00f6pfe und Griffe bei der Bewegung st\u00f6ren.<\/p>\n<p><strong>Erh\u00e4ltlich in poliertem Chrom, <\/strong>eignet sich hervorragend f\u00fcr mittelgro\u00dfe Schubladen und T\u00fcren.<\/p>\n<p>180 mm breit und 17 mm hoch, <strong>der Curvy Medium Griff <\/strong>ist einfach zu montieren und bietet trotz seiner geringen Gr\u00f6\u00dfe einen soliden und sicheren Halt.<\/p>","protected":false},"excerpt":{"rendered":"<p>Minimal e sinuosa, la maniglia cucina Curvy Medium di Polideas rivisita il concetto di maniglia puntando molto all\u2019ottimizzazione degli spazi. Assicurando un ingombro contenuto, la maniglia Curvy Medium \u00e8 l\u2019ideale per chi ha una cucina non troppo spaziosa e ha necessit\u00e0 di sfruttare al meglio gli spazi evitando che pomelli e maniglie diventino un intralcio [&#8230;]\n","protected":false},"featured_media":12001,"comment_status":"closed","ping_status":"closed","template":"","meta":{"_acf_changed":false},"product_brand":[],"product_cat":[37,377],"product_tag":[3149,3150,3151,3209,3152,3153,3154,3155,3156,3371,3372,3365,3100,3159,3160,3189,3161,3169,3373,3171,3374,3163,3375,3376,3172],"class_list":{"0":"post-10673","1":"product","2":"type-product","3":"status-publish","4":"has-post-thumbnail","6":"product_cat-maniglie-pomelli-cucina","7":"product_cat-maniglie-pomelli-metallo","8":"product_tag-maniglia","9":"product_tag-maniglia-anta-cucina","10":"product_tag-maniglia-anta-mobile","11":"product_tag-maniglia-arredo","12":"product_tag-maniglia-cassettiera","13":"product_tag-maniglia-cassetto","14":"product_tag-maniglia-cassetto-cucina","15":"product_tag-maniglia-cucina","16":"product_tag-maniglia-design","17":"product_tag-maniglia-interasse-162mm","18":"product_tag-maniglia-lucida","19":"product_tag-maniglia-metallo","20":"product_tag-maniglia-mobile","21":"product_tag-maniglia-mobile-al-miglior-prezzo","22":"product_tag-maniglia-mobile-arredamento","23":"product_tag-maniglia-mobile-cucina","24":"product_tag-maniglia-per-mobile-cucina","25":"product_tag-maniglie-cucina","26":"product_tag-maniglie-cucina-acciaio-lucido","27":"product_tag-maniglie-cucina-cromate","28":"product_tag-maniglie-da-cucina","29":"product_tag-maniglie-mobili-cucina","30":"product_tag-maniglie-per-ante-cucina","31":"product_tag-maniglie-per-cucina","32":"product_tag-maniglie-per-mobili-cucina","34":"first","35":"instock","36":"taxable","37":"shipping-taxable","38":"purchasable","39":"product-type-simple"},"acf":[],"_links":{"self":[{"href":"http:\/\/www.polideas.it\/de\/wp-json\/wp\/v2\/product\/10673","targetHints":{"allow":["GET"]}}],"collection":[{"href":"http:\/\/www.polideas.it\/de\/wp-json\/wp\/v2\/product"}],"about":[{"href":"http:\/\/www.polideas.it\/de\/wp-json\/wp\/v2\/types\/product"}],"replies":[{"embeddable":true,"href":"http:\/\/www.polideas.it\/de\/wp-json\/wp\/v2\/comments?post=10673"}],"wp:featuredmedia":[{"embeddable":true,"href":"http:\/\/www.polideas.it\/de\/wp-json\/wp\/v2\/media\/12001"}],"wp:attachment":[{"href":"http:\/\/www.polideas.it\/de\/wp-json\/wp\/v2\/media?parent=10673"}],"wp:term":[{"taxonomy":"product_brand","embeddable":true,"href":"http:\/\/www.polideas.it\/de\/wp-json\/wp\/v2\/product_brand?post=10673"},{"taxonomy":"product_cat","embeddable":true,"href":"http:\/\/www.polideas.it\/de\/wp-json\/wp\/v2\/product_cat?post=10673"},{"taxonomy":"product_tag","embeddable":true,"href":"http:\/\/www.polideas.it\/de\/wp-json\/wp\/v2\/product_tag?post=10673"}],"curies":[{"name":"wp","href":"https:\/\/api.w.org\/{rel}","templated":true}]}}