{"id":10675,"date":"2022-02-28T22:00:45","date_gmt":"2022-02-28T21:00:45","guid":{"rendered":"https:\/\/www.polideas.it\/?post_type=product&#038;p=10675"},"modified":"2025-03-25T08:23:26","modified_gmt":"2025-03-25T07:23:26","slug":"minimal-c-kuchenschrankgriff","status":"publish","type":"product","link":"http:\/\/www.polideas.it\/de\/en-2\/kuchenknopfe-griffe\/minimal-c-kuchenschrankgriff\/","title":{"rendered":"K\u00fcchengriff Minimal C - K\u00fcchenm\u00f6belgriff"},"content":{"rendered":"<p>Wesentlicher Stil und geschwungene, abgerundete Linien f\u00fcr die <strong>Minimal C K\u00fcchengriff von Polideas<\/strong>.<\/p>\n<p>Einfach, aber gleichzeitig voller Pers\u00f6nlichkeit, <strong>Minimal C<\/strong> ist der perfekte Griff f\u00fcr diejenigen, die das Design einer modernen K\u00fcche erneuern m\u00f6chten, aber auch f\u00fcr diejenigen, die einer klassischen K\u00fcche einen modernen Touch verleihen m\u00f6chten.<\/p>\n<p>Erh\u00e4ltlich in der verfeinerten <strong>Effekt Chrom poliert<\/strong>Der Minimal C Griff bietet einen soliden und praktischen Halt, ist einfach zu montieren und wertet mit seinem Glanz jede T\u00fcr oder Schublade auf.<\/p>\n<p>Von <strong>kleine Abmessungen<\/strong>Mit einer Breite von 180 mm und einer H\u00f6he von 20 mm bietet er ein Maximum an Platzersparnis und ist damit perfekt f\u00fcr alle, die keine zu sperrigen Erg\u00e4nzungen m\u00f6gen.<\/p>","protected":false},"excerpt":{"rendered":"<p>Stile essenziale e linee sinuose e arrotondate per la maniglia cucina Minimal C di Polideas. Semplice ma allo stesso tempo piena di personalit\u00e0, Minimal C \u00e8 la maniglia perfetta per chi desidera rinnovare il design di una cucina moderna, ma anche per chi vuole dare un tocco di modernit\u00e0 alla cucina classica. Disponibile nel raffinato [&#8230;]\n","protected":false},"featured_media":13722,"comment_status":"closed","ping_status":"closed","template":"","meta":{"_acf_changed":false},"product_brand":[],"product_cat":[37,377],"product_tag":[3379,3149,3150,3151,3209,3152,3153,3154,3155,3380,3156,3158,3365,3381,3382,3100,3159,3160,3189,3161,3383,3384,3385,3386,3387],"class_list":{"0":"post-10675","1":"product","2":"type-product","3":"status-publish","4":"has-post-thumbnail","6":"product_cat-maniglie-pomelli-cucina","7":"product_cat-maniglie-pomelli-metallo","8":"product_tag-cucina-minimal","9":"product_tag-maniglia","10":"product_tag-maniglia-anta-cucina","11":"product_tag-maniglia-anta-mobile","12":"product_tag-maniglia-arredo","13":"product_tag-maniglia-cassettiera","14":"product_tag-maniglia-cassetto","15":"product_tag-maniglia-cassetto-cucina","16":"product_tag-maniglia-cucina","17":"product_tag-maniglia-cucina-moderna","18":"product_tag-maniglia-design","19":"product_tag-maniglia-interasse-160mm","20":"product_tag-maniglia-metallo","21":"product_tag-maniglia-minimal","22":"product_tag-maniglia-minimalista","23":"product_tag-maniglia-mobile","24":"product_tag-maniglia-mobile-al-miglior-prezzo","25":"product_tag-maniglia-mobile-arredamento","26":"product_tag-maniglia-mobile-cucina","27":"product_tag-maniglia-per-mobile-cucina","28":"product_tag-maniglie-cucina-design","29":"product_tag-maniglie-cucina-moderna","30":"product_tag-maniglie-minimal","31":"product_tag-maniglie-per-cucina-moderna","32":"product_tag-rinnovare-maniglie-cucina","34":"first","35":"instock","36":"taxable","37":"shipping-taxable","38":"purchasable","39":"product-type-simple"},"acf":[],"_links":{"self":[{"href":"http:\/\/www.polideas.it\/de\/wp-json\/wp\/v2\/product\/10675","targetHints":{"allow":["GET"]}}],"collection":[{"href":"http:\/\/www.polideas.it\/de\/wp-json\/wp\/v2\/product"}],"about":[{"href":"http:\/\/www.polideas.it\/de\/wp-json\/wp\/v2\/types\/product"}],"replies":[{"embeddable":true,"href":"http:\/\/www.polideas.it\/de\/wp-json\/wp\/v2\/comments?post=10675"}],"wp:featuredmedia":[{"embeddable":true,"href":"http:\/\/www.polideas.it\/de\/wp-json\/wp\/v2\/media\/13722"}],"wp:attachment":[{"href":"http:\/\/www.polideas.it\/de\/wp-json\/wp\/v2\/media?parent=10675"}],"wp:term":[{"taxonomy":"product_brand","embeddable":true,"href":"http:\/\/www.polideas.it\/de\/wp-json\/wp\/v2\/product_brand?post=10675"},{"taxonomy":"product_cat","embeddable":true,"href":"http:\/\/www.polideas.it\/de\/wp-json\/wp\/v2\/product_cat?post=10675"},{"taxonomy":"product_tag","embeddable":true,"href":"http:\/\/www.polideas.it\/de\/wp-json\/wp\/v2\/product_tag?post=10675"}],"curies":[{"name":"wp","href":"https:\/\/api.w.org\/{rel}","templated":true}]}}