{"id":10676,"date":"2022-02-28T22:00:45","date_gmt":"2022-02-28T21:00:45","guid":{"rendered":"https:\/\/www.polideas.it\/?post_type=product&#038;p=10676"},"modified":"2026-03-14T14:12:08","modified_gmt":"2026-03-14T13:12:08","slug":"minimal-d-kuchenschrankgriff","status":"publish","type":"product","link":"http:\/\/www.polideas.it\/de\/en-2\/kuchenknopfe-griffe\/minimal-d-kuchenschrankgriff\/","title":{"rendered":"K\u00fcchengriff Minimal D - K\u00fcchenm\u00f6belgriff"},"content":{"rendered":"<p>Wesentlich und kurvenreich, die <strong>Minimal D K\u00fcchengriff von Polideas<\/strong> zeichnet sich durch seine ausgepr\u00e4gte Pers\u00f6nlichkeit aus.<\/p>\n<p>Einfach und doch elegant, <strong>Minimal D<\/strong> ist der perfekte Griff f\u00fcr diejenigen, die das Design einer modernen K\u00fcche erneuern m\u00f6chten, aber auch f\u00fcr diejenigen, die einer klassischen K\u00fcche einen modernen Touch verleihen m\u00f6chten.<\/p>\n<p>Erh\u00e4ltlich in der verfeinerten <strong>Effekt Chrom poliert<\/strong>Der Minimal D Griff bietet einen praktischen und ergonomischen Griff, ist einfach zu montieren und wertet mit seinem Glanz jede T\u00fcr oder Schublade auf.<\/p>\n<p>Mit einer Breite von 215 mm und einer H\u00f6he von 20 mm sorgt er f\u00fcr die <strong>maximaler Respekt vor dem Raum<\/strong> Perfekt f\u00fcr alle, die keine allzu sperrigen Erg\u00e4nzungen m\u00f6gen, aber dennoch einen soliden Griff w\u00fcnschen.<\/p>","protected":false},"excerpt":{"rendered":"<p>Essenziale e sinuosa, la maniglia cucina Minimal D di Polideas si fa notare per la sua personalit\u00e0 ben definita. Semplice ma allo stesso tempo elegante, Minimal D \u00e8 la maniglia perfetta per chi desidera rinnovare il design di una cucina moderna, ma anche per chi vuole dare un tocco di modernit\u00e0 alla cucina classica. Disponibile [&#8230;]\n","protected":false},"featured_media":7393,"comment_status":"closed","ping_status":"closed","template":"","meta":{"_acf_changed":false},"product_brand":[],"product_cat":[37,377],"product_tag":[3149,3200,3150,3151,3209,3152,3153,3154,3388,3155,3156,3229,3372,3100,3159,3160,3161,3310],"class_list":{"0":"post-10676","1":"product","2":"type-product","3":"status-publish","4":"has-post-thumbnail","6":"product_cat-maniglie-pomelli-cucina","7":"product_cat-maniglie-pomelli-metallo","8":"product_tag-maniglia","9":"product_tag-maniglia-anta","10":"product_tag-maniglia-anta-cucina","11":"product_tag-maniglia-anta-mobile","12":"product_tag-maniglia-arredo","13":"product_tag-maniglia-cassettiera","14":"product_tag-maniglia-cassetto","15":"product_tag-maniglia-cassetto-cucina","16":"product_tag-maniglia-cromata-lucida","17":"product_tag-maniglia-cucina","18":"product_tag-maniglia-design","19":"product_tag-maniglia-interasse-192mm","20":"product_tag-maniglia-lucida","21":"product_tag-maniglia-mobile","22":"product_tag-maniglia-mobile-al-miglior-prezzo","23":"product_tag-maniglia-mobile-arredamento","24":"product_tag-maniglia-per-mobile-cucina","25":"product_tag-maniglia-polideas","27":"first","28":"instock","29":"taxable","30":"shipping-taxable","31":"purchasable","32":"product-type-simple"},"acf":[],"_links":{"self":[{"href":"http:\/\/www.polideas.it\/de\/wp-json\/wp\/v2\/product\/10676","targetHints":{"allow":["GET"]}}],"collection":[{"href":"http:\/\/www.polideas.it\/de\/wp-json\/wp\/v2\/product"}],"about":[{"href":"http:\/\/www.polideas.it\/de\/wp-json\/wp\/v2\/types\/product"}],"replies":[{"embeddable":true,"href":"http:\/\/www.polideas.it\/de\/wp-json\/wp\/v2\/comments?post=10676"}],"wp:featuredmedia":[{"embeddable":true,"href":"http:\/\/www.polideas.it\/de\/wp-json\/wp\/v2\/media\/7393"}],"wp:attachment":[{"href":"http:\/\/www.polideas.it\/de\/wp-json\/wp\/v2\/media?parent=10676"}],"wp:term":[{"taxonomy":"product_brand","embeddable":true,"href":"http:\/\/www.polideas.it\/de\/wp-json\/wp\/v2\/product_brand?post=10676"},{"taxonomy":"product_cat","embeddable":true,"href":"http:\/\/www.polideas.it\/de\/wp-json\/wp\/v2\/product_cat?post=10676"},{"taxonomy":"product_tag","embeddable":true,"href":"http:\/\/www.polideas.it\/de\/wp-json\/wp\/v2\/product_tag?post=10676"}],"curies":[{"name":"wp","href":"https:\/\/api.w.org\/{rel}","templated":true}]}}