{"id":10685,"date":"2022-02-28T22:00:47","date_gmt":"2022-02-28T21:00:47","guid":{"rendered":"https:\/\/www.polideas.it\/?post_type=product&#038;p=10685"},"modified":"2025-03-04T10:35:53","modified_gmt":"2025-03-04T09:35:53","slug":"zambak-griff-mobel-design-gold-effekt","status":"publish","type":"product","link":"http:\/\/www.polideas.it\/de\/en-2\/griffe-metallknopfe\/zambak-griff-mobel-design-gold-effekt\/","title":{"rendered":"Griff Zambak - Mobiler Design-Griff - Gold-Effekt"},"content":{"rendered":"<p>Elegant und geschmeidig, <strong>der Zambak-Griff von Polideas<\/strong> ist mehr als nur ein Griff: mit seinem raffinierten Designerdesign ist er die ideale L\u00f6sung, um die antiksten und wertvollsten M\u00f6bel zu versch\u00f6nern.<\/p>\n<p>Perfekt f\u00fcr alle, die Juwelen-Effekte lieben, <strong>Zambak<\/strong> erinnert mit seiner Form an einen Violinschl\u00fcssel oder ein elegantes Unendlichkeitssymbol, das in einer Linie gemei\u00dfelt und erneuert wurde.<\/p>\n<p>Erh\u00e4ltlich in der begehrten <strong>Goldnuancen und ein ausgesprochen schicker Chromeffekt<\/strong>Es ist die ideale Wahl, um die \u00fcblichen M\u00f6bel zu versch\u00f6nern und stilvoll zu erneuern und ihnen sofort einen ganz besonderen Reiz zu verleihen.<\/p>","protected":false},"excerpt":{"rendered":"<p>Elegante e sinuosa, la maniglia Zambak di Polideas \u00e8 pi\u00f9 di una semplice maniglia: con il suo design d\u2019autore ricercato e raffinato \u00e8 la soluzione ideale per impreziosire i mobili pi\u00f9 antichi e pregiati. Perfetta per chi ama i complementi ad effetto gioiello, Zambak ricorda con la sua forma una chiave di violino o un [&#8230;]","protected":false},"featured_media":12021,"comment_status":"closed","ping_status":"closed","template":"","meta":{"_acf_changed":false},"product_brand":[],"product_cat":[377],"product_tag":[3149,3200,3151,3152,3153,3395,3176,3100,3159,3160,3310],"class_list":{"0":"post-10685","1":"product","2":"type-product","3":"status-publish","4":"has-post-thumbnail","6":"product_cat-maniglie-pomelli-metallo","7":"product_tag-maniglia","8":"product_tag-maniglia-anta","9":"product_tag-maniglia-anta-mobile","10":"product_tag-maniglia-cassettiera","11":"product_tag-maniglia-cassetto","12":"product_tag-maniglia-dorata","13":"product_tag-maniglia-interasse-128mm","14":"product_tag-maniglia-mobile","15":"product_tag-maniglia-mobile-al-miglior-prezzo","16":"product_tag-maniglia-mobile-arredamento","17":"product_tag-maniglia-polideas","19":"first","20":"outofstock","21":"taxable","22":"shipping-taxable","23":"purchasable","24":"product-type-simple"},"acf":[],"_links":{"self":[{"href":"http:\/\/www.polideas.it\/de\/wp-json\/wp\/v2\/product\/10685","targetHints":{"allow":["GET"]}}],"collection":[{"href":"http:\/\/www.polideas.it\/de\/wp-json\/wp\/v2\/product"}],"about":[{"href":"http:\/\/www.polideas.it\/de\/wp-json\/wp\/v2\/types\/product"}],"replies":[{"embeddable":true,"href":"http:\/\/www.polideas.it\/de\/wp-json\/wp\/v2\/comments?post=10685"}],"wp:featuredmedia":[{"embeddable":true,"href":"http:\/\/www.polideas.it\/de\/wp-json\/wp\/v2\/media\/12021"}],"wp:attachment":[{"href":"http:\/\/www.polideas.it\/de\/wp-json\/wp\/v2\/media?parent=10685"}],"wp:term":[{"taxonomy":"product_brand","embeddable":true,"href":"http:\/\/www.polideas.it\/de\/wp-json\/wp\/v2\/product_brand?post=10685"},{"taxonomy":"product_cat","embeddable":true,"href":"http:\/\/www.polideas.it\/de\/wp-json\/wp\/v2\/product_cat?post=10685"},{"taxonomy":"product_tag","embeddable":true,"href":"http:\/\/www.polideas.it\/de\/wp-json\/wp\/v2\/product_tag?post=10685"}],"curies":[{"name":"wp","href":"https:\/\/api.w.org\/{rel}","templated":true}]}}