{"id":10687,"date":"2022-02-28T22:00:47","date_gmt":"2022-02-28T21:00:47","guid":{"rendered":"https:\/\/www.polideas.it\/?post_type=product&#038;p=10687"},"modified":"2025-02-04T11:38:48","modified_gmt":"2025-02-04T10:38:48","slug":"dicle-tasli-griff-mobel-design","status":"publish","type":"product","link":"http:\/\/www.polideas.it\/de\/en-2\/griffe-metallknopfe\/dicle-tasli-griff-mobel-design\/","title":{"rendered":"Dicle Tasli Handle - Mobiler Design-Griff"},"content":{"rendered":"<p>Der Griff sieht aus wie eine elegante und kostbare, mit Diamanten besetzte Halskette <strong>Dicle Tasli von Polideas.<\/strong><\/p>\n<p>Kein gew\u00f6hnlicher Griff, sondern eine wertvolle und raffinierte Erg\u00e4nzung f\u00fcr alle, die ihre M\u00f6bel erneuern oder ihnen einen luxuri\u00f6sen und raffinierten Look verleihen m\u00f6chten.<\/p>\n<p>Erh\u00e4ltlich in der eleganten gl\u00e4nzenden Chrom-Metall-Optik, <strong>Dicle Tasli<\/strong> ist der perfekte Griff, um dunkle M\u00f6bel zu beleuchten, aber auch um faszinierende Lichtspiele auf helleren, farbigen M\u00f6beln zu erzeugen.<\/p>\n<p>Mit einer Breite von 140 mm und einer H\u00f6he von 15,45 mm bietet es einen festen und sicheren Halt und ist gleichzeitig ein <strong>Zartes und schickes Aussehen<\/strong>.<\/p>","protected":false},"excerpt":{"rendered":"<p>Der Dicle Tasli Griff von Polideas sieht aus wie eine elegante und kostbare diamantenbesetzte Halskette. Kein gew\u00f6hnlicher Griff, sondern eine kostbare und raffinierte Erg\u00e4nzung f\u00fcr alle, die ihre Einrichtung erneuern oder ihr einen luxuri\u00f6sen und raffinierten Look verleihen m\u00f6chten. Dicle Tasli ist in der eleganten Metalloptik Chrom poliert erh\u00e4ltlich und ist der perfekte Griff f\u00fcr [...]","protected":false},"featured_media":13707,"comment_status":"closed","ping_status":"closed","template":"","meta":{"_acf_changed":false},"product_brand":[],"product_cat":[377],"product_tag":[3149,3200,3151,3209,3152,3153,3156,3391,3176,3100,3159,3160,3310],"class_list":{"0":"post-10687","1":"product","2":"type-product","3":"status-publish","4":"has-post-thumbnail","6":"product_cat-maniglie-pomelli-metallo","7":"product_tag-maniglia","8":"product_tag-maniglia-anta","9":"product_tag-maniglia-anta-mobile","10":"product_tag-maniglia-arredo","11":"product_tag-maniglia-cassettiera","12":"product_tag-maniglia-cassetto","13":"product_tag-maniglia-design","14":"product_tag-maniglia-diamanti","15":"product_tag-maniglia-interasse-128mm","16":"product_tag-maniglia-mobile","17":"product_tag-maniglia-mobile-al-miglior-prezzo","18":"product_tag-maniglia-mobile-arredamento","19":"product_tag-maniglia-polideas","21":"first","22":"instock","23":"taxable","24":"shipping-taxable","25":"purchasable","26":"product-type-simple"},"acf":[],"_links":{"self":[{"href":"http:\/\/www.polideas.it\/de\/wp-json\/wp\/v2\/product\/10687","targetHints":{"allow":["GET"]}}],"collection":[{"href":"http:\/\/www.polideas.it\/de\/wp-json\/wp\/v2\/product"}],"about":[{"href":"http:\/\/www.polideas.it\/de\/wp-json\/wp\/v2\/types\/product"}],"replies":[{"embeddable":true,"href":"http:\/\/www.polideas.it\/de\/wp-json\/wp\/v2\/comments?post=10687"}],"wp:featuredmedia":[{"embeddable":true,"href":"http:\/\/www.polideas.it\/de\/wp-json\/wp\/v2\/media\/13707"}],"wp:attachment":[{"href":"http:\/\/www.polideas.it\/de\/wp-json\/wp\/v2\/media?parent=10687"}],"wp:term":[{"taxonomy":"product_brand","embeddable":true,"href":"http:\/\/www.polideas.it\/de\/wp-json\/wp\/v2\/product_brand?post=10687"},{"taxonomy":"product_cat","embeddable":true,"href":"http:\/\/www.polideas.it\/de\/wp-json\/wp\/v2\/product_cat?post=10687"},{"taxonomy":"product_tag","embeddable":true,"href":"http:\/\/www.polideas.it\/de\/wp-json\/wp\/v2\/product_tag?post=10687"}],"curies":[{"name":"wp","href":"https:\/\/api.w.org\/{rel}","templated":true}]}}