{"id":10698,"date":"2022-02-28T22:01:09","date_gmt":"2022-02-28T21:01:09","guid":{"rendered":"https:\/\/www.polideas.it\/?post_type=product&#038;p=10698"},"modified":"2025-07-18T21:36:58","modified_gmt":"2025-07-18T19:36:58","slug":"luft-kleiner-fus-fur-mobeldesign","status":"publish","type":"product","link":"http:\/\/www.polideas.it\/de\/en-2\/fuse-und-bewegliche-fuse\/luft-kleiner-fus-fur-mobeldesign\/","title":{"rendered":"Air Small Foot - Fu\u00df f\u00fcr M\u00f6beldesign"},"content":{"rendered":"<p>Um M\u00f6bel und Schr\u00e4nke individuell zu gestalten, ist es ideal, wenn Sie sich f\u00fcr einige <strong>solide und robuste F\u00fc\u00dfe<\/strong>die aber perfekt in den Stil des eigenen Hauses passen.<\/p>\n<p>In der Tat sind die F\u00fc\u00dfe dieses einzigartige und erkennbare Detail, das es erm\u00f6glicht, R\u00e4ume einheitlich zu gestalten, ohne dabei auf Eleganz zu verzichten.<\/p>\n<p><strong>Air Small Fu\u00df von Polideas<\/strong> ist dank seines leichten und luftigen Designs die ideale Erg\u00e4nzung zu moderneren M\u00f6beln, aber auch um traditionelleren M\u00f6beln das gewisse Etwas zu verleihen.<\/p>\n<p>Erh\u00e4ltlich in transparenter Ausf\u00fchrung, <strong>Air Small hat eine H\u00f6he von 130 mm.<\/strong><\/p>","protected":false},"excerpt":{"rendered":"<p>Per personalizzare mobili e mobiletti, l\u2019ideale \u00e8 puntare su dei piedini solidi e robusti, ma che si adattino perfettamente allo stile della propria casa. I piedini rappresentano infatti quel dettaglio unico e riconoscibile che permette di uniformare gli ambienti senza rinunciare all\u2019eleganza. Piedino Air Small di Polideas \u00e8 il complemento ideale dei mobili pi\u00f9 moderni, [&#8230;]\n","protected":false},"featured_media":13861,"comment_status":"closed","ping_status":"closed","template":"","meta":{"_acf_changed":false},"product_brand":[],"product_cat":[58],"product_tag":[3358,3359,3360,3361,3362,3363,3364,3410],"class_list":{"0":"post-10698","1":"product","2":"type-product","3":"status-publish","4":"has-post-thumbnail","6":"product_cat-piedini-e-piedi-mobili","7":"product_tag-piede-per-mobile","8":"product_tag-piedini-per-mobili","9":"product_tag-piedino-design-mobile","10":"product_tag-piedino-mobile","11":"product_tag-piedino-mobile-cucina","12":"product_tag-piedino-mobile-salotto","13":"product_tag-piedino-mobile-soggiorno","14":"product_tag-piedino-mobile-trasparente","16":"first","17":"instock","18":"taxable","19":"shipping-taxable","20":"purchasable","21":"product-type-simple"},"acf":[],"_links":{"self":[{"href":"http:\/\/www.polideas.it\/de\/wp-json\/wp\/v2\/product\/10698","targetHints":{"allow":["GET"]}}],"collection":[{"href":"http:\/\/www.polideas.it\/de\/wp-json\/wp\/v2\/product"}],"about":[{"href":"http:\/\/www.polideas.it\/de\/wp-json\/wp\/v2\/types\/product"}],"replies":[{"embeddable":true,"href":"http:\/\/www.polideas.it\/de\/wp-json\/wp\/v2\/comments?post=10698"}],"wp:featuredmedia":[{"embeddable":true,"href":"http:\/\/www.polideas.it\/de\/wp-json\/wp\/v2\/media\/13861"}],"wp:attachment":[{"href":"http:\/\/www.polideas.it\/de\/wp-json\/wp\/v2\/media?parent=10698"}],"wp:term":[{"taxonomy":"product_brand","embeddable":true,"href":"http:\/\/www.polideas.it\/de\/wp-json\/wp\/v2\/product_brand?post=10698"},{"taxonomy":"product_cat","embeddable":true,"href":"http:\/\/www.polideas.it\/de\/wp-json\/wp\/v2\/product_cat?post=10698"},{"taxonomy":"product_tag","embeddable":true,"href":"http:\/\/www.polideas.it\/de\/wp-json\/wp\/v2\/product_tag?post=10698"}],"curies":[{"name":"wp","href":"https:\/\/api.w.org\/{rel}","templated":true}]}}